{"id":514,"date":"2020-04-19T12:28:51","date_gmt":"2020-04-19T09:28:51","guid":{"rendered":"https:\/\/claro.fi\/en\/?page_id=514"},"modified":"2020-06-04T18:03:36","modified_gmt":"2020-06-04T15:03:36","slug":"claro-time-management","status":"publish","type":"page","link":"https:\/\/claro.fi\/en\/claro-tools\/claro-time-management\/","title":{"rendered":"CLARO time management"},"content":{"rendered":"\n<div class=\"wp-block-group ticss-68240b31\"><div class=\"wp-block-group__inner-container is-layout-flow wp-block-group-is-layout-flow\">\n<h2 class=\"has-text-align-left wp-block-heading\"><strong><strong>CLARO&nbsp;Time&nbsp;Management&nbsp;&#8211; Creating more time&nbsp;in&nbsp;your day<\/strong><\/strong><\/h2>\n\n\n\n<div style=\"height:40px\" aria-hidden=\"true\" class=\"wp-block-spacer\"><\/div>\n\n\n\n<div class=\"wp-block-columns has-background row is-layout-flex wp-container-core-columns-is-layout-9d6595d7 wp-block-columns-is-layout-flex\" style=\"background-color:#f3f2f1\">\n<div class=\"wp-block-column col-md-6 ml-0 bigger-padding is-layout-flow wp-block-column-is-layout-flow\">\n<div style=\"height:20px\" aria-hidden=\"true\" class=\"wp-block-spacer\"><\/div>\n\n\n\n<h4 class=\"wp-block-heading\">What?<\/h4>\n\n\n\n<ul class=\"wp-block-list\"><li>Reducing stress<\/li><li>Accomplishing more with less effort and time, improving productivity and efficiency<\/li><li>Enjoying your work more<\/li><li>Improving the quality of your work<\/li><li>Recognizing your personality style and opportunities for advancement and achieving your career goals<\/li><\/ul>\n\n\n\n<p><\/p>\n<\/div>\n\n\n\n<div class=\"wp-block-column col-md-6 ml-0 ticss-09f274e1 is-layout-flow wp-block-column-is-layout-flow\">\n<div class=\"wp-block-cover aligncenter ticss-def84ceb\" style=\"background-image:url(https:\/\/claro.fi\/en\/wp-content\/uploads\/sites\/3\/2020\/04\/claro-time-mit\u00e4-1.jpg);background-position:48% 24%;min-height:400px;aspect-ratio:unset;\"><div class=\"wp-block-cover__inner-container is-layout-flow wp-block-cover-is-layout-flow\">\n<p class=\"has-text-align-center has-large-font-size\"><\/p>\n<\/div><\/div>\n<\/div>\n<\/div>\n\n\n\n<div class=\"wp-block-columns has-background row is-layout-flex wp-container-core-columns-is-layout-9d6595d7 wp-block-columns-is-layout-flex\" style=\"background-color:#f3f2f1\">\n<div class=\"wp-block-column col-md-6 bigger-padding order-md-2 ml-0 ticss-ddb34009 is-layout-flow wp-block-column-is-layout-flow\">\n<div style=\"height:20px\" aria-hidden=\"true\" class=\"wp-block-spacer\"><\/div>\n\n\n\n<h4 class=\"wp-block-heading\">Why?<\/h4>\n\n\n\n<ul class=\"wp-block-list\"><li>You\u00b4d like to be more efficient and accomplish more at work and improve your management team work<\/li><li>There are too many interruptions, emails and ineffective meetings at work<\/li><li>You feel you are always rushing, completing tasks at the last minute and forgetting things&nbsp;&nbsp;<\/li><li>You\u00b4d love to have better work \u2013life balance<\/li><\/ul>\n\n\n\n<div style=\"height:20px\" aria-hidden=\"true\" class=\"wp-block-spacer\"><\/div>\n\n\n\n<p><\/p>\n<\/div>\n\n\n\n<div class=\"wp-block-column col-md-6 order-md-1 ml-0 ticss-2f7608b7 is-layout-flow wp-block-column-is-layout-flow\">\n<div class=\"wp-block-cover aligncenter\" style=\"background-image:url(https:\/\/claro.fi\/en\/wp-content\/uploads\/sites\/3\/2020\/04\/claro-time-miksi-1.jpg);min-height:400px;aspect-ratio:unset;\"><div class=\"wp-block-cover__inner-container is-layout-flow wp-block-cover-is-layout-flow\">\n<p class=\"has-text-align-center has-large-font-size\"><\/p>\n<\/div><\/div>\n<\/div>\n<\/div>\n\n\n\n<div class=\"wp-block-columns has-background row is-layout-flex wp-container-core-columns-is-layout-9d6595d7 wp-block-columns-is-layout-flex\" style=\"background-color:#f3f2f1\">\n<div class=\"wp-block-column col-md-6 bigger-padding ml-0 ticss-88272bd3 is-layout-flow wp-block-column-is-layout-flow\">\n<div style=\"height:20px\" aria-hidden=\"true\" class=\"wp-block-spacer\"><\/div>\n\n\n\n<h4 class=\"wp-block-heading\">How?<\/h4>\n\n\n\n<ul class=\"wp-block-list\"><li>You\u2019ll learn a simple method to effectively manage your time<\/li><li>You\u00b4ll get your Narrative Big 5 personality profile and learn how your personality affects your work style and performance<\/li><li>You\u00b4ll learn to use your personal strengths and be more aware of your challenges<\/li><li>Claro Time Management includes your Narrative Big 5 personality profile, time management skills analysis, 3 sparring meetings (1,5 h each), assignments and follow-up<\/li><\/ul>\n\n\n\n<p><\/p>\n<\/div>\n\n\n\n<div class=\"wp-block-column col-md-6 ml-0 ticss-3aca78d3 is-layout-flow wp-block-column-is-layout-flow\">\n<div class=\"wp-block-cover aligncenter\" style=\"background-image:url(https:\/\/claro.fi\/en\/wp-content\/uploads\/sites\/3\/2020\/04\/claro-time-miten-1.jpg);min-height:400px;aspect-ratio:unset;\"><div class=\"wp-block-cover__inner-container is-layout-flow wp-block-cover-is-layout-flow\">\n<p class=\"has-text-align-center has-large-font-size\"><\/p>\n<\/div><\/div>\n<\/div>\n<\/div>\n\n\n\n<style>.container-page-content .wp-block-columns.has-background {padding: 0px;}.wp-block-columns {margin-bottom: 0px!important;}@media (max-width: 781px) and (min-width: 600px) {\n\t.wp-block-column {\n\t\tflex-basis: inherit!important;}}<\/style>\n<\/div><\/div>\n","protected":false},"excerpt":{"rendered":"<p>CLARO&nbsp;Time&nbsp;Management&nbsp;&#8211; Creating more time&nbsp;in&nbsp;your day What? Reducing stress Accomplishing more with less effort and time, improving productivity and efficiency Enjoying your work more Improving the quality of your work Recognizing your personality style and opportunities for advancement and achieving your career goals Why? You\u00b4d like to be more efficient and accomplish more at work and [&hellip;]<\/p>\n","protected":false},"author":1,"featured_media":950,"parent":24,"menu_order":60,"comment_status":"closed","ping_status":"closed","template":"keskitetty-sisalto-sivupohja.php","meta":{"_acf_changed":false,"_uag_custom_page_level_css":"","footnotes":""},"class_list":["post-514","page","type-page","status-publish","has-post-thumbnail","hentry"],"acf":[],"yoast_head":"<!-- This site is optimized with the Yoast SEO plugin v27.3 - https:\/\/yoast.com\/product\/yoast-seo-wordpress\/ -->\n<title>CLARO time management - Claro Leaders Oy - EN<\/title>\n<meta name=\"robots\" content=\"index, follow, max-snippet:-1, max-image-preview:large, max-video-preview:-1\" \/>\n<link rel=\"canonical\" href=\"https:\/\/claro.fi\/en\/claro-tools\/claro-time-management\/\" \/>\n<meta property=\"og:locale\" content=\"en_US\" \/>\n<meta property=\"og:type\" content=\"article\" \/>\n<meta property=\"og:title\" content=\"CLARO time management - Claro Leaders Oy - EN\" \/>\n<meta property=\"og:description\" content=\"CLARO&nbsp;Time&nbsp;Management&nbsp;&#8211; Creating more time&nbsp;in&nbsp;your day What? Reducing stress Accomplishing more with less effort and time, improving productivity and efficiency Enjoying your work more Improving the quality of your work Recognizing your personality style and opportunities for advancement and achieving your career goals Why? You\u00b4d like to be more efficient and accomplish more at work and [&hellip;]\" \/>\n<meta property=\"og:url\" content=\"https:\/\/claro.fi\/en\/claro-tools\/claro-time-management\/\" \/>\n<meta property=\"og:site_name\" content=\"Claro Leaders Oy - EN\" \/>\n<meta property=\"article:modified_time\" content=\"2020-06-04T15:03:36+00:00\" \/>\n<meta property=\"og:image\" content=\"https:\/\/claro.fi\/en\/wp-content\/uploads\/sites\/3\/2020\/04\/Claro-time-paakuva.jpg\" \/>\n\t<meta property=\"og:image:width\" content=\"968\" \/>\n\t<meta property=\"og:image:height\" content=\"600\" \/>\n\t<meta property=\"og:image:type\" content=\"image\/jpeg\" \/>\n<meta name=\"twitter:card\" content=\"summary_large_image\" \/>\n<meta name=\"twitter:label1\" content=\"Est. reading time\" \/>\n\t<meta name=\"twitter:data1\" content=\"1 minute\" \/>\n<script type=\"application\/ld+json\" class=\"yoast-schema-graph\">{\"@context\":\"https:\\\/\\\/schema.org\",\"@graph\":[{\"@type\":\"WebPage\",\"@id\":\"https:\\\/\\\/claro.fi\\\/en\\\/claro-tools\\\/claro-time-management\\\/\",\"url\":\"https:\\\/\\\/claro.fi\\\/en\\\/claro-tools\\\/claro-time-management\\\/\",\"name\":\"CLARO time management - Claro Leaders Oy - EN\",\"isPartOf\":{\"@id\":\"\\\/#website\"},\"primaryImageOfPage\":{\"@id\":\"https:\\\/\\\/claro.fi\\\/en\\\/claro-tools\\\/claro-time-management\\\/#primaryimage\"},\"image\":{\"@id\":\"https:\\\/\\\/claro.fi\\\/en\\\/claro-tools\\\/claro-time-management\\\/#primaryimage\"},\"thumbnailUrl\":\"https:\\\/\\\/claro.fi\\\/en\\\/wp-content\\\/uploads\\\/sites\\\/3\\\/2020\\\/04\\\/Claro-time-paakuva.jpg\",\"datePublished\":\"2020-04-19T09:28:51+00:00\",\"dateModified\":\"2020-06-04T15:03:36+00:00\",\"breadcrumb\":{\"@id\":\"https:\\\/\\\/claro.fi\\\/en\\\/claro-tools\\\/claro-time-management\\\/#breadcrumb\"},\"inLanguage\":\"en-US\",\"potentialAction\":[{\"@type\":\"ReadAction\",\"target\":[\"https:\\\/\\\/claro.fi\\\/en\\\/claro-tools\\\/claro-time-management\\\/\"]}]},{\"@type\":\"ImageObject\",\"inLanguage\":\"en-US\",\"@id\":\"https:\\\/\\\/claro.fi\\\/en\\\/claro-tools\\\/claro-time-management\\\/#primaryimage\",\"url\":\"https:\\\/\\\/claro.fi\\\/en\\\/wp-content\\\/uploads\\\/sites\\\/3\\\/2020\\\/04\\\/Claro-time-paakuva.jpg\",\"contentUrl\":\"https:\\\/\\\/claro.fi\\\/en\\\/wp-content\\\/uploads\\\/sites\\\/3\\\/2020\\\/04\\\/Claro-time-paakuva.jpg\",\"width\":968,\"height\":600},{\"@type\":\"BreadcrumbList\",\"@id\":\"https:\\\/\\\/claro.fi\\\/en\\\/claro-tools\\\/claro-time-management\\\/#breadcrumb\",\"itemListElement\":[{\"@type\":\"ListItem\",\"position\":1,\"name\":\"Home\",\"item\":\"https:\\\/\\\/claro.fi\\\/en\\\/\"},{\"@type\":\"ListItem\",\"position\":2,\"name\":\"Claro tools\",\"item\":\"https:\\\/\\\/claro.fi\\\/en\\\/claro-tools\\\/\"},{\"@type\":\"ListItem\",\"position\":3,\"name\":\"CLARO time management\"}]},{\"@type\":\"WebSite\",\"@id\":\"\\\/#website\",\"url\":\"\\\/\",\"name\":\"Claro Leaders Oy - EN\",\"description\":\"Claro Leaders Oy on erikoistunut hallitus- ja johtoryhm\u00e4ty\u00f6n mittaamiseen ja kehitt\u00e4miseen\",\"potentialAction\":[{\"@type\":\"SearchAction\",\"target\":{\"@type\":\"EntryPoint\",\"urlTemplate\":\"\\\/?s={search_term_string}\"},\"query-input\":{\"@type\":\"PropertyValueSpecification\",\"valueRequired\":true,\"valueName\":\"search_term_string\"}}],\"inLanguage\":\"en-US\"}]}<\/script>\n<!-- \/ Yoast SEO plugin. -->","yoast_head_json":{"title":"CLARO time management - Claro Leaders Oy - EN","robots":{"index":"index","follow":"follow","max-snippet":"max-snippet:-1","max-image-preview":"max-image-preview:large","max-video-preview":"max-video-preview:-1"},"canonical":"https:\/\/claro.fi\/en\/claro-tools\/claro-time-management\/","og_locale":"en_US","og_type":"article","og_title":"CLARO time management - Claro Leaders Oy - EN","og_description":"CLARO&nbsp;Time&nbsp;Management&nbsp;&#8211; Creating more time&nbsp;in&nbsp;your day What? Reducing stress Accomplishing more with less effort and time, improving productivity and efficiency Enjoying your work more Improving the quality of your work Recognizing your personality style and opportunities for advancement and achieving your career goals Why? You\u00b4d like to be more efficient and accomplish more at work and [&hellip;]","og_url":"https:\/\/claro.fi\/en\/claro-tools\/claro-time-management\/","og_site_name":"Claro Leaders Oy - EN","article_modified_time":"2020-06-04T15:03:36+00:00","og_image":[{"width":968,"height":600,"url":"https:\/\/claro.fi\/en\/wp-content\/uploads\/sites\/3\/2020\/04\/Claro-time-paakuva.jpg","type":"image\/jpeg"}],"twitter_card":"summary_large_image","twitter_misc":{"Est. reading time":"1 minute"},"schema":{"@context":"https:\/\/schema.org","@graph":[{"@type":"WebPage","@id":"https:\/\/claro.fi\/en\/claro-tools\/claro-time-management\/","url":"https:\/\/claro.fi\/en\/claro-tools\/claro-time-management\/","name":"CLARO time management - Claro Leaders Oy - EN","isPartOf":{"@id":"\/#website"},"primaryImageOfPage":{"@id":"https:\/\/claro.fi\/en\/claro-tools\/claro-time-management\/#primaryimage"},"image":{"@id":"https:\/\/claro.fi\/en\/claro-tools\/claro-time-management\/#primaryimage"},"thumbnailUrl":"https:\/\/claro.fi\/en\/wp-content\/uploads\/sites\/3\/2020\/04\/Claro-time-paakuva.jpg","datePublished":"2020-04-19T09:28:51+00:00","dateModified":"2020-06-04T15:03:36+00:00","breadcrumb":{"@id":"https:\/\/claro.fi\/en\/claro-tools\/claro-time-management\/#breadcrumb"},"inLanguage":"en-US","potentialAction":[{"@type":"ReadAction","target":["https:\/\/claro.fi\/en\/claro-tools\/claro-time-management\/"]}]},{"@type":"ImageObject","inLanguage":"en-US","@id":"https:\/\/claro.fi\/en\/claro-tools\/claro-time-management\/#primaryimage","url":"https:\/\/claro.fi\/en\/wp-content\/uploads\/sites\/3\/2020\/04\/Claro-time-paakuva.jpg","contentUrl":"https:\/\/claro.fi\/en\/wp-content\/uploads\/sites\/3\/2020\/04\/Claro-time-paakuva.jpg","width":968,"height":600},{"@type":"BreadcrumbList","@id":"https:\/\/claro.fi\/en\/claro-tools\/claro-time-management\/#breadcrumb","itemListElement":[{"@type":"ListItem","position":1,"name":"Home","item":"https:\/\/claro.fi\/en\/"},{"@type":"ListItem","position":2,"name":"Claro tools","item":"https:\/\/claro.fi\/en\/claro-tools\/"},{"@type":"ListItem","position":3,"name":"CLARO time management"}]},{"@type":"WebSite","@id":"\/#website","url":"\/","name":"Claro Leaders Oy - EN","description":"Claro Leaders Oy on erikoistunut hallitus- ja johtoryhm\u00e4ty\u00f6n mittaamiseen ja kehitt\u00e4miseen","potentialAction":[{"@type":"SearchAction","target":{"@type":"EntryPoint","urlTemplate":"\/?s={search_term_string}"},"query-input":{"@type":"PropertyValueSpecification","valueRequired":true,"valueName":"search_term_string"}}],"inLanguage":"en-US"}]}},"uagb_featured_image_src":{"full":["https:\/\/claro.fi\/en\/wp-content\/uploads\/sites\/3\/2020\/04\/Claro-time-paakuva.jpg",968,600,false],"thumbnail":["https:\/\/claro.fi\/en\/wp-content\/uploads\/sites\/3\/2020\/04\/Claro-time-paakuva-150x150.jpg",150,150,true],"medium":["https:\/\/claro.fi\/en\/wp-content\/uploads\/sites\/3\/2020\/04\/Claro-time-paakuva-300x186.jpg",300,186,true],"medium_large":["https:\/\/claro.fi\/en\/wp-content\/uploads\/sites\/3\/2020\/04\/Claro-time-paakuva-768x476.jpg",768,476,true],"large":["https:\/\/claro.fi\/en\/wp-content\/uploads\/sites\/3\/2020\/04\/Claro-time-paakuva.jpg",968,600,false],"1536x1536":["https:\/\/claro.fi\/en\/wp-content\/uploads\/sites\/3\/2020\/04\/Claro-time-paakuva.jpg",968,600,false],"2048x2048":["https:\/\/claro.fi\/en\/wp-content\/uploads\/sites\/3\/2020\/04\/Claro-time-paakuva.jpg",968,600,false]},"uagb_author_info":{"display_name":"admin","author_link":"https:\/\/claro.fi\/en\/news-and-blog\/author\/admin\/"},"uagb_comment_info":0,"uagb_excerpt":"CLARO&nbsp;Time&nbsp;Management&nbsp;&#8211; Creating more time&nbsp;in&nbsp;your day What? Reducing stress Accomplishing more with less effort and time, improving productivity and efficiency Enjoying your work more Improving the quality of your work Recognizing your personality style and opportunities for advancement and achieving your career goals Why? You\u00b4d like to be more efficient and accomplish more at work and&hellip;","_links":{"self":[{"href":"https:\/\/claro.fi\/en\/wp-json\/wp\/v2\/pages\/514","targetHints":{"allow":["GET"]}}],"collection":[{"href":"https:\/\/claro.fi\/en\/wp-json\/wp\/v2\/pages"}],"about":[{"href":"https:\/\/claro.fi\/en\/wp-json\/wp\/v2\/types\/page"}],"author":[{"embeddable":true,"href":"https:\/\/claro.fi\/en\/wp-json\/wp\/v2\/users\/1"}],"replies":[{"embeddable":true,"href":"https:\/\/claro.fi\/en\/wp-json\/wp\/v2\/comments?post=514"}],"version-history":[{"count":23,"href":"https:\/\/claro.fi\/en\/wp-json\/wp\/v2\/pages\/514\/revisions"}],"predecessor-version":[{"id":1824,"href":"https:\/\/claro.fi\/en\/wp-json\/wp\/v2\/pages\/514\/revisions\/1824"}],"up":[{"embeddable":true,"href":"https:\/\/claro.fi\/en\/wp-json\/wp\/v2\/pages\/24"}],"wp:featuredmedia":[{"embeddable":true,"href":"https:\/\/claro.fi\/en\/wp-json\/wp\/v2\/media\/950"}],"wp:attachment":[{"href":"https:\/\/claro.fi\/en\/wp-json\/wp\/v2\/media?parent=514"}],"curies":[{"name":"wp","href":"https:\/\/api.w.org\/{rel}","templated":true}]}}