{"id":512,"date":"2020-04-19T12:28:19","date_gmt":"2020-04-19T09:28:19","guid":{"rendered":"https:\/\/claro.fi\/en\/?page_id=512"},"modified":"2020-06-04T18:02:02","modified_gmt":"2020-06-04T15:02:02","slug":"claro-emotions","status":"publish","type":"page","link":"https:\/\/claro.fi\/en\/claro-tools\/claro-emotions\/","title":{"rendered":"CLARO emotions"},"content":{"rendered":"\n<div class=\"wp-block-group ticss-68240b31\"><div class=\"wp-block-group__inner-container is-layout-flow wp-block-group-is-layout-flow\">\n<h2 class=\"has-text-align-left wp-block-heading\"><strong><strong>CLARO Emotions \u2013 leading with emotion<\/strong><\/strong><\/h2>\n\n\n\n<div style=\"height:40px\" aria-hidden=\"true\" class=\"wp-block-spacer\"><\/div>\n\n\n\n<div class=\"wp-block-columns has-background row is-layout-flex wp-container-core-columns-is-layout-9d6595d7 wp-block-columns-is-layout-flex\" style=\"background-color:#f3f2f1\">\n<div class=\"wp-block-column col-md-6 ml-0 bigger-padding is-layout-flow wp-block-column-is-layout-flow\">\n<div style=\"height:20px\" aria-hidden=\"true\" class=\"wp-block-spacer\"><\/div>\n\n\n\n<h4 class=\"wp-block-heading\">WHAT?<\/h4>\n\n\n\n<ul class=\"wp-block-list\"><li>To learn about the importance of emotions and how to manage them<\/li><li>To learn a scientific based and very practical way to manage emotions &nbsp;<\/li><li>To improve and create an emotional environment that will help to achieve the goals of your organization<\/li><\/ul>\n\n\n\n<p><\/p>\n<\/div>\n\n\n\n<div class=\"wp-block-column col-md-6 ml-0 ticss-09f274e1 is-layout-flow wp-block-column-is-layout-flow\">\n<div class=\"wp-block-cover aligncenter ticss-def84ceb\" style=\"background-image:url(https:\/\/claro.fi\/en\/wp-content\/uploads\/sites\/3\/2020\/04\/Claro-tunteet-mit\u00e4-uusirajaus.jpg);background-position:16% 28%;min-height:400px;aspect-ratio:unset;\"><div class=\"wp-block-cover__inner-container is-layout-flow wp-block-cover-is-layout-flow\">\n<p class=\"has-text-align-center has-large-font-size\"><\/p>\n<\/div><\/div>\n<\/div>\n<\/div>\n\n\n\n<div class=\"wp-block-columns has-background row is-layout-flex wp-container-core-columns-is-layout-9d6595d7 wp-block-columns-is-layout-flex\" style=\"background-color:#f3f2f1\">\n<div class=\"wp-block-column col-md-6 order-md-2 bigger-padding ml-0 ticss-ddb34009 is-layout-flow wp-block-column-is-layout-flow\">\n<div style=\"height:20px\" aria-hidden=\"true\" class=\"wp-block-spacer\"><\/div>\n\n\n\n<h4 class=\"wp-block-heading\">WHY?<\/h4>\n\n\n\n<ul class=\"wp-block-list\"><li>Happy employees bring 40% more revenue than unhappy employees &nbsp;<\/li><li>Emotional environment of the workplace impacts the productivity, performance and bottom line<\/li><li>The top management and senior leaders play a central role in defining the environmental culture of the company \u2013 it can explain up to 50-70% of the emotional environment of the organization<\/li><li>Organizations with positive leadership team environment are more productive and make more profit<\/li><li>75% of the management mistakes are related to managing emotions<\/li><\/ul>\n\n\n\n<p><\/p>\n<\/div>\n\n\n\n<div class=\"wp-block-column col-md-6 order-md-1 ml-0 ticss-2f7608b7 is-layout-flow wp-block-column-is-layout-flow\">\n<div class=\"wp-block-cover aligncenter\" style=\"background-image:url(https:\/\/claro.fi\/en\/wp-content\/uploads\/sites\/3\/2020\/04\/claro-tunteet-miksi-uusirajaus.jpg);min-height:400px;aspect-ratio:unset;\"><div class=\"wp-block-cover__inner-container is-layout-flow wp-block-cover-is-layout-flow\">\n<p class=\"has-text-align-center has-large-font-size\"><\/p>\n<\/div><\/div>\n<\/div>\n<\/div>\n\n\n\n<div class=\"wp-block-columns has-background row is-layout-flex wp-container-core-columns-is-layout-9d6595d7 wp-block-columns-is-layout-flex\" style=\"background-color:#f3f2f1\">\n<div class=\"wp-block-column col-md-6 ml-0 bigger-padding ticss-88272bd3 is-layout-flow wp-block-column-is-layout-flow\">\n<div style=\"height:20px\" aria-hidden=\"true\" class=\"wp-block-spacer\"><\/div>\n\n\n\n<h4 class=\"wp-block-heading\">HOW?<\/h4>\n\n\n\n<p>Claro leadership and leadership team development begins with review of the current situation and issues. Every company is unique and therefore we create a customized solution to match the needs of the situation. Here below is one example. <\/p>\n\n\n\n<p><strong><strong>Leadership team, strategy and emotions<\/strong><\/strong><\/p>\n\n\n\n<ul class=\"wp-block-list\"><li>Choosing 2-3 important strategic themes<\/li><li>Analyzing what emotions these themes arise and how do these emotions impact the implementation of the strategy.<\/li><li>Analyzing what emotions would be needed to support the implementation of the strategy.<\/li><li>Make a plan for how to \u00a0create these emotions and how to use them to reach the goals of the organization<\/li><\/ul>\n\n\n\n<p><\/p>\n<\/div>\n\n\n\n<div class=\"wp-block-column col-md-6 ml-0 ticss-3aca78d3 is-layout-flow wp-block-column-is-layout-flow\">\n<div class=\"wp-block-cover aligncenter\" style=\"background-image:url(https:\/\/claro.fi\/en\/wp-content\/uploads\/sites\/3\/2020\/04\/claro-tunteet-miten.jpg);background-position:47% 24%;min-height:400px;aspect-ratio:unset;\"><div class=\"wp-block-cover__inner-container is-layout-flow wp-block-cover-is-layout-flow\">\n<p class=\"has-text-align-center has-large-font-size\"><\/p>\n<\/div><\/div>\n<\/div>\n<\/div>\n\n\n\n<style>.container-page-content .wp-block-columns.has-background {padding: 0px;}.wp-block-columns {margin-bottom: 0px!important;}@media (max-width: 781px) and (min-width: 600px) {\n\t.wp-block-column {\n\t\tflex-basis: inherit!important;}}<\/style>\n<\/div><\/div>\n","protected":false},"excerpt":{"rendered":"<p>CLARO Emotions \u2013 leading with emotion WHAT? To learn about the importance of emotions and how to manage them To learn a scientific based and very practical way to manage emotions &nbsp; To improve and create an emotional environment that will help to achieve the goals of your organization WHY? Happy employees bring 40% more [&hellip;]<\/p>\n","protected":false},"author":1,"featured_media":690,"parent":24,"menu_order":0,"comment_status":"closed","ping_status":"closed","template":"keskitetty-sisalto-sivupohja.php","meta":{"_acf_changed":false,"_uag_custom_page_level_css":"","footnotes":""},"class_list":["post-512","page","type-page","status-publish","has-post-thumbnail","hentry"],"acf":[],"yoast_head":"<!-- This site is optimized with the Yoast SEO plugin v27.4 - https:\/\/yoast.com\/product\/yoast-seo-wordpress\/ -->\n<title>CLARO emotions - Claro Leaders Oy - EN<\/title>\n<meta name=\"robots\" content=\"index, follow, max-snippet:-1, max-image-preview:large, max-video-preview:-1\" \/>\n<link rel=\"canonical\" href=\"https:\/\/claro.fi\/en\/claro-tools\/claro-emotions\/\" \/>\n<meta property=\"og:locale\" content=\"en_US\" \/>\n<meta property=\"og:type\" content=\"article\" \/>\n<meta property=\"og:title\" content=\"CLARO emotions - Claro Leaders Oy - EN\" \/>\n<meta property=\"og:description\" content=\"CLARO Emotions \u2013 leading with emotion WHAT? To learn about the importance of emotions and how to manage them To learn a scientific based and very practical way to manage emotions &nbsp; To improve and create an emotional environment that will help to achieve the goals of your organization WHY? Happy employees bring 40% more [&hellip;]\" \/>\n<meta property=\"og:url\" content=\"https:\/\/claro.fi\/en\/claro-tools\/claro-emotions\/\" \/>\n<meta property=\"og:site_name\" content=\"Claro Leaders Oy - EN\" \/>\n<meta property=\"article:modified_time\" content=\"2020-06-04T15:02:02+00:00\" \/>\n<meta property=\"og:image\" content=\"https:\/\/claro.fi\/en\/wp-content\/uploads\/sites\/3\/2020\/04\/claro-tunne-p\u00e4\u00e4kuva.jpg\" \/>\n\t<meta property=\"og:image:width\" content=\"1920\" \/>\n\t<meta property=\"og:image:height\" content=\"650\" \/>\n\t<meta property=\"og:image:type\" content=\"image\/jpeg\" \/>\n<meta name=\"twitter:card\" content=\"summary_large_image\" \/>\n<meta name=\"twitter:label1\" content=\"Est. reading time\" \/>\n\t<meta name=\"twitter:data1\" content=\"1 minute\" \/>\n<script type=\"application\/ld+json\" class=\"yoast-schema-graph\">{\"@context\":\"https:\\\/\\\/schema.org\",\"@graph\":[{\"@type\":\"WebPage\",\"@id\":\"https:\\\/\\\/claro.fi\\\/en\\\/claro-tools\\\/claro-emotions\\\/\",\"url\":\"https:\\\/\\\/claro.fi\\\/en\\\/claro-tools\\\/claro-emotions\\\/\",\"name\":\"CLARO emotions - Claro Leaders Oy - EN\",\"isPartOf\":{\"@id\":\"\\\/#website\"},\"primaryImageOfPage\":{\"@id\":\"https:\\\/\\\/claro.fi\\\/en\\\/claro-tools\\\/claro-emotions\\\/#primaryimage\"},\"image\":{\"@id\":\"https:\\\/\\\/claro.fi\\\/en\\\/claro-tools\\\/claro-emotions\\\/#primaryimage\"},\"thumbnailUrl\":\"https:\\\/\\\/claro.fi\\\/en\\\/wp-content\\\/uploads\\\/sites\\\/3\\\/2020\\\/04\\\/claro-tunne-p\u00e4\u00e4kuva.jpg\",\"datePublished\":\"2020-04-19T09:28:19+00:00\",\"dateModified\":\"2020-06-04T15:02:02+00:00\",\"breadcrumb\":{\"@id\":\"https:\\\/\\\/claro.fi\\\/en\\\/claro-tools\\\/claro-emotions\\\/#breadcrumb\"},\"inLanguage\":\"en-US\",\"potentialAction\":[{\"@type\":\"ReadAction\",\"target\":[\"https:\\\/\\\/claro.fi\\\/en\\\/claro-tools\\\/claro-emotions\\\/\"]}]},{\"@type\":\"ImageObject\",\"inLanguage\":\"en-US\",\"@id\":\"https:\\\/\\\/claro.fi\\\/en\\\/claro-tools\\\/claro-emotions\\\/#primaryimage\",\"url\":\"https:\\\/\\\/claro.fi\\\/en\\\/wp-content\\\/uploads\\\/sites\\\/3\\\/2020\\\/04\\\/claro-tunne-p\u00e4\u00e4kuva.jpg\",\"contentUrl\":\"https:\\\/\\\/claro.fi\\\/en\\\/wp-content\\\/uploads\\\/sites\\\/3\\\/2020\\\/04\\\/claro-tunne-p\u00e4\u00e4kuva.jpg\",\"width\":1920,\"height\":650},{\"@type\":\"BreadcrumbList\",\"@id\":\"https:\\\/\\\/claro.fi\\\/en\\\/claro-tools\\\/claro-emotions\\\/#breadcrumb\",\"itemListElement\":[{\"@type\":\"ListItem\",\"position\":1,\"name\":\"Home\",\"item\":\"https:\\\/\\\/claro.fi\\\/en\\\/\"},{\"@type\":\"ListItem\",\"position\":2,\"name\":\"Claro tools\",\"item\":\"https:\\\/\\\/claro.fi\\\/en\\\/claro-tools\\\/\"},{\"@type\":\"ListItem\",\"position\":3,\"name\":\"CLARO emotions\"}]},{\"@type\":\"WebSite\",\"@id\":\"\\\/#website\",\"url\":\"\\\/\",\"name\":\"Claro Leaders Oy - EN\",\"description\":\"Claro Leaders Oy on erikoistunut hallitus- ja johtoryhm\u00e4ty\u00f6n mittaamiseen ja kehitt\u00e4miseen\",\"potentialAction\":[{\"@type\":\"SearchAction\",\"target\":{\"@type\":\"EntryPoint\",\"urlTemplate\":\"\\\/?s={search_term_string}\"},\"query-input\":{\"@type\":\"PropertyValueSpecification\",\"valueRequired\":true,\"valueName\":\"search_term_string\"}}],\"inLanguage\":\"en-US\"}]}<\/script>\n<!-- \/ Yoast SEO plugin. -->","yoast_head_json":{"title":"CLARO emotions - Claro Leaders Oy - EN","robots":{"index":"index","follow":"follow","max-snippet":"max-snippet:-1","max-image-preview":"max-image-preview:large","max-video-preview":"max-video-preview:-1"},"canonical":"https:\/\/claro.fi\/en\/claro-tools\/claro-emotions\/","og_locale":"en_US","og_type":"article","og_title":"CLARO emotions - Claro Leaders Oy - EN","og_description":"CLARO Emotions \u2013 leading with emotion WHAT? To learn about the importance of emotions and how to manage them To learn a scientific based and very practical way to manage emotions &nbsp; To improve and create an emotional environment that will help to achieve the goals of your organization WHY? Happy employees bring 40% more [&hellip;]","og_url":"https:\/\/claro.fi\/en\/claro-tools\/claro-emotions\/","og_site_name":"Claro Leaders Oy - EN","article_modified_time":"2020-06-04T15:02:02+00:00","og_image":[{"width":1920,"height":650,"url":"https:\/\/claro.fi\/en\/wp-content\/uploads\/sites\/3\/2020\/04\/claro-tunne-p\u00e4\u00e4kuva.jpg","type":"image\/jpeg"}],"twitter_card":"summary_large_image","twitter_misc":{"Est. reading time":"1 minute"},"schema":{"@context":"https:\/\/schema.org","@graph":[{"@type":"WebPage","@id":"https:\/\/claro.fi\/en\/claro-tools\/claro-emotions\/","url":"https:\/\/claro.fi\/en\/claro-tools\/claro-emotions\/","name":"CLARO emotions - Claro Leaders Oy - EN","isPartOf":{"@id":"\/#website"},"primaryImageOfPage":{"@id":"https:\/\/claro.fi\/en\/claro-tools\/claro-emotions\/#primaryimage"},"image":{"@id":"https:\/\/claro.fi\/en\/claro-tools\/claro-emotions\/#primaryimage"},"thumbnailUrl":"https:\/\/claro.fi\/en\/wp-content\/uploads\/sites\/3\/2020\/04\/claro-tunne-p\u00e4\u00e4kuva.jpg","datePublished":"2020-04-19T09:28:19+00:00","dateModified":"2020-06-04T15:02:02+00:00","breadcrumb":{"@id":"https:\/\/claro.fi\/en\/claro-tools\/claro-emotions\/#breadcrumb"},"inLanguage":"en-US","potentialAction":[{"@type":"ReadAction","target":["https:\/\/claro.fi\/en\/claro-tools\/claro-emotions\/"]}]},{"@type":"ImageObject","inLanguage":"en-US","@id":"https:\/\/claro.fi\/en\/claro-tools\/claro-emotions\/#primaryimage","url":"https:\/\/claro.fi\/en\/wp-content\/uploads\/sites\/3\/2020\/04\/claro-tunne-p\u00e4\u00e4kuva.jpg","contentUrl":"https:\/\/claro.fi\/en\/wp-content\/uploads\/sites\/3\/2020\/04\/claro-tunne-p\u00e4\u00e4kuva.jpg","width":1920,"height":650},{"@type":"BreadcrumbList","@id":"https:\/\/claro.fi\/en\/claro-tools\/claro-emotions\/#breadcrumb","itemListElement":[{"@type":"ListItem","position":1,"name":"Home","item":"https:\/\/claro.fi\/en\/"},{"@type":"ListItem","position":2,"name":"Claro tools","item":"https:\/\/claro.fi\/en\/claro-tools\/"},{"@type":"ListItem","position":3,"name":"CLARO emotions"}]},{"@type":"WebSite","@id":"\/#website","url":"\/","name":"Claro Leaders Oy - EN","description":"Claro Leaders Oy on erikoistunut hallitus- ja johtoryhm\u00e4ty\u00f6n mittaamiseen ja kehitt\u00e4miseen","potentialAction":[{"@type":"SearchAction","target":{"@type":"EntryPoint","urlTemplate":"\/?s={search_term_string}"},"query-input":{"@type":"PropertyValueSpecification","valueRequired":true,"valueName":"search_term_string"}}],"inLanguage":"en-US"}]}},"uagb_featured_image_src":{"full":["https:\/\/claro.fi\/en\/wp-content\/uploads\/sites\/3\/2020\/04\/claro-tunne-p\u00e4\u00e4kuva.jpg",1920,650,false],"thumbnail":["https:\/\/claro.fi\/en\/wp-content\/uploads\/sites\/3\/2020\/04\/claro-tunne-p\u00e4\u00e4kuva-150x150.jpg",150,150,true],"medium":["https:\/\/claro.fi\/en\/wp-content\/uploads\/sites\/3\/2020\/04\/claro-tunne-p\u00e4\u00e4kuva-300x102.jpg",300,102,true],"medium_large":["https:\/\/claro.fi\/en\/wp-content\/uploads\/sites\/3\/2020\/04\/claro-tunne-p\u00e4\u00e4kuva-768x260.jpg",768,260,true],"large":["https:\/\/claro.fi\/en\/wp-content\/uploads\/sites\/3\/2020\/04\/claro-tunne-p\u00e4\u00e4kuva-1024x347.jpg",1024,347,true],"1536x1536":["https:\/\/claro.fi\/en\/wp-content\/uploads\/sites\/3\/2020\/04\/claro-tunne-p\u00e4\u00e4kuva-1536x520.jpg",1536,520,true],"2048x2048":["https:\/\/claro.fi\/en\/wp-content\/uploads\/sites\/3\/2020\/04\/claro-tunne-p\u00e4\u00e4kuva.jpg",1920,650,false]},"uagb_author_info":{"display_name":"admin","author_link":"https:\/\/claro.fi\/en\/news-and-blog\/author\/admin\/"},"uagb_comment_info":0,"uagb_excerpt":"CLARO Emotions \u2013 leading with emotion WHAT? To learn about the importance of emotions and how to manage them To learn a scientific based and very practical way to manage emotions &nbsp; To improve and create an emotional environment that will help to achieve the goals of your organization WHY? Happy employees bring 40% more&hellip;","_links":{"self":[{"href":"https:\/\/claro.fi\/en\/wp-json\/wp\/v2\/pages\/512","targetHints":{"allow":["GET"]}}],"collection":[{"href":"https:\/\/claro.fi\/en\/wp-json\/wp\/v2\/pages"}],"about":[{"href":"https:\/\/claro.fi\/en\/wp-json\/wp\/v2\/types\/page"}],"author":[{"embeddable":true,"href":"https:\/\/claro.fi\/en\/wp-json\/wp\/v2\/users\/1"}],"replies":[{"embeddable":true,"href":"https:\/\/claro.fi\/en\/wp-json\/wp\/v2\/comments?post=512"}],"version-history":[{"count":21,"href":"https:\/\/claro.fi\/en\/wp-json\/wp\/v2\/pages\/512\/revisions"}],"predecessor-version":[{"id":1822,"href":"https:\/\/claro.fi\/en\/wp-json\/wp\/v2\/pages\/512\/revisions\/1822"}],"up":[{"embeddable":true,"href":"https:\/\/claro.fi\/en\/wp-json\/wp\/v2\/pages\/24"}],"wp:featuredmedia":[{"embeddable":true,"href":"https:\/\/claro.fi\/en\/wp-json\/wp\/v2\/media\/690"}],"wp:attachment":[{"href":"https:\/\/claro.fi\/en\/wp-json\/wp\/v2\/media?parent=512"}],"curies":[{"name":"wp","href":"https:\/\/api.w.org\/{rel}","templated":true}]}}