{"id":436,"date":"2020-04-16T22:35:14","date_gmt":"2020-04-16T19:35:14","guid":{"rendered":"https:\/\/claro.fi\/en\/?page_id=436"},"modified":"2020-05-24T22:18:09","modified_gmt":"2020-05-24T19:18:09","slug":"martti-tyynismaa","status":"publish","type":"page","link":"https:\/\/claro.fi\/en\/claro\/our-people\/martti-tyynismaa\/","title":{"rendered":"Martti Tyynismaa"},"content":{"rendered":"\n<div class=\"wp-block-group\"><div class=\"wp-block-group__inner-container is-layout-flow wp-block-group-is-layout-flow\">\n<h3 class=\"has-text-color wp-block-heading\" style=\"color:#0b186b\">Martti Tyynismaa<\/h3>\n\n\n\n<p><em>Senior Consultant, MBA,\u00a0<em>Narrative Big Five Certified Professional<\/em><\/em><\/p>\n\n\n\n<p>&#8220;<em><em>Martti makes things happen with his organized, consistent and inspiring approach.\u00a0As an objective outsider Martti can help discovering alternative solutions, making sure things move forward and everyone\u00b4s on board and committed.<\/em><\/em>&#8220;<\/p>\n\n\n\n<h4 class=\"has-text-color wp-block-heading\" style=\"color:#4e6c86\">Clarity of experience<\/h4>\n\n\n\n<ul class=\"wp-block-list\"><li>Martti has extensive experience\u00a0in\u00a0coaching Board of Directors, senior management and leadership team members. So far he has been sparring over 140 organizations. \u00a0<\/li><li>During his career Martti has been working 23 years as bank manager, 10 years as coach and trainer and 22 years as a restaurant owner and developer &#8211; perfect balance between theory and practice. \u00a0<\/li><\/ul>\n\n\n\n<h4 class=\"has-text-color wp-block-heading\" style=\"color:#4e6c86\">Clarity of expertise<\/h4>\n\n\n\n<ul class=\"wp-block-list\"><li>Leadership, leadership team and individual development and performance assessment<\/li><li>Groups and subsidiaries, SME\u2019s, public sector organizations<\/li><\/ul>\n\n\n\n<h4 class=\"has-text-color wp-block-heading\" style=\"color:#4e6c86\">Clarity of leisure time<\/h4>\n\n\n\n<ul class=\"wp-block-list\"><li>Loves spending time with wife, three children and six grandchildren<\/li><li>3-4\u00a0Exercise classes\u00a0a week and 3-4 long walks a week takes care of well-being of the body and mind<\/li><li>Following different sports<\/li><\/ul>\n<\/div><\/div>\n","protected":false},"excerpt":{"rendered":"<p>Martti Tyynismaa Senior Consultant, MBA,\u00a0Narrative Big Five Certified Professional &#8220;Martti makes things happen with his organized, consistent and inspiring approach.\u00a0As an objective outsider Martti can help discovering alternative solutions, making sure things move forward and everyone\u00b4s on board and committed.&#8220; Clarity of experience Martti has extensive experience\u00a0in\u00a0coaching Board of Directors, senior management and leadership team [&hellip;]<\/p>\n","protected":false},"author":1,"featured_media":0,"parent":195,"menu_order":0,"comment_status":"closed","ping_status":"closed","template":"keskitetty-sisalto-sivupohja.php","meta":{"_acf_changed":false,"_uag_custom_page_level_css":"","footnotes":""},"class_list":["post-436","page","type-page","status-publish","hentry"],"acf":[],"yoast_head":"<!-- This site is optimized with the Yoast SEO plugin v27.4 - https:\/\/yoast.com\/product\/yoast-seo-wordpress\/ -->\n<title>Martti Tyynismaa - Claro Leaders Oy - EN<\/title>\n<meta name=\"robots\" content=\"index, follow, max-snippet:-1, max-image-preview:large, max-video-preview:-1\" \/>\n<link rel=\"canonical\" href=\"https:\/\/claro.fi\/en\/claro\/our-people\/martti-tyynismaa\/\" \/>\n<meta property=\"og:locale\" content=\"en_US\" \/>\n<meta property=\"og:type\" content=\"article\" \/>\n<meta property=\"og:title\" content=\"Martti Tyynismaa - Claro Leaders Oy - EN\" \/>\n<meta property=\"og:description\" content=\"Martti Tyynismaa Senior Consultant, MBA,\u00a0Narrative Big Five Certified Professional &#8220;Martti makes things happen with his organized, consistent and inspiring approach.\u00a0As an objective outsider Martti can help discovering alternative solutions, making sure things move forward and everyone\u00b4s on board and committed.&#8220; Clarity of experience Martti has extensive experience\u00a0in\u00a0coaching Board of Directors, senior management and leadership team [&hellip;]\" \/>\n<meta property=\"og:url\" content=\"https:\/\/claro.fi\/en\/claro\/our-people\/martti-tyynismaa\/\" \/>\n<meta property=\"og:site_name\" content=\"Claro Leaders Oy - EN\" \/>\n<meta property=\"article:modified_time\" content=\"2020-05-24T19:18:09+00:00\" \/>\n<meta property=\"og:image\" content=\"https:\/\/claro.fi\/en\/wp-content\/uploads\/sites\/3\/2020\/05\/claro-somejakokuva.png\" \/>\n\t<meta property=\"og:image:width\" content=\"1200\" \/>\n\t<meta property=\"og:image:height\" content=\"630\" \/>\n\t<meta property=\"og:image:type\" content=\"image\/png\" \/>\n<meta name=\"twitter:card\" content=\"summary_large_image\" \/>\n<meta name=\"twitter:label1\" content=\"Est. reading time\" \/>\n\t<meta name=\"twitter:data1\" content=\"1 minute\" \/>\n<script type=\"application\/ld+json\" class=\"yoast-schema-graph\">{\"@context\":\"https:\\\/\\\/schema.org\",\"@graph\":[{\"@type\":\"WebPage\",\"@id\":\"https:\\\/\\\/claro.fi\\\/en\\\/claro\\\/our-people\\\/martti-tyynismaa\\\/\",\"url\":\"https:\\\/\\\/claro.fi\\\/en\\\/claro\\\/our-people\\\/martti-tyynismaa\\\/\",\"name\":\"Martti Tyynismaa - Claro Leaders Oy - EN\",\"isPartOf\":{\"@id\":\"\\\/#website\"},\"datePublished\":\"2020-04-16T19:35:14+00:00\",\"dateModified\":\"2020-05-24T19:18:09+00:00\",\"breadcrumb\":{\"@id\":\"https:\\\/\\\/claro.fi\\\/en\\\/claro\\\/our-people\\\/martti-tyynismaa\\\/#breadcrumb\"},\"inLanguage\":\"en-US\",\"potentialAction\":[{\"@type\":\"ReadAction\",\"target\":[\"https:\\\/\\\/claro.fi\\\/en\\\/claro\\\/our-people\\\/martti-tyynismaa\\\/\"]}]},{\"@type\":\"BreadcrumbList\",\"@id\":\"https:\\\/\\\/claro.fi\\\/en\\\/claro\\\/our-people\\\/martti-tyynismaa\\\/#breadcrumb\",\"itemListElement\":[{\"@type\":\"ListItem\",\"position\":1,\"name\":\"Home\",\"item\":\"https:\\\/\\\/claro.fi\\\/en\\\/\"},{\"@type\":\"ListItem\",\"position\":2,\"name\":\"Claro\",\"item\":\"https:\\\/\\\/claro.fi\\\/en\\\/claro\\\/\"},{\"@type\":\"ListItem\",\"position\":3,\"name\":\"OUR PEOPLE\",\"item\":\"https:\\\/\\\/claro.fi\\\/en\\\/claro\\\/our-people\\\/\"},{\"@type\":\"ListItem\",\"position\":4,\"name\":\"Martti Tyynismaa\"}]},{\"@type\":\"WebSite\",\"@id\":\"\\\/#website\",\"url\":\"\\\/\",\"name\":\"Claro Leaders Oy - EN\",\"description\":\"Claro Leaders Oy on erikoistunut hallitus- ja johtoryhm\u00e4ty\u00f6n mittaamiseen ja kehitt\u00e4miseen\",\"potentialAction\":[{\"@type\":\"SearchAction\",\"target\":{\"@type\":\"EntryPoint\",\"urlTemplate\":\"\\\/?s={search_term_string}\"},\"query-input\":{\"@type\":\"PropertyValueSpecification\",\"valueRequired\":true,\"valueName\":\"search_term_string\"}}],\"inLanguage\":\"en-US\"}]}<\/script>\n<!-- \/ Yoast SEO plugin. -->","yoast_head_json":{"title":"Martti Tyynismaa - Claro Leaders Oy - EN","robots":{"index":"index","follow":"follow","max-snippet":"max-snippet:-1","max-image-preview":"max-image-preview:large","max-video-preview":"max-video-preview:-1"},"canonical":"https:\/\/claro.fi\/en\/claro\/our-people\/martti-tyynismaa\/","og_locale":"en_US","og_type":"article","og_title":"Martti Tyynismaa - Claro Leaders Oy - EN","og_description":"Martti Tyynismaa Senior Consultant, MBA,\u00a0Narrative Big Five Certified Professional &#8220;Martti makes things happen with his organized, consistent and inspiring approach.\u00a0As an objective outsider Martti can help discovering alternative solutions, making sure things move forward and everyone\u00b4s on board and committed.&#8220; Clarity of experience Martti has extensive experience\u00a0in\u00a0coaching Board of Directors, senior management and leadership team [&hellip;]","og_url":"https:\/\/claro.fi\/en\/claro\/our-people\/martti-tyynismaa\/","og_site_name":"Claro Leaders Oy - EN","article_modified_time":"2020-05-24T19:18:09+00:00","og_image":[{"width":1200,"height":630,"url":"https:\/\/claro.fi\/en\/wp-content\/uploads\/sites\/3\/2020\/05\/claro-somejakokuva.png","type":"image\/png"}],"twitter_card":"summary_large_image","twitter_misc":{"Est. reading time":"1 minute"},"schema":{"@context":"https:\/\/schema.org","@graph":[{"@type":"WebPage","@id":"https:\/\/claro.fi\/en\/claro\/our-people\/martti-tyynismaa\/","url":"https:\/\/claro.fi\/en\/claro\/our-people\/martti-tyynismaa\/","name":"Martti Tyynismaa - Claro Leaders Oy - EN","isPartOf":{"@id":"\/#website"},"datePublished":"2020-04-16T19:35:14+00:00","dateModified":"2020-05-24T19:18:09+00:00","breadcrumb":{"@id":"https:\/\/claro.fi\/en\/claro\/our-people\/martti-tyynismaa\/#breadcrumb"},"inLanguage":"en-US","potentialAction":[{"@type":"ReadAction","target":["https:\/\/claro.fi\/en\/claro\/our-people\/martti-tyynismaa\/"]}]},{"@type":"BreadcrumbList","@id":"https:\/\/claro.fi\/en\/claro\/our-people\/martti-tyynismaa\/#breadcrumb","itemListElement":[{"@type":"ListItem","position":1,"name":"Home","item":"https:\/\/claro.fi\/en\/"},{"@type":"ListItem","position":2,"name":"Claro","item":"https:\/\/claro.fi\/en\/claro\/"},{"@type":"ListItem","position":3,"name":"OUR PEOPLE","item":"https:\/\/claro.fi\/en\/claro\/our-people\/"},{"@type":"ListItem","position":4,"name":"Martti Tyynismaa"}]},{"@type":"WebSite","@id":"\/#website","url":"\/","name":"Claro Leaders Oy - EN","description":"Claro Leaders Oy on erikoistunut hallitus- ja johtoryhm\u00e4ty\u00f6n mittaamiseen ja kehitt\u00e4miseen","potentialAction":[{"@type":"SearchAction","target":{"@type":"EntryPoint","urlTemplate":"\/?s={search_term_string}"},"query-input":{"@type":"PropertyValueSpecification","valueRequired":true,"valueName":"search_term_string"}}],"inLanguage":"en-US"}]}},"uagb_featured_image_src":{"full":false,"thumbnail":false,"medium":false,"medium_large":false,"large":false,"1536x1536":false,"2048x2048":false},"uagb_author_info":{"display_name":"admin","author_link":"https:\/\/claro.fi\/en\/news-and-blog\/author\/admin\/"},"uagb_comment_info":0,"uagb_excerpt":"Martti Tyynismaa Senior Consultant, MBA,\u00a0Narrative Big Five Certified Professional &#8220;Martti makes things happen with his organized, consistent and inspiring approach.\u00a0As an objective outsider Martti can help discovering alternative solutions, making sure things move forward and everyone\u00b4s on board and committed.&#8220; Clarity of experience Martti has extensive experience\u00a0in\u00a0coaching Board of Directors, senior management and leadership team&hellip;","_links":{"self":[{"href":"https:\/\/claro.fi\/en\/wp-json\/wp\/v2\/pages\/436","targetHints":{"allow":["GET"]}}],"collection":[{"href":"https:\/\/claro.fi\/en\/wp-json\/wp\/v2\/pages"}],"about":[{"href":"https:\/\/claro.fi\/en\/wp-json\/wp\/v2\/types\/page"}],"author":[{"embeddable":true,"href":"https:\/\/claro.fi\/en\/wp-json\/wp\/v2\/users\/1"}],"replies":[{"embeddable":true,"href":"https:\/\/claro.fi\/en\/wp-json\/wp\/v2\/comments?post=436"}],"version-history":[{"count":3,"href":"https:\/\/claro.fi\/en\/wp-json\/wp\/v2\/pages\/436\/revisions"}],"predecessor-version":[{"id":1681,"href":"https:\/\/claro.fi\/en\/wp-json\/wp\/v2\/pages\/436\/revisions\/1681"}],"up":[{"embeddable":true,"href":"https:\/\/claro.fi\/en\/wp-json\/wp\/v2\/pages\/195"}],"wp:attachment":[{"href":"https:\/\/claro.fi\/en\/wp-json\/wp\/v2\/media?parent=436"}],"curies":[{"name":"wp","href":"https:\/\/api.w.org\/{rel}","templated":true}]}}