{"id":433,"date":"2020-04-16T22:29:40","date_gmt":"2020-04-16T19:29:40","guid":{"rendered":"https:\/\/claro.fi\/en\/?page_id=433"},"modified":"2020-05-24T22:20:41","modified_gmt":"2020-05-24T19:20:41","slug":"eija-holmstrom","status":"publish","type":"page","link":"https:\/\/claro.fi\/en\/claro\/our-people\/eija-holmstrom\/","title":{"rendered":"Eija Holmstr\u00f6m"},"content":{"rendered":"\n<div class=\"wp-block-group\"><div class=\"wp-block-group__inner-container is-layout-flow wp-block-group-is-layout-flow\">\n<h3 class=\"has-text-color wp-block-heading\" style=\"color:#0b186b\">Eija Holmstr\u00f6m<\/h3>\n\n\n\n<p><em><em><em>Senior Consultant, eMBA, M.Sc. Economics, Student of Social Sciences, Narrative Big Five Certified Professional<\/em><\/em><\/em><\/p>\n\n\n\n<p><em>&#8220;Eija inspires and sets example with her energetic approach and courage to try something new. Her open-minded and supportive attitude encourages all the participants to embrace change.&#8221;<\/em><\/p>\n\n\n\n<h4 class=\"has-text-color wp-block-heading\" style=\"color:#4e6c86\">Clarity of experience<\/h4>\n\n\n\n<ul class=\"wp-block-list\"><li>Eija\u2019s extensive experience of assessment, coaching and development of Board of Directors, Leadership teams and leaders is based on her solid background\u00a0in\u00a0senior management and board of directors roles \u00a0<\/li><li>Before joining Claro Eija worked for Algol Chemicals for 12 years as the CEO and\u00a0in\u00a0other senior management roles (responsible for HR, communications and corporate responsibility).\u00a0In\u00a0addition Eija was the member of the Board of Directors\u00a0in\u00a0several Algol\u00b4s subsidiary companies. \u00a0<\/li><li>Eija worked for MPS Finland for 10 years as a Senior Management Consultant assessing, coaching and developing leadership teams and senior management. She was also responsible for MPS\u00b4s Leadership development team. \u00a0<\/li><li>Eija has 15 years of experience\u00a0in\u00a0Finance leadership roles from Finnish and international companies<\/li><li>Since 2019 Eija has studied Social Sciences at the University of Helsinki. Learning the latest scientific knowledge about sociology and social psychology challenges thinking and boosts leading development projects.<\/li><\/ul>\n\n\n\n<h4 class=\"has-text-color wp-block-heading\" style=\"color:#4e6c86\">Clarity of expertise<\/h4>\n\n\n\n<ul class=\"wp-block-list\"><li>Leadership and Leadership team work assessment and development<\/li><li>Senior and middle management coaching<\/li><li>Change management, performance management<\/li><li>Development of HR processes, workplace assessment and well-being \u00a0<\/li><li>Expert organizations, retail, services<\/li><\/ul>\n\n\n\n<h4 class=\"has-text-color wp-block-heading\" style=\"color:#4e6c86\">Clarity of leisure time<\/h4>\n\n\n\n<ul class=\"wp-block-list\"><li>Eija has very curious personality and therefore diverse interests.\u00a0She likes different sports and learning new things.<\/li><li>Studying and spending time with her children and their families takes most of Eija\u00b4s free time \u00a0<\/li><\/ul>\n<\/div><\/div>\n","protected":false},"excerpt":{"rendered":"<p>Eija Holmstr\u00f6m Senior Consultant, eMBA, M.Sc. Economics, Student of Social Sciences, Narrative Big Five Certified Professional &#8220;Eija inspires and sets example with her energetic approach and courage to try something new. Her open-minded and supportive attitude encourages all the participants to embrace change.&#8221; Clarity of experience Eija\u2019s extensive experience of assessment, coaching and development of [&hellip;]<\/p>\n","protected":false},"author":1,"featured_media":0,"parent":195,"menu_order":0,"comment_status":"closed","ping_status":"closed","template":"keskitetty-sisalto-sivupohja.php","meta":{"_acf_changed":false,"_uag_custom_page_level_css":"","footnotes":""},"class_list":["post-433","page","type-page","status-publish","hentry"],"acf":[],"yoast_head":"<!-- This site is optimized with the Yoast SEO plugin v27.4 - https:\/\/yoast.com\/product\/yoast-seo-wordpress\/ -->\n<title>Eija Holmstr\u00f6m - Claro Leaders Oy - EN<\/title>\n<meta name=\"robots\" content=\"index, follow, max-snippet:-1, max-image-preview:large, max-video-preview:-1\" \/>\n<link rel=\"canonical\" href=\"https:\/\/claro.fi\/en\/claro\/our-people\/eija-holmstrom\/\" \/>\n<meta property=\"og:locale\" content=\"en_US\" \/>\n<meta property=\"og:type\" content=\"article\" \/>\n<meta property=\"og:title\" content=\"Eija Holmstr\u00f6m - Claro Leaders Oy - EN\" \/>\n<meta property=\"og:description\" content=\"Eija Holmstr\u00f6m Senior Consultant, eMBA, M.Sc. Economics, Student of Social Sciences, Narrative Big Five Certified Professional &#8220;Eija inspires and sets example with her energetic approach and courage to try something new. Her open-minded and supportive attitude encourages all the participants to embrace change.&#8221; Clarity of experience Eija\u2019s extensive experience of assessment, coaching and development of [&hellip;]\" \/>\n<meta property=\"og:url\" content=\"https:\/\/claro.fi\/en\/claro\/our-people\/eija-holmstrom\/\" \/>\n<meta property=\"og:site_name\" content=\"Claro Leaders Oy - EN\" \/>\n<meta property=\"article:modified_time\" content=\"2020-05-24T19:20:41+00:00\" \/>\n<meta property=\"og:image\" content=\"https:\/\/claro.fi\/en\/wp-content\/uploads\/sites\/3\/2020\/05\/claro-somejakokuva.png\" \/>\n\t<meta property=\"og:image:width\" content=\"1200\" \/>\n\t<meta property=\"og:image:height\" content=\"630\" \/>\n\t<meta property=\"og:image:type\" content=\"image\/png\" \/>\n<meta name=\"twitter:card\" content=\"summary_large_image\" \/>\n<meta name=\"twitter:label1\" content=\"Est. reading time\" \/>\n\t<meta name=\"twitter:data1\" content=\"1 minute\" \/>\n<script type=\"application\/ld+json\" class=\"yoast-schema-graph\">{\"@context\":\"https:\\\/\\\/schema.org\",\"@graph\":[{\"@type\":\"WebPage\",\"@id\":\"https:\\\/\\\/claro.fi\\\/en\\\/claro\\\/our-people\\\/eija-holmstrom\\\/\",\"url\":\"https:\\\/\\\/claro.fi\\\/en\\\/claro\\\/our-people\\\/eija-holmstrom\\\/\",\"name\":\"Eija Holmstr\u00f6m - Claro Leaders Oy - EN\",\"isPartOf\":{\"@id\":\"\\\/#website\"},\"datePublished\":\"2020-04-16T19:29:40+00:00\",\"dateModified\":\"2020-05-24T19:20:41+00:00\",\"breadcrumb\":{\"@id\":\"https:\\\/\\\/claro.fi\\\/en\\\/claro\\\/our-people\\\/eija-holmstrom\\\/#breadcrumb\"},\"inLanguage\":\"en-US\",\"potentialAction\":[{\"@type\":\"ReadAction\",\"target\":[\"https:\\\/\\\/claro.fi\\\/en\\\/claro\\\/our-people\\\/eija-holmstrom\\\/\"]}]},{\"@type\":\"BreadcrumbList\",\"@id\":\"https:\\\/\\\/claro.fi\\\/en\\\/claro\\\/our-people\\\/eija-holmstrom\\\/#breadcrumb\",\"itemListElement\":[{\"@type\":\"ListItem\",\"position\":1,\"name\":\"Home\",\"item\":\"https:\\\/\\\/claro.fi\\\/en\\\/\"},{\"@type\":\"ListItem\",\"position\":2,\"name\":\"Claro\",\"item\":\"https:\\\/\\\/claro.fi\\\/en\\\/claro\\\/\"},{\"@type\":\"ListItem\",\"position\":3,\"name\":\"OUR PEOPLE\",\"item\":\"https:\\\/\\\/claro.fi\\\/en\\\/claro\\\/our-people\\\/\"},{\"@type\":\"ListItem\",\"position\":4,\"name\":\"Eija Holmstr\u00f6m\"}]},{\"@type\":\"WebSite\",\"@id\":\"\\\/#website\",\"url\":\"\\\/\",\"name\":\"Claro Leaders Oy - EN\",\"description\":\"Claro Leaders Oy on erikoistunut hallitus- ja johtoryhm\u00e4ty\u00f6n mittaamiseen ja kehitt\u00e4miseen\",\"potentialAction\":[{\"@type\":\"SearchAction\",\"target\":{\"@type\":\"EntryPoint\",\"urlTemplate\":\"\\\/?s={search_term_string}\"},\"query-input\":{\"@type\":\"PropertyValueSpecification\",\"valueRequired\":true,\"valueName\":\"search_term_string\"}}],\"inLanguage\":\"en-US\"}]}<\/script>\n<!-- \/ Yoast SEO plugin. -->","yoast_head_json":{"title":"Eija Holmstr\u00f6m - Claro Leaders Oy - EN","robots":{"index":"index","follow":"follow","max-snippet":"max-snippet:-1","max-image-preview":"max-image-preview:large","max-video-preview":"max-video-preview:-1"},"canonical":"https:\/\/claro.fi\/en\/claro\/our-people\/eija-holmstrom\/","og_locale":"en_US","og_type":"article","og_title":"Eija Holmstr\u00f6m - Claro Leaders Oy - EN","og_description":"Eija Holmstr\u00f6m Senior Consultant, eMBA, M.Sc. Economics, Student of Social Sciences, Narrative Big Five Certified Professional &#8220;Eija inspires and sets example with her energetic approach and courage to try something new. Her open-minded and supportive attitude encourages all the participants to embrace change.&#8221; Clarity of experience Eija\u2019s extensive experience of assessment, coaching and development of [&hellip;]","og_url":"https:\/\/claro.fi\/en\/claro\/our-people\/eija-holmstrom\/","og_site_name":"Claro Leaders Oy - EN","article_modified_time":"2020-05-24T19:20:41+00:00","og_image":[{"width":1200,"height":630,"url":"https:\/\/claro.fi\/en\/wp-content\/uploads\/sites\/3\/2020\/05\/claro-somejakokuva.png","type":"image\/png"}],"twitter_card":"summary_large_image","twitter_misc":{"Est. reading time":"1 minute"},"schema":{"@context":"https:\/\/schema.org","@graph":[{"@type":"WebPage","@id":"https:\/\/claro.fi\/en\/claro\/our-people\/eija-holmstrom\/","url":"https:\/\/claro.fi\/en\/claro\/our-people\/eija-holmstrom\/","name":"Eija Holmstr\u00f6m - Claro Leaders Oy - EN","isPartOf":{"@id":"\/#website"},"datePublished":"2020-04-16T19:29:40+00:00","dateModified":"2020-05-24T19:20:41+00:00","breadcrumb":{"@id":"https:\/\/claro.fi\/en\/claro\/our-people\/eija-holmstrom\/#breadcrumb"},"inLanguage":"en-US","potentialAction":[{"@type":"ReadAction","target":["https:\/\/claro.fi\/en\/claro\/our-people\/eija-holmstrom\/"]}]},{"@type":"BreadcrumbList","@id":"https:\/\/claro.fi\/en\/claro\/our-people\/eija-holmstrom\/#breadcrumb","itemListElement":[{"@type":"ListItem","position":1,"name":"Home","item":"https:\/\/claro.fi\/en\/"},{"@type":"ListItem","position":2,"name":"Claro","item":"https:\/\/claro.fi\/en\/claro\/"},{"@type":"ListItem","position":3,"name":"OUR PEOPLE","item":"https:\/\/claro.fi\/en\/claro\/our-people\/"},{"@type":"ListItem","position":4,"name":"Eija Holmstr\u00f6m"}]},{"@type":"WebSite","@id":"\/#website","url":"\/","name":"Claro Leaders Oy - EN","description":"Claro Leaders Oy on erikoistunut hallitus- ja johtoryhm\u00e4ty\u00f6n mittaamiseen ja kehitt\u00e4miseen","potentialAction":[{"@type":"SearchAction","target":{"@type":"EntryPoint","urlTemplate":"\/?s={search_term_string}"},"query-input":{"@type":"PropertyValueSpecification","valueRequired":true,"valueName":"search_term_string"}}],"inLanguage":"en-US"}]}},"uagb_featured_image_src":{"full":false,"thumbnail":false,"medium":false,"medium_large":false,"large":false,"1536x1536":false,"2048x2048":false},"uagb_author_info":{"display_name":"admin","author_link":"https:\/\/claro.fi\/en\/news-and-blog\/author\/admin\/"},"uagb_comment_info":0,"uagb_excerpt":"Eija Holmstr\u00f6m Senior Consultant, eMBA, M.Sc. Economics, Student of Social Sciences, Narrative Big Five Certified Professional &#8220;Eija inspires and sets example with her energetic approach and courage to try something new. Her open-minded and supportive attitude encourages all the participants to embrace change.&#8221; Clarity of experience Eija\u2019s extensive experience of assessment, coaching and development of&hellip;","_links":{"self":[{"href":"https:\/\/claro.fi\/en\/wp-json\/wp\/v2\/pages\/433","targetHints":{"allow":["GET"]}}],"collection":[{"href":"https:\/\/claro.fi\/en\/wp-json\/wp\/v2\/pages"}],"about":[{"href":"https:\/\/claro.fi\/en\/wp-json\/wp\/v2\/types\/page"}],"author":[{"embeddable":true,"href":"https:\/\/claro.fi\/en\/wp-json\/wp\/v2\/users\/1"}],"replies":[{"embeddable":true,"href":"https:\/\/claro.fi\/en\/wp-json\/wp\/v2\/comments?post=433"}],"version-history":[{"count":2,"href":"https:\/\/claro.fi\/en\/wp-json\/wp\/v2\/pages\/433\/revisions"}],"predecessor-version":[{"id":1682,"href":"https:\/\/claro.fi\/en\/wp-json\/wp\/v2\/pages\/433\/revisions\/1682"}],"up":[{"embeddable":true,"href":"https:\/\/claro.fi\/en\/wp-json\/wp\/v2\/pages\/195"}],"wp:attachment":[{"href":"https:\/\/claro.fi\/en\/wp-json\/wp\/v2\/media?parent=433"}],"curies":[{"name":"wp","href":"https:\/\/api.w.org\/{rel}","templated":true}]}}