{"id":331,"date":"2020-04-13T22:36:28","date_gmt":"2020-04-13T19:36:28","guid":{"rendered":"https:\/\/claro.fi\/en\/?page_id=331"},"modified":"2020-05-23T22:13:23","modified_gmt":"2020-05-23T19:13:23","slug":"sirpa-matilainen-2","status":"publish","type":"page","link":"https:\/\/claro.fi\/en\/claro\/our-people\/sirpa-matilainen-2\/","title":{"rendered":"Sirpa Matilainen"},"content":{"rendered":"\n<div class=\"wp-block-group\"><div class=\"wp-block-group__inner-container is-layout-flow wp-block-group-is-layout-flow\">\n<h3 class=\"has-text-color wp-block-heading\" style=\"color:#0b186b\">Sirpa Matilainen<\/h3>\n\n\n\n<p><em><em>Senior Consultant,&nbsp;Change Facilitator, Narrative Big Five Certified Professional<\/em><\/em><\/p>\n\n\n\n<p>&#8220;<em><em>Sirpa is known for her flexible and convincing approach and her ability to see the bigger picture.&nbsp;She thinks strategically and always keeps the long term goals in mind. She is great at helping customers to see the future and the larger perspective.&nbsp;<\/em><\/em>&#8220;<\/p>\n\n\n\n<h4 class=\"has-text-color wp-block-heading\" style=\"color:#4e6c86\">Clarity of experience<\/h4>\n\n\n\n<ul class=\"wp-block-list\"><li>Sirpa has strong background in coaching, entrepreneurship and working for public sector.<\/li><li>Before she joined Claro, Sirpa worked over 20 years for Finnair in various managerial and expert roles and was also part of the Board of Directors<\/li><li>In addition, Sirpa has several years of project management experience &nbsp;<\/li><\/ul>\n\n\n\n<h4 class=\"has-text-color wp-block-heading\" style=\"color:#4e6c86\">Clarity of expertise<\/h4>\n\n\n\n<ul class=\"wp-block-list\"><li>Strategy processes, change management, coaching<\/li><li>HRD, talent development, culture and wellbeing<\/li><li>Project management and development<\/li><li>Expert organizations, public sector, travel, retail, services<\/li><\/ul>\n\n\n\n<h4 class=\"has-text-color wp-block-heading\" style=\"color:#4e6c86\">Clarity of leisure time<\/h4>\n\n\n\n<ul class=\"wp-block-list\"><li>Sirpa spends most of her freetime with her family and she loves to travel. Taking care of her wellbeing is important to Sirpa and she stays physically active. Sirpa also coaches others to adopt a healthy lifestyle.<\/li><\/ul>\n<\/div><\/div>\n","protected":false},"excerpt":{"rendered":"<p>Sirpa Matilainen Senior Consultant,&nbsp;Change Facilitator, Narrative Big Five Certified Professional &#8220;Sirpa is known for her flexible and convincing approach and her ability to see the bigger picture.&nbsp;She thinks strategically and always keeps the long term goals in mind. She is great at helping customers to see the future and the larger perspective.&nbsp;&#8220; Clarity of experience [&hellip;]<\/p>\n","protected":false},"author":1,"featured_media":0,"parent":195,"menu_order":0,"comment_status":"closed","ping_status":"closed","template":"keskitetty-sisalto-sivupohja.php","meta":{"_acf_changed":false,"_uag_custom_page_level_css":"","footnotes":""},"class_list":["post-331","page","type-page","status-publish","hentry"],"acf":[],"yoast_head":"<!-- This site is optimized with the Yoast SEO plugin v27.4 - https:\/\/yoast.com\/product\/yoast-seo-wordpress\/ -->\n<title>Sirpa Matilainen - Claro Leaders Oy - EN<\/title>\n<meta name=\"robots\" content=\"index, follow, max-snippet:-1, max-image-preview:large, max-video-preview:-1\" \/>\n<link rel=\"canonical\" href=\"https:\/\/claro.fi\/en\/claro\/our-people\/sirpa-matilainen-2\/\" \/>\n<meta property=\"og:locale\" content=\"en_US\" \/>\n<meta property=\"og:type\" content=\"article\" \/>\n<meta property=\"og:title\" content=\"Sirpa Matilainen - Claro Leaders Oy - EN\" \/>\n<meta property=\"og:description\" content=\"Sirpa Matilainen Senior Consultant,&nbsp;Change Facilitator, Narrative Big Five Certified Professional &#8220;Sirpa is known for her flexible and convincing approach and her ability to see the bigger picture.&nbsp;She thinks strategically and always keeps the long term goals in mind. She is great at helping customers to see the future and the larger perspective.&nbsp;&#8220; Clarity of experience [&hellip;]\" \/>\n<meta property=\"og:url\" content=\"https:\/\/claro.fi\/en\/claro\/our-people\/sirpa-matilainen-2\/\" \/>\n<meta property=\"og:site_name\" content=\"Claro Leaders Oy - EN\" \/>\n<meta property=\"article:modified_time\" content=\"2020-05-23T19:13:23+00:00\" \/>\n<meta property=\"og:image\" content=\"https:\/\/claro.fi\/en\/wp-content\/uploads\/sites\/3\/2020\/05\/claro-somejakokuva.png\" \/>\n\t<meta property=\"og:image:width\" content=\"1200\" \/>\n\t<meta property=\"og:image:height\" content=\"630\" \/>\n\t<meta property=\"og:image:type\" content=\"image\/png\" \/>\n<meta name=\"twitter:card\" content=\"summary_large_image\" \/>\n<meta name=\"twitter:label1\" content=\"Est. reading time\" \/>\n\t<meta name=\"twitter:data1\" content=\"1 minute\" \/>\n<script type=\"application\/ld+json\" class=\"yoast-schema-graph\">{\"@context\":\"https:\\\/\\\/schema.org\",\"@graph\":[{\"@type\":\"WebPage\",\"@id\":\"https:\\\/\\\/claro.fi\\\/en\\\/claro\\\/our-people\\\/sirpa-matilainen-2\\\/\",\"url\":\"https:\\\/\\\/claro.fi\\\/en\\\/claro\\\/our-people\\\/sirpa-matilainen-2\\\/\",\"name\":\"Sirpa Matilainen - Claro Leaders Oy - EN\",\"isPartOf\":{\"@id\":\"\\\/#website\"},\"datePublished\":\"2020-04-13T19:36:28+00:00\",\"dateModified\":\"2020-05-23T19:13:23+00:00\",\"breadcrumb\":{\"@id\":\"https:\\\/\\\/claro.fi\\\/en\\\/claro\\\/our-people\\\/sirpa-matilainen-2\\\/#breadcrumb\"},\"inLanguage\":\"en-US\",\"potentialAction\":[{\"@type\":\"ReadAction\",\"target\":[\"https:\\\/\\\/claro.fi\\\/en\\\/claro\\\/our-people\\\/sirpa-matilainen-2\\\/\"]}]},{\"@type\":\"BreadcrumbList\",\"@id\":\"https:\\\/\\\/claro.fi\\\/en\\\/claro\\\/our-people\\\/sirpa-matilainen-2\\\/#breadcrumb\",\"itemListElement\":[{\"@type\":\"ListItem\",\"position\":1,\"name\":\"Home\",\"item\":\"https:\\\/\\\/claro.fi\\\/en\\\/\"},{\"@type\":\"ListItem\",\"position\":2,\"name\":\"Claro\",\"item\":\"https:\\\/\\\/claro.fi\\\/en\\\/claro\\\/\"},{\"@type\":\"ListItem\",\"position\":3,\"name\":\"OUR PEOPLE\",\"item\":\"https:\\\/\\\/claro.fi\\\/en\\\/claro\\\/our-people\\\/\"},{\"@type\":\"ListItem\",\"position\":4,\"name\":\"Sirpa Matilainen\"}]},{\"@type\":\"WebSite\",\"@id\":\"\\\/#website\",\"url\":\"\\\/\",\"name\":\"Claro Leaders Oy - EN\",\"description\":\"Claro Leaders Oy on erikoistunut hallitus- ja johtoryhm\u00e4ty\u00f6n mittaamiseen ja kehitt\u00e4miseen\",\"potentialAction\":[{\"@type\":\"SearchAction\",\"target\":{\"@type\":\"EntryPoint\",\"urlTemplate\":\"\\\/?s={search_term_string}\"},\"query-input\":{\"@type\":\"PropertyValueSpecification\",\"valueRequired\":true,\"valueName\":\"search_term_string\"}}],\"inLanguage\":\"en-US\"}]}<\/script>\n<!-- \/ Yoast SEO plugin. -->","yoast_head_json":{"title":"Sirpa Matilainen - Claro Leaders Oy - EN","robots":{"index":"index","follow":"follow","max-snippet":"max-snippet:-1","max-image-preview":"max-image-preview:large","max-video-preview":"max-video-preview:-1"},"canonical":"https:\/\/claro.fi\/en\/claro\/our-people\/sirpa-matilainen-2\/","og_locale":"en_US","og_type":"article","og_title":"Sirpa Matilainen - Claro Leaders Oy - EN","og_description":"Sirpa Matilainen Senior Consultant,&nbsp;Change Facilitator, Narrative Big Five Certified Professional &#8220;Sirpa is known for her flexible and convincing approach and her ability to see the bigger picture.&nbsp;She thinks strategically and always keeps the long term goals in mind. She is great at helping customers to see the future and the larger perspective.&nbsp;&#8220; Clarity of experience [&hellip;]","og_url":"https:\/\/claro.fi\/en\/claro\/our-people\/sirpa-matilainen-2\/","og_site_name":"Claro Leaders Oy - EN","article_modified_time":"2020-05-23T19:13:23+00:00","og_image":[{"width":1200,"height":630,"url":"https:\/\/claro.fi\/en\/wp-content\/uploads\/sites\/3\/2020\/05\/claro-somejakokuva.png","type":"image\/png"}],"twitter_card":"summary_large_image","twitter_misc":{"Est. reading time":"1 minute"},"schema":{"@context":"https:\/\/schema.org","@graph":[{"@type":"WebPage","@id":"https:\/\/claro.fi\/en\/claro\/our-people\/sirpa-matilainen-2\/","url":"https:\/\/claro.fi\/en\/claro\/our-people\/sirpa-matilainen-2\/","name":"Sirpa Matilainen - Claro Leaders Oy - EN","isPartOf":{"@id":"\/#website"},"datePublished":"2020-04-13T19:36:28+00:00","dateModified":"2020-05-23T19:13:23+00:00","breadcrumb":{"@id":"https:\/\/claro.fi\/en\/claro\/our-people\/sirpa-matilainen-2\/#breadcrumb"},"inLanguage":"en-US","potentialAction":[{"@type":"ReadAction","target":["https:\/\/claro.fi\/en\/claro\/our-people\/sirpa-matilainen-2\/"]}]},{"@type":"BreadcrumbList","@id":"https:\/\/claro.fi\/en\/claro\/our-people\/sirpa-matilainen-2\/#breadcrumb","itemListElement":[{"@type":"ListItem","position":1,"name":"Home","item":"https:\/\/claro.fi\/en\/"},{"@type":"ListItem","position":2,"name":"Claro","item":"https:\/\/claro.fi\/en\/claro\/"},{"@type":"ListItem","position":3,"name":"OUR PEOPLE","item":"https:\/\/claro.fi\/en\/claro\/our-people\/"},{"@type":"ListItem","position":4,"name":"Sirpa Matilainen"}]},{"@type":"WebSite","@id":"\/#website","url":"\/","name":"Claro Leaders Oy - EN","description":"Claro Leaders Oy on erikoistunut hallitus- ja johtoryhm\u00e4ty\u00f6n mittaamiseen ja kehitt\u00e4miseen","potentialAction":[{"@type":"SearchAction","target":{"@type":"EntryPoint","urlTemplate":"\/?s={search_term_string}"},"query-input":{"@type":"PropertyValueSpecification","valueRequired":true,"valueName":"search_term_string"}}],"inLanguage":"en-US"}]}},"uagb_featured_image_src":{"full":false,"thumbnail":false,"medium":false,"medium_large":false,"large":false,"1536x1536":false,"2048x2048":false},"uagb_author_info":{"display_name":"admin","author_link":"https:\/\/claro.fi\/en\/news-and-blog\/author\/admin\/"},"uagb_comment_info":0,"uagb_excerpt":"Sirpa Matilainen Senior Consultant,&nbsp;Change Facilitator, Narrative Big Five Certified Professional &#8220;Sirpa is known for her flexible and convincing approach and her ability to see the bigger picture.&nbsp;She thinks strategically and always keeps the long term goals in mind. She is great at helping customers to see the future and the larger perspective.&nbsp;&#8220; Clarity of experience&hellip;","_links":{"self":[{"href":"https:\/\/claro.fi\/en\/wp-json\/wp\/v2\/pages\/331","targetHints":{"allow":["GET"]}}],"collection":[{"href":"https:\/\/claro.fi\/en\/wp-json\/wp\/v2\/pages"}],"about":[{"href":"https:\/\/claro.fi\/en\/wp-json\/wp\/v2\/types\/page"}],"author":[{"embeddable":true,"href":"https:\/\/claro.fi\/en\/wp-json\/wp\/v2\/users\/1"}],"replies":[{"embeddable":true,"href":"https:\/\/claro.fi\/en\/wp-json\/wp\/v2\/comments?post=331"}],"version-history":[{"count":7,"href":"https:\/\/claro.fi\/en\/wp-json\/wp\/v2\/pages\/331\/revisions"}],"predecessor-version":[{"id":1646,"href":"https:\/\/claro.fi\/en\/wp-json\/wp\/v2\/pages\/331\/revisions\/1646"}],"up":[{"embeddable":true,"href":"https:\/\/claro.fi\/en\/wp-json\/wp\/v2\/pages\/195"}],"wp:attachment":[{"href":"https:\/\/claro.fi\/en\/wp-json\/wp\/v2\/media?parent=331"}],"curies":[{"name":"wp","href":"https:\/\/api.w.org\/{rel}","templated":true}]}}