{"id":33,"date":"2020-04-08T14:28:00","date_gmt":"2020-04-08T14:28:00","guid":{"rendered":"https:\/\/claro.fi\/en\/?page_id=33"},"modified":"2020-05-24T22:38:01","modified_gmt":"2020-05-24T19:38:01","slug":"contact-us","status":"publish","type":"page","link":"https:\/\/claro.fi\/en\/contact-us\/","title":{"rendered":"CONTACT US"},"content":{"rendered":"\n<div class=\"wp-block-group container ticss-7556c03d\"><div class=\"wp-block-group__inner-container is-layout-flow wp-block-group-is-layout-flow\">\n<div class=\"wp-block-columns row is-layout-flex wp-container-core-columns-is-layout-9d6595d7 wp-block-columns-is-layout-flex\">\n<div class=\"wp-block-column col-lg-4 ml-0 is-layout-flow wp-block-column-is-layout-flow\">\n<div class=\"wp-block-wpzoom-blocks-social-icons is-style-without-canvas\" style=\"--wpz-social-icons-block-item-font-size:40px;--wpz-social-icons-block-item-padding-horizontal:10px;--wpz-social-icons-block-item-padding-vertical:10px;--wpz-social-icons-block-item-margin-horizontal:5px;--wpz-social-icons-block-item-margin-vertical:5px;--wpz-social-icons-block-item-border-radius:50px;--wpz-social-icons-block-label-font-size:20px;--wpz-social-icons-block-label-color:#2e3131;--wpz-social-icons-block-label-color-hover:#2e3131;--wpz-social-icons-alignment:center\"><a href=\"mailto:claro@claro.fi\/en\" class=\"social-icon-link\" style=\"--wpz-social-icons-block-item-color:#36444f;--wpz-social-icons-block-item-color-hover:#36444f\"><span class=\"social-icon fas fa-envelope\"><\/span><\/a><\/div>\n\n\n\n<h3 class=\"has-text-color has-text-align-center ticss-a9eaa280 wp-block-heading\" style=\"color:#0b186b\">Email<\/h3>\n\n\n\n<p style=\"color:#1f1d1d\" class=\"has-text-color has-text-align-center\"><a href=\"mailto:info@claro.fi\/en\"><\/a><a href=\"mailto:info@claro.fi\" target=\"_blank\" rel=\"noreferrer noopener\">info@claro.fi<\/a><\/p>\n<\/div>\n\n\n\n<div class=\"wp-block-column col-lg-4 ml-0 is-layout-flow wp-block-column-is-layout-flow\">\n<div class=\"wp-block-wpzoom-blocks-social-icons is-style-without-canvas\" style=\"--wpz-social-icons-block-item-font-size:40px;--wpz-social-icons-block-item-padding-horizontal:10px;--wpz-social-icons-block-item-padding-vertical:10px;--wpz-social-icons-block-item-margin-horizontal:5px;--wpz-social-icons-block-item-margin-vertical:5px;--wpz-social-icons-block-item-border-radius:50px;--wpz-social-icons-block-label-font-size:20px;--wpz-social-icons-block-label-color:#2e3131;--wpz-social-icons-block-label-color-hover:#2e3131;--wpz-social-icons-alignment:center\"><a href=\"https:\/\/goo.gl\/maps\/qrL1AWjT86iDu7RLA\" class=\"social-icon-link\" style=\"--wpz-social-icons-block-item-color:#36444f;--wpz-social-icons-block-item-color-hover:#36444f\"><span class=\"social-icon fas fa-map-marker-alt\"><\/span><\/a><\/div>\n\n\n\n<h3 class=\"has-text-color has-text-align-center ticss-42dcf46c wp-block-heading\" style=\"color:#0b186b\">Claro Leaders Oy<\/h3>\n\n\n\n<p style=\"color:#1f1d1d\" class=\"has-text-color has-text-align-center\">Aino Ackt\u00e9n tie 1<br>00400 Helsinki<\/p>\n<\/div>\n\n\n\n<div class=\"wp-block-column col-lg-4 ml-0 is-layout-flow wp-block-column-is-layout-flow\">\n<div class=\"wp-block-wpzoom-blocks-social-icons is-style-without-canvas\" style=\"--wpz-social-icons-block-item-font-size:38px;--wpz-social-icons-block-item-padding-horizontal:10px;--wpz-social-icons-block-item-padding-vertical:10px;--wpz-social-icons-block-item-margin-horizontal:5px;--wpz-social-icons-block-item-margin-vertical:5px;--wpz-social-icons-block-item-border-radius:50px;--wpz-social-icons-block-label-font-size:20px;--wpz-social-icons-block-label-color:#2e3131;--wpz-social-icons-block-label-color-hover:#2e3131;--wpz-social-icons-alignment:center\"><a href=\"tel:0408328523\" class=\"social-icon-link\" style=\"--wpz-social-icons-block-item-color:#36444f;--wpz-social-icons-block-item-color-hover:#36444f\"><span class=\"social-icon fas fa-phone-alt\"><\/span><\/a><\/div>\n\n\n\n<h3 class=\"has-text-color has-text-align-center ticss-b408852f wp-block-heading\" style=\"color:#0b186b\">Phone<\/h3>\n\n\n\n<p style=\"color:#1f1d1d\" class=\"has-text-color has-text-align-center\"><a href=\"tel:+358408328523\">+358 40&nbsp;832 8523<\/a><\/p>\n<\/div>\n<\/div>\n\n\n\n\n<div class=\"wpcf7 no-js\" id=\"wpcf7-f169-o1\" lang=\"fi\" dir=\"ltr\" data-wpcf7-id=\"169\">\n<div class=\"screen-reader-response\"><p role=\"status\" aria-live=\"polite\" aria-atomic=\"true\"><\/p> <ul><\/ul><\/div>\n<form action=\"\/en\/wp-json\/wp\/v2\/pages\/33#wpcf7-f169-o1\" method=\"post\" class=\"wpcf7-form init\" aria-label=\"Yhteydenottolomake\" novalidate=\"novalidate\" data-status=\"init\">\n<fieldset class=\"hidden-fields-container\"><input type=\"hidden\" name=\"_wpcf7\" value=\"169\" \/><input type=\"hidden\" name=\"_wpcf7_version\" value=\"6.1.5\" \/><input type=\"hidden\" name=\"_wpcf7_locale\" value=\"fi\" \/><input type=\"hidden\" name=\"_wpcf7_unit_tag\" value=\"wpcf7-f169-o1\" \/><input type=\"hidden\" name=\"_wpcf7_container_post\" value=\"0\" \/><input type=\"hidden\" name=\"_wpcf7_posted_data_hash\" value=\"\" \/><input type=\"hidden\" name=\"_wpcf7_recaptcha_response\" value=\"\" \/>\n<\/fieldset>\n<div id=\"claro-lomake\">\n\t<h2 style=\"color: #0b186b; font-size: 1.5em; text-align: center;\">Send a message\n\t<\/h2>\n\t<div class=\"row\">\n\t\t<div class=\"col-md-12 lomake-osio\" style=\"margin: 7px 0px;\">\n\t\t\t<p style=\"margin-bottom: -22px;\">Name*\n\t\t\t<\/p>\n\t\t\t<p><label><br \/>\n<span class=\"wpcf7-form-control-wrap\" data-name=\"your-name\"><input size=\"40\" maxlength=\"400\" class=\"wpcf7-form-control wpcf7-text wpcf7-validates-as-required lomake-kentta\" aria-required=\"true\" aria-invalid=\"false\" placeholder=\"Write your name\" value=\"\" type=\"text\" name=\"your-name\" \/><\/span><br \/>\n<\/label>\n\t\t\t<\/p>\n\t\t<\/div>\n\t\t<div class=\"col-md-6 lomake-osio\" style=\"margin: 7px 0px;\">\n\t\t\t<p style=\"margin-bottom: -22px;\">Email*\n\t\t\t<\/p>\n\t\t\t<p><label><br \/>\n<span class=\"wpcf7-form-control-wrap\" data-name=\"your-email\"><input size=\"40\" maxlength=\"400\" class=\"wpcf7-form-control wpcf7-email wpcf7-validates-as-required wpcf7-text wpcf7-validates-as-email lomake-kentta\" aria-required=\"true\" aria-invalid=\"false\" placeholder=\"Write your email\" value=\"\" type=\"email\" name=\"your-email\" \/><\/span> <\/label>\n\t\t\t<\/p>\n\t\t<\/div>\n\t\t<div class=\"col-md-6 lomake-osio\" style=\"margin: 7px 0px;\">\n\t\t\t<p style=\"margin-bottom: -22px;\">Phone\n\t\t\t<\/p>\n\t\t\t<p><label><br \/>\n<span class=\"wpcf7-form-control-wrap\" data-name=\"puhelin\"><input size=\"40\" maxlength=\"400\" class=\"wpcf7-form-control wpcf7-tel wpcf7-text wpcf7-validates-as-tel lomake-kentta\" aria-invalid=\"false\" placeholder=\"Write your phone number\" value=\"\" type=\"tel\" name=\"puhelin\" \/><\/span> <\/label>\n\t\t\t<\/p>\n\t\t<\/div>\n\t\t<div class=\"col-md-12 lomake-osio\" style=\"margin: 7px 0px;\">\n\t\t\t<p style=\"margin-bottom: -22px;\"> Message*\n\t\t\t<\/p>\n\t\t\t<p><label><br \/>\n<span class=\"wpcf7-form-control-wrap\" data-name=\"your-message\"><textarea cols=\"40\" rows=\"10\" maxlength=\"2000\" class=\"wpcf7-form-control wpcf7-textarea wpcf7-validates-as-required lomake-kentta\" aria-required=\"true\" aria-invalid=\"false\" placeholder=\"Write your message here\" name=\"your-message\"><\/textarea><\/span> <\/label><br \/>\n\t\t\t\n\t\t\t<\/p>\n\t\t\t<p style=\"text-align: center;\"><input class=\"wpcf7-form-control wpcf7-submit has-spinner laheta-painike\" type=\"submit\" value=\"Send\" \/>\n\t\t\t<\/p>\n\t\t<\/div>\n\t<\/div>\n<\/div><div class=\"wpcf7-response-output\" aria-hidden=\"true\"><\/div>\n<\/form>\n<\/div>\n\n<\/div><\/div>\n\n\n\n<div style=\"height:30px\" aria-hidden=\"true\" class=\"wp-block-spacer\"><\/div>\n","protected":false},"excerpt":{"rendered":"<p>Email info@claro.fi Claro Leaders Oy Aino Ackt\u00e9n tie 100400 Helsinki Phone +358 40&nbsp;832 8523<\/p>\n","protected":false},"author":1,"featured_media":869,"parent":0,"menu_order":0,"comment_status":"closed","ping_status":"closed","template":"Normaali-sivupohja.php","meta":{"_acf_changed":false,"_uag_custom_page_level_css":"","footnotes":""},"class_list":["post-33","page","type-page","status-publish","has-post-thumbnail","hentry"],"acf":[],"yoast_head":"<!-- This site is optimized with the Yoast SEO plugin v27.4 - https:\/\/yoast.com\/product\/yoast-seo-wordpress\/ -->\n<title>CONTACT US - Claro Leaders Oy - EN<\/title>\n<meta name=\"description\" content=\"Jos haluat tiet\u00e4\u00e4 lis\u00e4\u00e4 johtoryhm\u00e4ty\u00f6n kehitt\u00e4misest\u00e4 tai johtamisen arvivioinnista, niin ole yhteydess\u00e4 Claro Leadersiin.\" \/>\n<meta name=\"robots\" content=\"index, follow, max-snippet:-1, max-image-preview:large, max-video-preview:-1\" \/>\n<link rel=\"canonical\" href=\"https:\/\/claro.fi\/en\/contact-us\/\" \/>\n<meta property=\"og:locale\" content=\"en_US\" \/>\n<meta property=\"og:type\" content=\"article\" \/>\n<meta property=\"og:title\" content=\"Yhteystiedot- Claro Leaders Oy\" \/>\n<meta property=\"og:description\" content=\"Jos haluat tiet\u00e4\u00e4 lis\u00e4\u00e4 johtoryhm\u00e4ty\u00f6n kehitt\u00e4misest\u00e4 tai johtamisen arvivioinnista, niin ole yhteydess\u00e4 Claro Leadersiin.\" \/>\n<meta property=\"og:url\" content=\"https:\/\/claro.fi\/en\/contact-us\/\" \/>\n<meta property=\"og:site_name\" content=\"Claro Leaders Oy - EN\" \/>\n<meta property=\"article:modified_time\" content=\"2020-05-24T19:38:01+00:00\" \/>\n<meta property=\"og:image\" content=\"https:\/\/claro.fi\/en\/wp-content\/uploads\/sites\/3\/2020\/05\/claro-somejakokuva.png\" \/>\n\t<meta property=\"og:image:width\" content=\"1200\" \/>\n\t<meta property=\"og:image:height\" content=\"630\" \/>\n\t<meta property=\"og:image:type\" content=\"image\/png\" \/>\n<meta name=\"twitter:card\" content=\"summary_large_image\" \/>\n<meta name=\"twitter:title\" content=\"Yhteystiedot- Claro Leaders Oy\" \/>\n<meta name=\"twitter:description\" content=\"Jos haluat tiet\u00e4\u00e4 lis\u00e4\u00e4 johtoryhm\u00e4ty\u00f6n kehitt\u00e4misest\u00e4 tai johtamisen arvivioinnista, niin ole yhteydess\u00e4 Claro Leadersiin.\" \/>\n<meta name=\"twitter:image\" content=\"https:\/\/claro.fi\/en\/wp-content\/uploads\/sites\/3\/2020\/05\/claro-somejakokuva.png\" \/>\n<script type=\"application\/ld+json\" class=\"yoast-schema-graph\">{\"@context\":\"https:\\\/\\\/schema.org\",\"@graph\":[{\"@type\":\"WebPage\",\"@id\":\"https:\\\/\\\/claro.fi\\\/en\\\/contact-us\\\/\",\"url\":\"https:\\\/\\\/claro.fi\\\/en\\\/contact-us\\\/\",\"name\":\"CONTACT US - Claro Leaders Oy - EN\",\"isPartOf\":{\"@id\":\"\\\/#website\"},\"primaryImageOfPage\":{\"@id\":\"https:\\\/\\\/claro.fi\\\/en\\\/contact-us\\\/#primaryimage\"},\"image\":{\"@id\":\"https:\\\/\\\/claro.fi\\\/en\\\/contact-us\\\/#primaryimage\"},\"thumbnailUrl\":\"https:\\\/\\\/claro.fi\\\/en\\\/wp-content\\\/uploads\\\/sites\\\/3\\\/2020\\\/04\\\/Claro-yhteystiedot-paakuva.jpg\",\"datePublished\":\"2020-04-08T14:28:00+00:00\",\"dateModified\":\"2020-05-24T19:38:01+00:00\",\"description\":\"Jos haluat tiet\u00e4\u00e4 lis\u00e4\u00e4 johtoryhm\u00e4ty\u00f6n kehitt\u00e4misest\u00e4 tai johtamisen arvivioinnista, niin ole yhteydess\u00e4 Claro Leadersiin.\",\"breadcrumb\":{\"@id\":\"https:\\\/\\\/claro.fi\\\/en\\\/contact-us\\\/#breadcrumb\"},\"inLanguage\":\"en-US\",\"potentialAction\":[{\"@type\":\"ReadAction\",\"target\":[\"https:\\\/\\\/claro.fi\\\/en\\\/contact-us\\\/\"]}]},{\"@type\":\"ImageObject\",\"inLanguage\":\"en-US\",\"@id\":\"https:\\\/\\\/claro.fi\\\/en\\\/contact-us\\\/#primaryimage\",\"url\":\"https:\\\/\\\/claro.fi\\\/en\\\/wp-content\\\/uploads\\\/sites\\\/3\\\/2020\\\/04\\\/Claro-yhteystiedot-paakuva.jpg\",\"contentUrl\":\"https:\\\/\\\/claro.fi\\\/en\\\/wp-content\\\/uploads\\\/sites\\\/3\\\/2020\\\/04\\\/Claro-yhteystiedot-paakuva.jpg\",\"width\":1720,\"height\":600},{\"@type\":\"BreadcrumbList\",\"@id\":\"https:\\\/\\\/claro.fi\\\/en\\\/contact-us\\\/#breadcrumb\",\"itemListElement\":[{\"@type\":\"ListItem\",\"position\":1,\"name\":\"Home\",\"item\":\"https:\\\/\\\/claro.fi\\\/en\\\/\"},{\"@type\":\"ListItem\",\"position\":2,\"name\":\"CONTACT US\"}]},{\"@type\":\"WebSite\",\"@id\":\"\\\/#website\",\"url\":\"\\\/\",\"name\":\"Claro Leaders Oy - EN\",\"description\":\"Claro Leaders Oy on erikoistunut hallitus- ja johtoryhm\u00e4ty\u00f6n mittaamiseen ja kehitt\u00e4miseen\",\"potentialAction\":[{\"@type\":\"SearchAction\",\"target\":{\"@type\":\"EntryPoint\",\"urlTemplate\":\"\\\/?s={search_term_string}\"},\"query-input\":{\"@type\":\"PropertyValueSpecification\",\"valueRequired\":true,\"valueName\":\"search_term_string\"}}],\"inLanguage\":\"en-US\"}]}<\/script>\n<!-- \/ Yoast SEO plugin. -->","yoast_head_json":{"title":"CONTACT US - Claro Leaders Oy - EN","description":"Jos haluat tiet\u00e4\u00e4 lis\u00e4\u00e4 johtoryhm\u00e4ty\u00f6n kehitt\u00e4misest\u00e4 tai johtamisen arvivioinnista, niin ole yhteydess\u00e4 Claro Leadersiin.","robots":{"index":"index","follow":"follow","max-snippet":"max-snippet:-1","max-image-preview":"max-image-preview:large","max-video-preview":"max-video-preview:-1"},"canonical":"https:\/\/claro.fi\/en\/contact-us\/","og_locale":"en_US","og_type":"article","og_title":"Yhteystiedot- Claro Leaders Oy","og_description":"Jos haluat tiet\u00e4\u00e4 lis\u00e4\u00e4 johtoryhm\u00e4ty\u00f6n kehitt\u00e4misest\u00e4 tai johtamisen arvivioinnista, niin ole yhteydess\u00e4 Claro Leadersiin.","og_url":"https:\/\/claro.fi\/en\/contact-us\/","og_site_name":"Claro Leaders Oy - EN","article_modified_time":"2020-05-24T19:38:01+00:00","og_image":[{"width":1200,"height":630,"url":"https:\/\/claro.fi\/en\/wp-content\/uploads\/sites\/3\/2020\/05\/claro-somejakokuva.png","type":"image\/png"}],"twitter_card":"summary_large_image","twitter_title":"Yhteystiedot- Claro Leaders Oy","twitter_description":"Jos haluat tiet\u00e4\u00e4 lis\u00e4\u00e4 johtoryhm\u00e4ty\u00f6n kehitt\u00e4misest\u00e4 tai johtamisen arvivioinnista, niin ole yhteydess\u00e4 Claro Leadersiin.","twitter_image":"https:\/\/claro.fi\/en\/wp-content\/uploads\/sites\/3\/2020\/05\/claro-somejakokuva.png","schema":{"@context":"https:\/\/schema.org","@graph":[{"@type":"WebPage","@id":"https:\/\/claro.fi\/en\/contact-us\/","url":"https:\/\/claro.fi\/en\/contact-us\/","name":"CONTACT US - Claro Leaders Oy - EN","isPartOf":{"@id":"\/#website"},"primaryImageOfPage":{"@id":"https:\/\/claro.fi\/en\/contact-us\/#primaryimage"},"image":{"@id":"https:\/\/claro.fi\/en\/contact-us\/#primaryimage"},"thumbnailUrl":"https:\/\/claro.fi\/en\/wp-content\/uploads\/sites\/3\/2020\/04\/Claro-yhteystiedot-paakuva.jpg","datePublished":"2020-04-08T14:28:00+00:00","dateModified":"2020-05-24T19:38:01+00:00","description":"Jos haluat tiet\u00e4\u00e4 lis\u00e4\u00e4 johtoryhm\u00e4ty\u00f6n kehitt\u00e4misest\u00e4 tai johtamisen arvivioinnista, niin ole yhteydess\u00e4 Claro Leadersiin.","breadcrumb":{"@id":"https:\/\/claro.fi\/en\/contact-us\/#breadcrumb"},"inLanguage":"en-US","potentialAction":[{"@type":"ReadAction","target":["https:\/\/claro.fi\/en\/contact-us\/"]}]},{"@type":"ImageObject","inLanguage":"en-US","@id":"https:\/\/claro.fi\/en\/contact-us\/#primaryimage","url":"https:\/\/claro.fi\/en\/wp-content\/uploads\/sites\/3\/2020\/04\/Claro-yhteystiedot-paakuva.jpg","contentUrl":"https:\/\/claro.fi\/en\/wp-content\/uploads\/sites\/3\/2020\/04\/Claro-yhteystiedot-paakuva.jpg","width":1720,"height":600},{"@type":"BreadcrumbList","@id":"https:\/\/claro.fi\/en\/contact-us\/#breadcrumb","itemListElement":[{"@type":"ListItem","position":1,"name":"Home","item":"https:\/\/claro.fi\/en\/"},{"@type":"ListItem","position":2,"name":"CONTACT US"}]},{"@type":"WebSite","@id":"\/#website","url":"\/","name":"Claro Leaders Oy - EN","description":"Claro Leaders Oy on erikoistunut hallitus- ja johtoryhm\u00e4ty\u00f6n mittaamiseen ja kehitt\u00e4miseen","potentialAction":[{"@type":"SearchAction","target":{"@type":"EntryPoint","urlTemplate":"\/?s={search_term_string}"},"query-input":{"@type":"PropertyValueSpecification","valueRequired":true,"valueName":"search_term_string"}}],"inLanguage":"en-US"}]}},"uagb_featured_image_src":{"full":["https:\/\/claro.fi\/en\/wp-content\/uploads\/sites\/3\/2020\/04\/Claro-yhteystiedot-paakuva.jpg",1720,600,false],"thumbnail":["https:\/\/claro.fi\/en\/wp-content\/uploads\/sites\/3\/2020\/04\/Claro-yhteystiedot-paakuva-150x150.jpg",150,150,true],"medium":["https:\/\/claro.fi\/en\/wp-content\/uploads\/sites\/3\/2020\/04\/Claro-yhteystiedot-paakuva-300x105.jpg",300,105,true],"medium_large":["https:\/\/claro.fi\/en\/wp-content\/uploads\/sites\/3\/2020\/04\/Claro-yhteystiedot-paakuva-768x268.jpg",768,268,true],"large":["https:\/\/claro.fi\/en\/wp-content\/uploads\/sites\/3\/2020\/04\/Claro-yhteystiedot-paakuva-1024x357.jpg",1024,357,true],"1536x1536":["https:\/\/claro.fi\/en\/wp-content\/uploads\/sites\/3\/2020\/04\/Claro-yhteystiedot-paakuva-1536x536.jpg",1536,536,true],"2048x2048":["https:\/\/claro.fi\/en\/wp-content\/uploads\/sites\/3\/2020\/04\/Claro-yhteystiedot-paakuva.jpg",1720,600,false]},"uagb_author_info":{"display_name":"admin","author_link":"https:\/\/claro.fi\/en\/news-and-blog\/author\/admin\/"},"uagb_comment_info":0,"uagb_excerpt":"Email info@claro.fi Claro Leaders Oy Aino Ackt\u00e9n tie 100400 Helsinki Phone +358 40&nbsp;832 8523","_links":{"self":[{"href":"https:\/\/claro.fi\/en\/wp-json\/wp\/v2\/pages\/33","targetHints":{"allow":["GET"]}}],"collection":[{"href":"https:\/\/claro.fi\/en\/wp-json\/wp\/v2\/pages"}],"about":[{"href":"https:\/\/claro.fi\/en\/wp-json\/wp\/v2\/types\/page"}],"author":[{"embeddable":true,"href":"https:\/\/claro.fi\/en\/wp-json\/wp\/v2\/users\/1"}],"replies":[{"embeddable":true,"href":"https:\/\/claro.fi\/en\/wp-json\/wp\/v2\/comments?post=33"}],"version-history":[{"count":14,"href":"https:\/\/claro.fi\/en\/wp-json\/wp\/v2\/pages\/33\/revisions"}],"predecessor-version":[{"id":1676,"href":"https:\/\/claro.fi\/en\/wp-json\/wp\/v2\/pages\/33\/revisions\/1676"}],"wp:featuredmedia":[{"embeddable":true,"href":"https:\/\/claro.fi\/en\/wp-json\/wp\/v2\/media\/869"}],"wp:attachment":[{"href":"https:\/\/claro.fi\/en\/wp-json\/wp\/v2\/media?parent=33"}],"curies":[{"name":"wp","href":"https:\/\/api.w.org\/{rel}","templated":true}]}}