{"id":315,"date":"2020-04-13T19:04:45","date_gmt":"2020-04-13T16:04:45","guid":{"rendered":"https:\/\/claro.fi\/en\/?page_id=315"},"modified":"2020-05-23T21:11:02","modified_gmt":"2020-05-23T18:11:02","slug":"niklas-eklof","status":"publish","type":"page","link":"https:\/\/claro.fi\/en\/claro\/our-people\/niklas-eklof\/","title":{"rendered":"Niklas Ekl\u00f6f"},"content":{"rendered":"\n<div class=\"wp-block-group\"><div class=\"wp-block-group__inner-container is-layout-flow wp-block-group-is-layout-flow\">\n<h3 class=\"has-text-color wp-block-heading\" style=\"color:#0b186b\">Niklas Ekl\u00f6f<\/h3>\n\n\n\n<p><em>Senior&nbsp; Consultant, Certified Business Coach, Narrative Big Five Certified Professional<\/em><\/p>\n\n\n\n<p>\u201cNiklas is great at listening and helping people find the crux of the matter. Niklas gets special praise from customers for his positivity and patience.\u201d<\/p>\n\n\n\n<h4 class=\"has-text-color wp-block-heading\" style=\"color:#4e6c86\">Clarity of experience<\/h4>\n\n\n\n<ul class=\"wp-block-list\"><li>Niklas has got fifteen years of experience as a CEO in publishing (both newspapers and books) as well as in producing films and television programs. He has also worked for many years in the educational field. He has been working as a business consultant in Abu Dhabi specializing in finding and developing business opportunities for\u00a0companies interested in the UAE.<\/li><\/ul>\n\n\n\n<ul class=\"wp-block-list\"><li>Niklas has studied Business Administration and Organizational Theory. He is also a certified Executive Coach and certified in the Narrative Big Five program.<\/li><\/ul>\n\n\n\n<h4 class=\"has-text-color wp-block-heading\" style=\"color:#4e6c86\">Clarity of expertise<\/h4>\n\n\n\n<ul class=\"wp-block-list\"><li>Corporate welfare and improving organizational structures<\/li><li>Expert organizations and media companies<\/li><li>Financial and cultural foundations<\/li><\/ul>\n<\/div><\/div>\n\n\n\n<h4 class=\"has-text-color wp-block-heading\" style=\"color:#4e6c86\">Clarity of leisure time<\/h4>\n\n\n\n<ul class=\"wp-block-list\"><li>Suddenly finding himself with grown-up children he has\u00a0more time to enjoy literature and music. Niklas\u00a0has a profound interest in people.<\/li><\/ul>\n","protected":false},"excerpt":{"rendered":"<p>Niklas Ekl\u00f6f Senior&nbsp; Consultant, Certified Business Coach, Narrative Big Five Certified Professional \u201cNiklas is great at listening and helping people find the crux of the matter. Niklas gets special praise from customers for his positivity and patience.\u201d Clarity of experience Niklas has got fifteen years of experience as a CEO in publishing (both newspapers and [&hellip;]<\/p>\n","protected":false},"author":1,"featured_media":0,"parent":195,"menu_order":0,"comment_status":"closed","ping_status":"closed","template":"keskitetty-sisalto-sivupohja.php","meta":{"_acf_changed":false,"_uag_custom_page_level_css":"","footnotes":""},"class_list":["post-315","page","type-page","status-publish","hentry"],"acf":[],"yoast_head":"<!-- This site is optimized with the Yoast SEO plugin v27.4 - https:\/\/yoast.com\/product\/yoast-seo-wordpress\/ -->\n<title>Niklas Ekl\u00f6f - Claro Leaders Oy - EN<\/title>\n<meta name=\"robots\" content=\"index, follow, max-snippet:-1, max-image-preview:large, max-video-preview:-1\" \/>\n<link rel=\"canonical\" href=\"https:\/\/claro.fi\/en\/claro\/our-people\/niklas-eklof\/\" \/>\n<meta property=\"og:locale\" content=\"en_US\" \/>\n<meta property=\"og:type\" content=\"article\" \/>\n<meta property=\"og:title\" content=\"Niklas Ekl\u00f6f - Claro Leaders Oy - EN\" \/>\n<meta property=\"og:description\" content=\"Niklas Ekl\u00f6f Senior&nbsp; Consultant, Certified Business Coach, Narrative Big Five Certified Professional \u201cNiklas is great at listening and helping people find the crux of the matter. Niklas gets special praise from customers for his positivity and patience.\u201d Clarity of experience Niklas has got fifteen years of experience as a CEO in publishing (both newspapers and [&hellip;]\" \/>\n<meta property=\"og:url\" content=\"https:\/\/claro.fi\/en\/claro\/our-people\/niklas-eklof\/\" \/>\n<meta property=\"og:site_name\" content=\"Claro Leaders Oy - EN\" \/>\n<meta property=\"article:modified_time\" content=\"2020-05-23T18:11:02+00:00\" \/>\n<meta property=\"og:image\" content=\"https:\/\/claro.fi\/en\/wp-content\/uploads\/sites\/3\/2020\/05\/claro-somejakokuva.png\" \/>\n\t<meta property=\"og:image:width\" content=\"1200\" \/>\n\t<meta property=\"og:image:height\" content=\"630\" \/>\n\t<meta property=\"og:image:type\" content=\"image\/png\" \/>\n<meta name=\"twitter:card\" content=\"summary_large_image\" \/>\n<meta name=\"twitter:label1\" content=\"Est. reading time\" \/>\n\t<meta name=\"twitter:data1\" content=\"1 minute\" \/>\n<script type=\"application\/ld+json\" class=\"yoast-schema-graph\">{\"@context\":\"https:\\\/\\\/schema.org\",\"@graph\":[{\"@type\":\"WebPage\",\"@id\":\"https:\\\/\\\/claro.fi\\\/en\\\/claro\\\/our-people\\\/niklas-eklof\\\/\",\"url\":\"https:\\\/\\\/claro.fi\\\/en\\\/claro\\\/our-people\\\/niklas-eklof\\\/\",\"name\":\"Niklas Ekl\u00f6f - Claro Leaders Oy - EN\",\"isPartOf\":{\"@id\":\"\\\/#website\"},\"datePublished\":\"2020-04-13T16:04:45+00:00\",\"dateModified\":\"2020-05-23T18:11:02+00:00\",\"breadcrumb\":{\"@id\":\"https:\\\/\\\/claro.fi\\\/en\\\/claro\\\/our-people\\\/niklas-eklof\\\/#breadcrumb\"},\"inLanguage\":\"en-US\",\"potentialAction\":[{\"@type\":\"ReadAction\",\"target\":[\"https:\\\/\\\/claro.fi\\\/en\\\/claro\\\/our-people\\\/niklas-eklof\\\/\"]}]},{\"@type\":\"BreadcrumbList\",\"@id\":\"https:\\\/\\\/claro.fi\\\/en\\\/claro\\\/our-people\\\/niklas-eklof\\\/#breadcrumb\",\"itemListElement\":[{\"@type\":\"ListItem\",\"position\":1,\"name\":\"Home\",\"item\":\"https:\\\/\\\/claro.fi\\\/en\\\/\"},{\"@type\":\"ListItem\",\"position\":2,\"name\":\"Claro\",\"item\":\"https:\\\/\\\/claro.fi\\\/en\\\/claro\\\/\"},{\"@type\":\"ListItem\",\"position\":3,\"name\":\"OUR PEOPLE\",\"item\":\"https:\\\/\\\/claro.fi\\\/en\\\/claro\\\/our-people\\\/\"},{\"@type\":\"ListItem\",\"position\":4,\"name\":\"Niklas Ekl\u00f6f\"}]},{\"@type\":\"WebSite\",\"@id\":\"\\\/#website\",\"url\":\"\\\/\",\"name\":\"Claro Leaders Oy - EN\",\"description\":\"Claro Leaders Oy on erikoistunut hallitus- ja johtoryhm\u00e4ty\u00f6n mittaamiseen ja kehitt\u00e4miseen\",\"potentialAction\":[{\"@type\":\"SearchAction\",\"target\":{\"@type\":\"EntryPoint\",\"urlTemplate\":\"\\\/?s={search_term_string}\"},\"query-input\":{\"@type\":\"PropertyValueSpecification\",\"valueRequired\":true,\"valueName\":\"search_term_string\"}}],\"inLanguage\":\"en-US\"}]}<\/script>\n<!-- \/ Yoast SEO plugin. -->","yoast_head_json":{"title":"Niklas Ekl\u00f6f - Claro Leaders Oy - EN","robots":{"index":"index","follow":"follow","max-snippet":"max-snippet:-1","max-image-preview":"max-image-preview:large","max-video-preview":"max-video-preview:-1"},"canonical":"https:\/\/claro.fi\/en\/claro\/our-people\/niklas-eklof\/","og_locale":"en_US","og_type":"article","og_title":"Niklas Ekl\u00f6f - Claro Leaders Oy - EN","og_description":"Niklas Ekl\u00f6f Senior&nbsp; Consultant, Certified Business Coach, Narrative Big Five Certified Professional \u201cNiklas is great at listening and helping people find the crux of the matter. Niklas gets special praise from customers for his positivity and patience.\u201d Clarity of experience Niklas has got fifteen years of experience as a CEO in publishing (both newspapers and [&hellip;]","og_url":"https:\/\/claro.fi\/en\/claro\/our-people\/niklas-eklof\/","og_site_name":"Claro Leaders Oy - EN","article_modified_time":"2020-05-23T18:11:02+00:00","og_image":[{"width":1200,"height":630,"url":"https:\/\/claro.fi\/en\/wp-content\/uploads\/sites\/3\/2020\/05\/claro-somejakokuva.png","type":"image\/png"}],"twitter_card":"summary_large_image","twitter_misc":{"Est. reading time":"1 minute"},"schema":{"@context":"https:\/\/schema.org","@graph":[{"@type":"WebPage","@id":"https:\/\/claro.fi\/en\/claro\/our-people\/niklas-eklof\/","url":"https:\/\/claro.fi\/en\/claro\/our-people\/niklas-eklof\/","name":"Niklas Ekl\u00f6f - Claro Leaders Oy - EN","isPartOf":{"@id":"\/#website"},"datePublished":"2020-04-13T16:04:45+00:00","dateModified":"2020-05-23T18:11:02+00:00","breadcrumb":{"@id":"https:\/\/claro.fi\/en\/claro\/our-people\/niklas-eklof\/#breadcrumb"},"inLanguage":"en-US","potentialAction":[{"@type":"ReadAction","target":["https:\/\/claro.fi\/en\/claro\/our-people\/niklas-eklof\/"]}]},{"@type":"BreadcrumbList","@id":"https:\/\/claro.fi\/en\/claro\/our-people\/niklas-eklof\/#breadcrumb","itemListElement":[{"@type":"ListItem","position":1,"name":"Home","item":"https:\/\/claro.fi\/en\/"},{"@type":"ListItem","position":2,"name":"Claro","item":"https:\/\/claro.fi\/en\/claro\/"},{"@type":"ListItem","position":3,"name":"OUR PEOPLE","item":"https:\/\/claro.fi\/en\/claro\/our-people\/"},{"@type":"ListItem","position":4,"name":"Niklas Ekl\u00f6f"}]},{"@type":"WebSite","@id":"\/#website","url":"\/","name":"Claro Leaders Oy - EN","description":"Claro Leaders Oy on erikoistunut hallitus- ja johtoryhm\u00e4ty\u00f6n mittaamiseen ja kehitt\u00e4miseen","potentialAction":[{"@type":"SearchAction","target":{"@type":"EntryPoint","urlTemplate":"\/?s={search_term_string}"},"query-input":{"@type":"PropertyValueSpecification","valueRequired":true,"valueName":"search_term_string"}}],"inLanguage":"en-US"}]}},"uagb_featured_image_src":{"full":false,"thumbnail":false,"medium":false,"medium_large":false,"large":false,"1536x1536":false,"2048x2048":false},"uagb_author_info":{"display_name":"admin","author_link":"https:\/\/claro.fi\/en\/news-and-blog\/author\/admin\/"},"uagb_comment_info":0,"uagb_excerpt":"Niklas Ekl\u00f6f Senior&nbsp; Consultant, Certified Business Coach, Narrative Big Five Certified Professional \u201cNiklas is great at listening and helping people find the crux of the matter. Niklas gets special praise from customers for his positivity and patience.\u201d Clarity of experience Niklas has got fifteen years of experience as a CEO in publishing (both newspapers and&hellip;","_links":{"self":[{"href":"https:\/\/claro.fi\/en\/wp-json\/wp\/v2\/pages\/315","targetHints":{"allow":["GET"]}}],"collection":[{"href":"https:\/\/claro.fi\/en\/wp-json\/wp\/v2\/pages"}],"about":[{"href":"https:\/\/claro.fi\/en\/wp-json\/wp\/v2\/types\/page"}],"author":[{"embeddable":true,"href":"https:\/\/claro.fi\/en\/wp-json\/wp\/v2\/users\/1"}],"replies":[{"embeddable":true,"href":"https:\/\/claro.fi\/en\/wp-json\/wp\/v2\/comments?post=315"}],"version-history":[{"count":4,"href":"https:\/\/claro.fi\/en\/wp-json\/wp\/v2\/pages\/315\/revisions"}],"predecessor-version":[{"id":1637,"href":"https:\/\/claro.fi\/en\/wp-json\/wp\/v2\/pages\/315\/revisions\/1637"}],"up":[{"embeddable":true,"href":"https:\/\/claro.fi\/en\/wp-json\/wp\/v2\/pages\/195"}],"wp:attachment":[{"href":"https:\/\/claro.fi\/en\/wp-json\/wp\/v2\/media?parent=315"}],"curies":[{"name":"wp","href":"https:\/\/api.w.org\/{rel}","templated":true}]}}