{"id":305,"date":"2020-04-13T18:15:15","date_gmt":"2020-04-13T15:15:15","guid":{"rendered":"https:\/\/claro.fi\/en\/?page_id=305"},"modified":"2020-05-23T21:21:47","modified_gmt":"2020-05-23T18:21:47","slug":"mia-riitta-niemi","status":"publish","type":"page","link":"https:\/\/claro.fi\/en\/claro\/our-people\/mia-riitta-niemi\/","title":{"rendered":"Mia-Riitta Niemi"},"content":{"rendered":"\n<h3 class=\"has-text-color wp-block-heading\" style=\"color:#0b186b\">Mia-Riitta Niemi<\/h3>\n\n\n\n<p><em><em>CEO, founder,&nbsp;M.SC. Economics, Certified Busines Coach (ICF standard), Narrative Big Five Certification Master&nbsp;<\/em><\/em><\/p>\n\n\n\n<p><em>&#8220;Mia-Riitta is known for her warm and straightforward approach that leads to genuine changes and real results. Mia-Ritta challenges customers in a positive manner and helps them to reach their targets.<\/em>&#8220;<\/p>\n\n\n\n<h4 class=\"has-text-color wp-block-heading\" style=\"color:#4e6c86\">Clarity of experience<\/h4>\n\n\n\n<ul class=\"wp-block-list\"><li>Mia-Riitta has been working over 20 years as a senior management and leadership team consultant, trainer and coach in numerous international and Finnish companies and organizations. Before Mia-Riitta established Claro she worked for example as the CEO of MPS Finland, CEO of HR Partners and Senior partner at Talent Partners. <\/li><li>Mia-Riitta has also been a researcher and teacher at Aalto University and Helsinki School of Business for 15&nbsp;years.<\/li><li>Mia-Riitta has been a member of the Board of Directors at MPS Finland, HR Partners, Claro Leaders, Leadership Capital, Boardman 2020, GAIA Networks and LJK.<\/li><li>Mia-Riitta has worked with customers all over the world and also lived and studied in the USA for six years.<\/li><\/ul>\n\n\n\n<h4 class=\"has-text-color wp-block-heading\" style=\"color:#4e6c86\">Clarity of expertise<\/h4>\n\n\n\n<ul class=\"wp-block-list\"><li>Leadership, Leadership team and Board of Directors assessment and development, senior management executive coaching<\/li><li>Strategy processes<\/li><li>HRD, assessments, culture and wellbeing<\/li><li>Expert organizations, manufacturing, retail, services, ICT, public sector<\/li><\/ul>\n\n\n\n<h4 class=\"has-text-color wp-block-heading\" style=\"color:#4e6c86\">Clarity of leisure time<\/h4>\n\n\n\n<ul class=\"wp-block-list\"><li>Mia-Riitta enjoys spending time with her family. Staying in their summer house in the countryside and taking care of their 15 hectare of forest is the perfect way to maintain work \u2013 life balance.<\/li><li>Mia-Riitta also likes traveling, running, cross-country skiing and group exercise classes<\/li><\/ul>\n","protected":false},"excerpt":{"rendered":"<p>Mia-Riitta Niemi CEO, founder,&nbsp;M.SC. Economics, Certified Busines Coach (ICF standard), Narrative Big Five Certification Master&nbsp; &#8220;Mia-Riitta is known for her warm and straightforward approach that leads to genuine changes and real results. Mia-Ritta challenges customers in a positive manner and helps them to reach their targets.&#8220; Clarity of experience Mia-Riitta has been working over 20 [&hellip;]<\/p>\n","protected":false},"author":1,"featured_media":0,"parent":195,"menu_order":0,"comment_status":"closed","ping_status":"closed","template":"keskitetty-sisalto-sivupohja.php","meta":{"_acf_changed":false,"_uag_custom_page_level_css":"","footnotes":""},"class_list":["post-305","page","type-page","status-publish","hentry"],"acf":[],"yoast_head":"<!-- This site is optimized with the Yoast SEO plugin v27.4 - https:\/\/yoast.com\/product\/yoast-seo-wordpress\/ -->\n<title>Mia-Riitta Niemi - Claro Leaders Oy - EN<\/title>\n<meta name=\"robots\" content=\"index, follow, max-snippet:-1, max-image-preview:large, max-video-preview:-1\" \/>\n<link rel=\"canonical\" href=\"https:\/\/claro.fi\/en\/claro\/our-people\/mia-riitta-niemi\/\" \/>\n<meta property=\"og:locale\" content=\"en_US\" \/>\n<meta property=\"og:type\" content=\"article\" \/>\n<meta property=\"og:title\" content=\"Mia-Riitta Niemi - Claro Leaders Oy - EN\" \/>\n<meta property=\"og:description\" content=\"Mia-Riitta Niemi CEO, founder,&nbsp;M.SC. Economics, Certified Busines Coach (ICF standard), Narrative Big Five Certification Master&nbsp; &#8220;Mia-Riitta is known for her warm and straightforward approach that leads to genuine changes and real results. Mia-Ritta challenges customers in a positive manner and helps them to reach their targets.&#8220; Clarity of experience Mia-Riitta has been working over 20 [&hellip;]\" \/>\n<meta property=\"og:url\" content=\"https:\/\/claro.fi\/en\/claro\/our-people\/mia-riitta-niemi\/\" \/>\n<meta property=\"og:site_name\" content=\"Claro Leaders Oy - EN\" \/>\n<meta property=\"article:modified_time\" content=\"2020-05-23T18:21:47+00:00\" \/>\n<meta property=\"og:image\" content=\"https:\/\/claro.fi\/en\/wp-content\/uploads\/sites\/3\/2020\/05\/claro-somejakokuva.png\" \/>\n\t<meta property=\"og:image:width\" content=\"1200\" \/>\n\t<meta property=\"og:image:height\" content=\"630\" \/>\n\t<meta property=\"og:image:type\" content=\"image\/png\" \/>\n<meta name=\"twitter:card\" content=\"summary_large_image\" \/>\n<meta name=\"twitter:label1\" content=\"Est. reading time\" \/>\n\t<meta name=\"twitter:data1\" content=\"1 minute\" \/>\n<script type=\"application\/ld+json\" class=\"yoast-schema-graph\">{\"@context\":\"https:\\\/\\\/schema.org\",\"@graph\":[{\"@type\":\"WebPage\",\"@id\":\"https:\\\/\\\/claro.fi\\\/en\\\/claro\\\/our-people\\\/mia-riitta-niemi\\\/\",\"url\":\"https:\\\/\\\/claro.fi\\\/en\\\/claro\\\/our-people\\\/mia-riitta-niemi\\\/\",\"name\":\"Mia-Riitta Niemi - Claro Leaders Oy - EN\",\"isPartOf\":{\"@id\":\"\\\/#website\"},\"datePublished\":\"2020-04-13T15:15:15+00:00\",\"dateModified\":\"2020-05-23T18:21:47+00:00\",\"breadcrumb\":{\"@id\":\"https:\\\/\\\/claro.fi\\\/en\\\/claro\\\/our-people\\\/mia-riitta-niemi\\\/#breadcrumb\"},\"inLanguage\":\"en-US\",\"potentialAction\":[{\"@type\":\"ReadAction\",\"target\":[\"https:\\\/\\\/claro.fi\\\/en\\\/claro\\\/our-people\\\/mia-riitta-niemi\\\/\"]}]},{\"@type\":\"BreadcrumbList\",\"@id\":\"https:\\\/\\\/claro.fi\\\/en\\\/claro\\\/our-people\\\/mia-riitta-niemi\\\/#breadcrumb\",\"itemListElement\":[{\"@type\":\"ListItem\",\"position\":1,\"name\":\"Home\",\"item\":\"https:\\\/\\\/claro.fi\\\/en\\\/\"},{\"@type\":\"ListItem\",\"position\":2,\"name\":\"Claro\",\"item\":\"https:\\\/\\\/claro.fi\\\/en\\\/claro\\\/\"},{\"@type\":\"ListItem\",\"position\":3,\"name\":\"OUR PEOPLE\",\"item\":\"https:\\\/\\\/claro.fi\\\/en\\\/claro\\\/our-people\\\/\"},{\"@type\":\"ListItem\",\"position\":4,\"name\":\"Mia-Riitta Niemi\"}]},{\"@type\":\"WebSite\",\"@id\":\"\\\/#website\",\"url\":\"\\\/\",\"name\":\"Claro Leaders Oy - EN\",\"description\":\"Claro Leaders Oy on erikoistunut hallitus- ja johtoryhm\u00e4ty\u00f6n mittaamiseen ja kehitt\u00e4miseen\",\"potentialAction\":[{\"@type\":\"SearchAction\",\"target\":{\"@type\":\"EntryPoint\",\"urlTemplate\":\"\\\/?s={search_term_string}\"},\"query-input\":{\"@type\":\"PropertyValueSpecification\",\"valueRequired\":true,\"valueName\":\"search_term_string\"}}],\"inLanguage\":\"en-US\"}]}<\/script>\n<!-- \/ Yoast SEO plugin. -->","yoast_head_json":{"title":"Mia-Riitta Niemi - Claro Leaders Oy - EN","robots":{"index":"index","follow":"follow","max-snippet":"max-snippet:-1","max-image-preview":"max-image-preview:large","max-video-preview":"max-video-preview:-1"},"canonical":"https:\/\/claro.fi\/en\/claro\/our-people\/mia-riitta-niemi\/","og_locale":"en_US","og_type":"article","og_title":"Mia-Riitta Niemi - Claro Leaders Oy - EN","og_description":"Mia-Riitta Niemi CEO, founder,&nbsp;M.SC. Economics, Certified Busines Coach (ICF standard), Narrative Big Five Certification Master&nbsp; &#8220;Mia-Riitta is known for her warm and straightforward approach that leads to genuine changes and real results. Mia-Ritta challenges customers in a positive manner and helps them to reach their targets.&#8220; Clarity of experience Mia-Riitta has been working over 20 [&hellip;]","og_url":"https:\/\/claro.fi\/en\/claro\/our-people\/mia-riitta-niemi\/","og_site_name":"Claro Leaders Oy - EN","article_modified_time":"2020-05-23T18:21:47+00:00","og_image":[{"width":1200,"height":630,"url":"https:\/\/claro.fi\/en\/wp-content\/uploads\/sites\/3\/2020\/05\/claro-somejakokuva.png","type":"image\/png"}],"twitter_card":"summary_large_image","twitter_misc":{"Est. reading time":"1 minute"},"schema":{"@context":"https:\/\/schema.org","@graph":[{"@type":"WebPage","@id":"https:\/\/claro.fi\/en\/claro\/our-people\/mia-riitta-niemi\/","url":"https:\/\/claro.fi\/en\/claro\/our-people\/mia-riitta-niemi\/","name":"Mia-Riitta Niemi - Claro Leaders Oy - EN","isPartOf":{"@id":"\/#website"},"datePublished":"2020-04-13T15:15:15+00:00","dateModified":"2020-05-23T18:21:47+00:00","breadcrumb":{"@id":"https:\/\/claro.fi\/en\/claro\/our-people\/mia-riitta-niemi\/#breadcrumb"},"inLanguage":"en-US","potentialAction":[{"@type":"ReadAction","target":["https:\/\/claro.fi\/en\/claro\/our-people\/mia-riitta-niemi\/"]}]},{"@type":"BreadcrumbList","@id":"https:\/\/claro.fi\/en\/claro\/our-people\/mia-riitta-niemi\/#breadcrumb","itemListElement":[{"@type":"ListItem","position":1,"name":"Home","item":"https:\/\/claro.fi\/en\/"},{"@type":"ListItem","position":2,"name":"Claro","item":"https:\/\/claro.fi\/en\/claro\/"},{"@type":"ListItem","position":3,"name":"OUR PEOPLE","item":"https:\/\/claro.fi\/en\/claro\/our-people\/"},{"@type":"ListItem","position":4,"name":"Mia-Riitta Niemi"}]},{"@type":"WebSite","@id":"\/#website","url":"\/","name":"Claro Leaders Oy - EN","description":"Claro Leaders Oy on erikoistunut hallitus- ja johtoryhm\u00e4ty\u00f6n mittaamiseen ja kehitt\u00e4miseen","potentialAction":[{"@type":"SearchAction","target":{"@type":"EntryPoint","urlTemplate":"\/?s={search_term_string}"},"query-input":{"@type":"PropertyValueSpecification","valueRequired":true,"valueName":"search_term_string"}}],"inLanguage":"en-US"}]}},"uagb_featured_image_src":{"full":false,"thumbnail":false,"medium":false,"medium_large":false,"large":false,"1536x1536":false,"2048x2048":false},"uagb_author_info":{"display_name":"admin","author_link":"https:\/\/claro.fi\/en\/news-and-blog\/author\/admin\/"},"uagb_comment_info":0,"uagb_excerpt":"Mia-Riitta Niemi CEO, founder,&nbsp;M.SC. Economics, Certified Busines Coach (ICF standard), Narrative Big Five Certification Master&nbsp; &#8220;Mia-Riitta is known for her warm and straightforward approach that leads to genuine changes and real results. Mia-Ritta challenges customers in a positive manner and helps them to reach their targets.&#8220; Clarity of experience Mia-Riitta has been working over 20&hellip;","_links":{"self":[{"href":"https:\/\/claro.fi\/en\/wp-json\/wp\/v2\/pages\/305","targetHints":{"allow":["GET"]}}],"collection":[{"href":"https:\/\/claro.fi\/en\/wp-json\/wp\/v2\/pages"}],"about":[{"href":"https:\/\/claro.fi\/en\/wp-json\/wp\/v2\/types\/page"}],"author":[{"embeddable":true,"href":"https:\/\/claro.fi\/en\/wp-json\/wp\/v2\/users\/1"}],"replies":[{"embeddable":true,"href":"https:\/\/claro.fi\/en\/wp-json\/wp\/v2\/comments?post=305"}],"version-history":[{"count":12,"href":"https:\/\/claro.fi\/en\/wp-json\/wp\/v2\/pages\/305\/revisions"}],"predecessor-version":[{"id":1641,"href":"https:\/\/claro.fi\/en\/wp-json\/wp\/v2\/pages\/305\/revisions\/1641"}],"up":[{"embeddable":true,"href":"https:\/\/claro.fi\/en\/wp-json\/wp\/v2\/pages\/195"}],"wp:attachment":[{"href":"https:\/\/claro.fi\/en\/wp-json\/wp\/v2\/media?parent=305"}],"curies":[{"name":"wp","href":"https:\/\/api.w.org\/{rel}","templated":true}]}}