{"id":24,"date":"2020-04-08T14:26:43","date_gmt":"2020-04-08T14:26:43","guid":{"rendered":"https:\/\/claro.fi\/en\/?page_id=24"},"modified":"2020-05-25T20:36:47","modified_gmt":"2020-05-25T17:36:47","slug":"claro-tools","status":"publish","type":"page","link":"https:\/\/claro.fi\/en\/claro-tools\/","title":{"rendered":"Claro tools"},"content":{"rendered":"\n<div class=\"wp-block-group ticss-dceca802\"><div class=\"wp-block-group__inner-container is-layout-flow wp-block-group-is-layout-flow\">\n<div style=\"height:50px\" aria-hidden=\"true\" class=\"wp-block-spacer\"><\/div>\n\n\n\n<h2 class=\"has-text-color has-text-align-left wp-block-heading\" style=\"color:#0b186b\">Do you measure leadership or management team work?<\/h2>\n\n\n\n<p style=\"color:#4e6c86;font-size:18px\" class=\"has-text-color has-text-align-left\">Claro believes in a real change of things. All activities start with measuring, possibly being able to map the current situation and the target state.\u00a0Here are Claro&#8217;s management tools<\/p>\n\n\n\n<div class=\"wp-block-columns row is-layout-flex wp-container-core-columns-is-layout-9d6595d7 wp-block-columns-is-layout-flex\">\n<div class=\"wp-block-column col-lg-4 ml-0 ticss-af6cac54 is-layout-flow wp-block-column-is-layout-flow\">\n<div class=\"wp-block-cover aligncenter has-background-dim claro-background-hover\" style=\"background-image:url(https:\/\/claro.fi\/en\/wp-content\/uploads\/sites\/3\/2020\/04\/Clarometri-johtoryhm\u00e4-paakuva-4.jpg);background-color:#0b186b;min-height:265px;aspect-ratio:unset;\"><div class=\"wp-block-cover__inner-container is-layout-flow wp-block-cover-is-layout-flow\">\n<p style=\"color:#ffffff;font-size:21px\" class=\"has-text-color has-text-align-center claro-tools-hover\"><a href=\"https:\/\/claro.fi\/en\/claro-tools\/clarometric-management-team\/\">CLAROmetric Management Team<\/a>&nbsp;<\/p>\n<\/div><\/div>\n<\/div>\n\n\n\n<div class=\"wp-block-column col-lg-4 ml-0 ticss-4451e888 is-layout-flow wp-block-column-is-layout-flow\">\n<div class=\"wp-block-cover aligncenter has-background-dim claro-background-hover\" style=\"background-image:url(https:\/\/claro.fi\/en\/wp-content\/uploads\/sites\/3\/2020\/04\/toimintatapamme.jpg);background-color:#0b186b;background-position:27% 48%;min-height:265px;aspect-ratio:unset;\"><div class=\"wp-block-cover__inner-container is-layout-flow wp-block-cover-is-layout-flow\">\n<p style=\"color:#ffffff;font-size:21px\" class=\"has-text-color has-text-align-center claro-tools-hover\"><a href=\"https:\/\/claro.fi\/en\/claro-tools\/clarometric-360\/\">CLAROmetric 360<strong>\u00b0<\/strong><\/a><\/p>\n<\/div><\/div>\n<\/div>\n\n\n\n<div class=\"wp-block-column col-lg-4 ticss-53d6e5ab is-layout-flow wp-block-column-is-layout-flow\">\n<div class=\"wp-block-cover has-background-dim claro-background-hover\" style=\"background-image:url(https:\/\/claro.fi\/en\/wp-content\/uploads\/sites\/3\/2020\/04\/Claro-coaching-paakuva-2.jpg);background-color:#0b186b;background-position:85% 47%;min-height:265px;aspect-ratio:unset;\"><div class=\"wp-block-cover__inner-container is-layout-flow wp-block-cover-is-layout-flow\">\n<p style=\"color:#ffffff;font-size:21px\" class=\"has-text-color has-text-align-center claro-tools-hover\"><a href=\"https:\/\/claro.fi\/en\/claro-tools\/claro-coaching\/\">CLARO coaching&nbsp;<\/a><\/p>\n<\/div><\/div>\n\n\n\n<p><\/p>\n<\/div>\n<\/div>\n\n\n\n<div class=\"wp-block-columns row is-layout-flex wp-container-core-columns-is-layout-9d6595d7 wp-block-columns-is-layout-flex\">\n<div class=\"wp-block-column col-lg-4 ml-0 ticss-af6cac54 is-layout-flow wp-block-column-is-layout-flow\">\n<div class=\"wp-block-cover aligncenter has-background-dim claro-background-hover\" style=\"background-image:url(https:\/\/claro.fi\/en\/wp-content\/uploads\/sites\/3\/2020\/04\/claro-time-p\u00e4\u00e4kuva.jpg);background-color:#0b186b;background-position:59% 47%;min-height:265px;aspect-ratio:unset;\"><div class=\"wp-block-cover__inner-container is-layout-flow wp-block-cover-is-layout-flow\">\n<p style=\"color:#ffffff;font-size:21px\" class=\"has-text-color has-text-align-center claro-tools-hover\"><a href=\"https:\/\/claro.fi\/en\/claro-tools\/claro-management-audit\/\">CLARO&nbsp;management audit<\/a><\/p>\n<\/div><\/div>\n\n\n\n<p><\/p>\n<\/div>\n\n\n\n<div class=\"wp-block-column col-lg-4 ml-0 ticss-4451e888 is-layout-flow wp-block-column-is-layout-flow\">\n<div class=\"wp-block-cover aligncenter has-background-dim claro-background-hover\" style=\"background-image:url(https:\/\/claro.fi\/en\/wp-content\/uploads\/sites\/3\/2020\/04\/claro-change-paakuva.jpg);background-color:#0b186b;min-height:265px;aspect-ratio:unset;\"><div class=\"wp-block-cover__inner-container is-layout-flow wp-block-cover-is-layout-flow\">\n<p style=\"color:#ffffff;font-size:21px\" class=\"has-text-color has-text-align-center claro-tools-hover\"><a href=\"https:\/\/claro.fi\/en\/claro-tools\/claro-change-management\/\">CLARO&nbsp;change management<\/a><\/p>\n<\/div><\/div>\n<\/div>\n\n\n\n<div class=\"wp-block-column col-lg-4 ticss-53d6e5ab is-layout-flow wp-block-column-is-layout-flow\">\n<div class=\"wp-block-cover has-background-dim claro-background-hover\" style=\"background-image:url(https:\/\/claro.fi\/en\/wp-content\/uploads\/sites\/3\/2020\/04\/claro-tunne-p\u00e4\u00e4kuva.jpg);background-color:#0b186b;background-position:45% 56%;min-height:265px;aspect-ratio:unset;\"><div class=\"wp-block-cover__inner-container is-layout-flow wp-block-cover-is-layout-flow\">\n<p style=\"color:#ffffff;font-size:21px\" class=\"has-text-color has-text-align-center claro-tools-hover\"><a href=\"https:\/\/claro.fi\/en\/claro-tools\/claro-emotions\/\">CLARO&nbsp;emotions<\/a><\/p>\n<\/div><\/div>\n<\/div>\n<\/div>\n\n\n\n<div class=\"wp-block-columns row is-layout-flex wp-container-core-columns-is-layout-9d6595d7 wp-block-columns-is-layout-flex\">\n<div class=\"wp-block-column col-lg-4 ml-0 ticss-af6cac54 is-layout-flow wp-block-column-is-layout-flow\">\n<div class=\"wp-block-cover aligncenter has-background-dim claro-background-hover\" style=\"background-image:url(https:\/\/claro.fi\/en\/wp-content\/uploads\/sites\/3\/2020\/04\/Claro-time-paakuva.jpg);background-color:#0b186b;background-position:13% 56%;min-height:265px;aspect-ratio:unset;\"><div class=\"wp-block-cover__inner-container is-layout-flow wp-block-cover-is-layout-flow\">\n<p style=\"color:#ffffff;font-size:21px\" class=\"has-text-color has-text-align-center claro-tools-hover\"><a href=\"https:\/\/claro.fi\/en\/claro-tools\/claro-time-management\/\">CLARO&nbsp;time management<\/a><\/p>\n<\/div><\/div>\n\n\n\n<p><\/p>\n<\/div>\n\n\n\n<div class=\"wp-block-column col-lg-4 ml-0 ticss-4451e888 is-layout-flow wp-block-column-is-layout-flow\">\n<div class=\"wp-block-cover aligncenter has-background-dim claro-background-hover\" style=\"background-image:url(https:\/\/claro.fi\/en\/wp-content\/uploads\/sites\/3\/2020\/04\/claro-RESILIENCE-PROFILE-paakuva.jpg);background-color:#0b186b;min-height:265px;aspect-ratio:unset;\"><div class=\"wp-block-cover__inner-container is-layout-flow wp-block-cover-is-layout-flow\">\n<p style=\"color:#ffffff;font-size:21px\" class=\"has-text-color has-text-align-center claro-tools-hover\"><a href=\"https:\/\/claro.fi\/en\/claro-tools\/resilience-profile\/\">RESILIENCE PROFILE<\/a><\/p>\n<\/div><\/div>\n<\/div>\n\n\n\n<div class=\"wp-block-column col-lg-4 ticss-53d6e5ab is-layout-flow wp-block-column-is-layout-flow\">\n<div class=\"wp-block-cover has-background-dim claro-background-hover\" style=\"background-image:url(https:\/\/claro.fi\/en\/wp-content\/uploads\/sites\/3\/2020\/04\/claro-tools-narrative-big-five-paakuva.jpg);background-color:#0b186b;background-position:94% 48%;min-height:265px;aspect-ratio:unset;\"><div class=\"wp-block-cover__inner-container is-layout-flow wp-block-cover-is-layout-flow\">\n<p style=\"color:#ffffff;font-size:21px\" class=\"has-text-color has-text-align-center claro-tools-hover\"><a href=\"https:\/\/claro.fi\/en\/claro-tools\/narrative-big-five\/\">NARRATIVE BIG FIVE &nbsp;<\/a><\/p>\n<\/div><\/div>\n<\/div>\n<\/div>\n\n\n\n<div style=\"height:50px\" aria-hidden=\"true\" class=\"wp-block-spacer\"><\/div>\n<\/div><\/div>\n","protected":false},"excerpt":{"rendered":"<p>Do you measure leadership or management team work? Claro believes in a real change of things. All activities start with measuring, possibly being able to map the current situation and the target state.\u00a0Here are Claro&#8217;s management tools<\/p>\n","protected":false},"author":1,"featured_media":875,"parent":0,"menu_order":0,"comment_status":"closed","ping_status":"closed","template":"Normaali-sivupohja.php","meta":{"_acf_changed":false,"_uag_custom_page_level_css":"","footnotes":""},"class_list":["post-24","page","type-page","status-publish","has-post-thumbnail","hentry"],"acf":[],"yoast_head":"<!-- This site is optimized with the Yoast SEO plugin v27.4 - https:\/\/yoast.com\/product\/yoast-seo-wordpress\/ -->\n<title>Claro tools - Claro Leaders Oy - EN<\/title>\n<meta name=\"description\" content=\"Claro tekee 360 analyysej\u00e4, joissa asiakas voi mitata esimiesty\u00f6skentely\u00e4 ja johtamista. Claro arvioi my\u00f6s johtoryhm\u00e4ty\u00f6skentely\u00e4 ja tekee CLAROmetri johtoryhm\u00e4ty\u00f6n mittaamista ja kehitt\u00e4mist\u00e4. CLARO coaching auttaa l\u00f6yt\u00e4m\u00e4\u00e4n oleellisen.\" \/>\n<meta name=\"robots\" content=\"index, follow, max-snippet:-1, max-image-preview:large, max-video-preview:-1\" \/>\n<link rel=\"canonical\" href=\"https:\/\/claro.fi\/en\/claro-tools\/\" \/>\n<meta property=\"og:locale\" content=\"en_US\" \/>\n<meta property=\"og:type\" content=\"article\" \/>\n<meta property=\"og:title\" content=\"CLARO tools - Claro Leaders Oy\" \/>\n<meta property=\"og:description\" content=\"Claro tekee 360 analyysej\u00e4, joissa asiakas voi mitata esimiesty\u00f6skentely\u00e4 ja johtamista. Claro arvioi my\u00f6s johtoryhm\u00e4ty\u00f6skentely\u00e4 ja tekee CLAROmetri johtoryhm\u00e4ty\u00f6n mittaamista ja kehitt\u00e4mist\u00e4. CLARO coaching auttaa l\u00f6yt\u00e4m\u00e4\u00e4n oleellisen.\" \/>\n<meta property=\"og:url\" content=\"https:\/\/claro.fi\/en\/claro-tools\/\" \/>\n<meta property=\"og:site_name\" content=\"Claro Leaders Oy - EN\" \/>\n<meta property=\"article:modified_time\" content=\"2020-05-25T17:36:47+00:00\" \/>\n<meta property=\"og:image\" content=\"https:\/\/claro.fi\/en\/wp-content\/uploads\/sites\/3\/2020\/05\/claro-somejakokuva.png\" \/>\n\t<meta property=\"og:image:width\" content=\"1200\" \/>\n\t<meta property=\"og:image:height\" content=\"630\" \/>\n\t<meta property=\"og:image:type\" content=\"image\/png\" \/>\n<meta name=\"twitter:card\" content=\"summary_large_image\" \/>\n<meta name=\"twitter:title\" content=\"CLARO tools - Claro Leaders Oy\" \/>\n<meta name=\"twitter:description\" content=\"Claro tekee 360 analyysej\u00e4, joissa asiakas voi mitata esimiesty\u00f6skentely\u00e4 ja johtamista. Claro arvioi my\u00f6s johtoryhm\u00e4ty\u00f6skentely\u00e4 ja tekee CLAROmetri johtoryhm\u00e4ty\u00f6n mittaamista ja kehitt\u00e4mist\u00e4. CLARO coaching auttaa l\u00f6yt\u00e4m\u00e4\u00e4n oleellisen.\" \/>\n<meta name=\"twitter:image\" content=\"https:\/\/claro.fi\/en\/wp-content\/uploads\/sites\/3\/2020\/05\/claro-somejakokuva.png\" \/>\n<script type=\"application\/ld+json\" class=\"yoast-schema-graph\">{\"@context\":\"https:\\\/\\\/schema.org\",\"@graph\":[{\"@type\":\"WebPage\",\"@id\":\"https:\\\/\\\/claro.fi\\\/en\\\/claro-tools\\\/\",\"url\":\"https:\\\/\\\/claro.fi\\\/en\\\/claro-tools\\\/\",\"name\":\"Claro tools - Claro Leaders Oy - EN\",\"isPartOf\":{\"@id\":\"\\\/#website\"},\"primaryImageOfPage\":{\"@id\":\"https:\\\/\\\/claro.fi\\\/en\\\/claro-tools\\\/#primaryimage\"},\"image\":{\"@id\":\"https:\\\/\\\/claro.fi\\\/en\\\/claro-tools\\\/#primaryimage\"},\"thumbnailUrl\":\"https:\\\/\\\/claro.fi\\\/en\\\/wp-content\\\/uploads\\\/sites\\\/3\\\/2020\\\/04\\\/Claro-Tools-paakuva.jpg\",\"datePublished\":\"2020-04-08T14:26:43+00:00\",\"dateModified\":\"2020-05-25T17:36:47+00:00\",\"description\":\"Claro tekee 360 analyysej\u00e4, joissa asiakas voi mitata esimiesty\u00f6skentely\u00e4 ja johtamista. Claro arvioi my\u00f6s johtoryhm\u00e4ty\u00f6skentely\u00e4 ja tekee CLAROmetri johtoryhm\u00e4ty\u00f6n mittaamista ja kehitt\u00e4mist\u00e4. CLARO coaching auttaa l\u00f6yt\u00e4m\u00e4\u00e4n oleellisen.\",\"breadcrumb\":{\"@id\":\"https:\\\/\\\/claro.fi\\\/en\\\/claro-tools\\\/#breadcrumb\"},\"inLanguage\":\"en-US\",\"potentialAction\":[{\"@type\":\"ReadAction\",\"target\":[\"https:\\\/\\\/claro.fi\\\/en\\\/claro-tools\\\/\"]}]},{\"@type\":\"ImageObject\",\"inLanguage\":\"en-US\",\"@id\":\"https:\\\/\\\/claro.fi\\\/en\\\/claro-tools\\\/#primaryimage\",\"url\":\"https:\\\/\\\/claro.fi\\\/en\\\/wp-content\\\/uploads\\\/sites\\\/3\\\/2020\\\/04\\\/Claro-Tools-paakuva.jpg\",\"contentUrl\":\"https:\\\/\\\/claro.fi\\\/en\\\/wp-content\\\/uploads\\\/sites\\\/3\\\/2020\\\/04\\\/Claro-Tools-paakuva.jpg\",\"width\":900,\"height\":600},{\"@type\":\"BreadcrumbList\",\"@id\":\"https:\\\/\\\/claro.fi\\\/en\\\/claro-tools\\\/#breadcrumb\",\"itemListElement\":[{\"@type\":\"ListItem\",\"position\":1,\"name\":\"Home\",\"item\":\"https:\\\/\\\/claro.fi\\\/en\\\/\"},{\"@type\":\"ListItem\",\"position\":2,\"name\":\"Claro tools\"}]},{\"@type\":\"WebSite\",\"@id\":\"\\\/#website\",\"url\":\"\\\/\",\"name\":\"Claro Leaders Oy - EN\",\"description\":\"Claro Leaders Oy on erikoistunut hallitus- ja johtoryhm\u00e4ty\u00f6n mittaamiseen ja kehitt\u00e4miseen\",\"potentialAction\":[{\"@type\":\"SearchAction\",\"target\":{\"@type\":\"EntryPoint\",\"urlTemplate\":\"\\\/?s={search_term_string}\"},\"query-input\":{\"@type\":\"PropertyValueSpecification\",\"valueRequired\":true,\"valueName\":\"search_term_string\"}}],\"inLanguage\":\"en-US\"}]}<\/script>\n<!-- \/ Yoast SEO plugin. -->","yoast_head_json":{"title":"Claro tools - Claro Leaders Oy - EN","description":"Claro tekee 360 analyysej\u00e4, joissa asiakas voi mitata esimiesty\u00f6skentely\u00e4 ja johtamista. Claro arvioi my\u00f6s johtoryhm\u00e4ty\u00f6skentely\u00e4 ja tekee CLAROmetri johtoryhm\u00e4ty\u00f6n mittaamista ja kehitt\u00e4mist\u00e4. CLARO coaching auttaa l\u00f6yt\u00e4m\u00e4\u00e4n oleellisen.","robots":{"index":"index","follow":"follow","max-snippet":"max-snippet:-1","max-image-preview":"max-image-preview:large","max-video-preview":"max-video-preview:-1"},"canonical":"https:\/\/claro.fi\/en\/claro-tools\/","og_locale":"en_US","og_type":"article","og_title":"CLARO tools - Claro Leaders Oy","og_description":"Claro tekee 360 analyysej\u00e4, joissa asiakas voi mitata esimiesty\u00f6skentely\u00e4 ja johtamista. Claro arvioi my\u00f6s johtoryhm\u00e4ty\u00f6skentely\u00e4 ja tekee CLAROmetri johtoryhm\u00e4ty\u00f6n mittaamista ja kehitt\u00e4mist\u00e4. CLARO coaching auttaa l\u00f6yt\u00e4m\u00e4\u00e4n oleellisen.","og_url":"https:\/\/claro.fi\/en\/claro-tools\/","og_site_name":"Claro Leaders Oy - EN","article_modified_time":"2020-05-25T17:36:47+00:00","og_image":[{"width":1200,"height":630,"url":"https:\/\/claro.fi\/en\/wp-content\/uploads\/sites\/3\/2020\/05\/claro-somejakokuva.png","type":"image\/png"}],"twitter_card":"summary_large_image","twitter_title":"CLARO tools - Claro Leaders Oy","twitter_description":"Claro tekee 360 analyysej\u00e4, joissa asiakas voi mitata esimiesty\u00f6skentely\u00e4 ja johtamista. Claro arvioi my\u00f6s johtoryhm\u00e4ty\u00f6skentely\u00e4 ja tekee CLAROmetri johtoryhm\u00e4ty\u00f6n mittaamista ja kehitt\u00e4mist\u00e4. CLARO coaching auttaa l\u00f6yt\u00e4m\u00e4\u00e4n oleellisen.","twitter_image":"https:\/\/claro.fi\/en\/wp-content\/uploads\/sites\/3\/2020\/05\/claro-somejakokuva.png","schema":{"@context":"https:\/\/schema.org","@graph":[{"@type":"WebPage","@id":"https:\/\/claro.fi\/en\/claro-tools\/","url":"https:\/\/claro.fi\/en\/claro-tools\/","name":"Claro tools - Claro Leaders Oy - EN","isPartOf":{"@id":"\/#website"},"primaryImageOfPage":{"@id":"https:\/\/claro.fi\/en\/claro-tools\/#primaryimage"},"image":{"@id":"https:\/\/claro.fi\/en\/claro-tools\/#primaryimage"},"thumbnailUrl":"https:\/\/claro.fi\/en\/wp-content\/uploads\/sites\/3\/2020\/04\/Claro-Tools-paakuva.jpg","datePublished":"2020-04-08T14:26:43+00:00","dateModified":"2020-05-25T17:36:47+00:00","description":"Claro tekee 360 analyysej\u00e4, joissa asiakas voi mitata esimiesty\u00f6skentely\u00e4 ja johtamista. Claro arvioi my\u00f6s johtoryhm\u00e4ty\u00f6skentely\u00e4 ja tekee CLAROmetri johtoryhm\u00e4ty\u00f6n mittaamista ja kehitt\u00e4mist\u00e4. CLARO coaching auttaa l\u00f6yt\u00e4m\u00e4\u00e4n oleellisen.","breadcrumb":{"@id":"https:\/\/claro.fi\/en\/claro-tools\/#breadcrumb"},"inLanguage":"en-US","potentialAction":[{"@type":"ReadAction","target":["https:\/\/claro.fi\/en\/claro-tools\/"]}]},{"@type":"ImageObject","inLanguage":"en-US","@id":"https:\/\/claro.fi\/en\/claro-tools\/#primaryimage","url":"https:\/\/claro.fi\/en\/wp-content\/uploads\/sites\/3\/2020\/04\/Claro-Tools-paakuva.jpg","contentUrl":"https:\/\/claro.fi\/en\/wp-content\/uploads\/sites\/3\/2020\/04\/Claro-Tools-paakuva.jpg","width":900,"height":600},{"@type":"BreadcrumbList","@id":"https:\/\/claro.fi\/en\/claro-tools\/#breadcrumb","itemListElement":[{"@type":"ListItem","position":1,"name":"Home","item":"https:\/\/claro.fi\/en\/"},{"@type":"ListItem","position":2,"name":"Claro tools"}]},{"@type":"WebSite","@id":"\/#website","url":"\/","name":"Claro Leaders Oy - EN","description":"Claro Leaders Oy on erikoistunut hallitus- ja johtoryhm\u00e4ty\u00f6n mittaamiseen ja kehitt\u00e4miseen","potentialAction":[{"@type":"SearchAction","target":{"@type":"EntryPoint","urlTemplate":"\/?s={search_term_string}"},"query-input":{"@type":"PropertyValueSpecification","valueRequired":true,"valueName":"search_term_string"}}],"inLanguage":"en-US"}]}},"uagb_featured_image_src":{"full":["https:\/\/claro.fi\/en\/wp-content\/uploads\/sites\/3\/2020\/04\/Claro-Tools-paakuva.jpg",900,600,false],"thumbnail":["https:\/\/claro.fi\/en\/wp-content\/uploads\/sites\/3\/2020\/04\/Claro-Tools-paakuva-150x150.jpg",150,150,true],"medium":["https:\/\/claro.fi\/en\/wp-content\/uploads\/sites\/3\/2020\/04\/Claro-Tools-paakuva-300x200.jpg",300,200,true],"medium_large":["https:\/\/claro.fi\/en\/wp-content\/uploads\/sites\/3\/2020\/04\/Claro-Tools-paakuva-768x512.jpg",768,512,true],"large":["https:\/\/claro.fi\/en\/wp-content\/uploads\/sites\/3\/2020\/04\/Claro-Tools-paakuva.jpg",900,600,false],"1536x1536":["https:\/\/claro.fi\/en\/wp-content\/uploads\/sites\/3\/2020\/04\/Claro-Tools-paakuva.jpg",900,600,false],"2048x2048":["https:\/\/claro.fi\/en\/wp-content\/uploads\/sites\/3\/2020\/04\/Claro-Tools-paakuva.jpg",900,600,false]},"uagb_author_info":{"display_name":"admin","author_link":"https:\/\/claro.fi\/en\/news-and-blog\/author\/admin\/"},"uagb_comment_info":0,"uagb_excerpt":"Do you measure leadership or management team work? Claro believes in a real change of things. All activities start with measuring, possibly being able to map the current situation and the target state.\u00a0Here are Claro&#8217;s management tools","_links":{"self":[{"href":"https:\/\/claro.fi\/en\/wp-json\/wp\/v2\/pages\/24","targetHints":{"allow":["GET"]}}],"collection":[{"href":"https:\/\/claro.fi\/en\/wp-json\/wp\/v2\/pages"}],"about":[{"href":"https:\/\/claro.fi\/en\/wp-json\/wp\/v2\/types\/page"}],"author":[{"embeddable":true,"href":"https:\/\/claro.fi\/en\/wp-json\/wp\/v2\/users\/1"}],"replies":[{"embeddable":true,"href":"https:\/\/claro.fi\/en\/wp-json\/wp\/v2\/comments?post=24"}],"version-history":[{"count":27,"href":"https:\/\/claro.fi\/en\/wp-json\/wp\/v2\/pages\/24\/revisions"}],"predecessor-version":[{"id":1694,"href":"https:\/\/claro.fi\/en\/wp-json\/wp\/v2\/pages\/24\/revisions\/1694"}],"wp:featuredmedia":[{"embeddable":true,"href":"https:\/\/claro.fi\/en\/wp-json\/wp\/v2\/media\/875"}],"wp:attachment":[{"href":"https:\/\/claro.fi\/en\/wp-json\/wp\/v2\/media?parent=24"}],"curies":[{"name":"wp","href":"https:\/\/api.w.org\/{rel}","templated":true}]}}