{"id":214,"date":"2020-04-12T20:03:08","date_gmt":"2020-04-12T17:03:08","guid":{"rendered":"https:\/\/claro.fi\/en\/?page_id=214"},"modified":"2020-06-04T17:59:38","modified_gmt":"2020-06-04T14:59:38","slug":"claro-coaching","status":"publish","type":"page","link":"https:\/\/claro.fi\/en\/claro-tools\/claro-coaching\/","title":{"rendered":"Claro coaching"},"content":{"rendered":"\n<div class=\"wp-block-group ticss-68240b31\"><div class=\"wp-block-group__inner-container is-layout-flow wp-block-group-is-layout-flow\">\n<h2 class=\"has-text-align-left wp-block-heading\"><strong><strong>CLARO Executive Business Coaching &#8211;\u00a0 develop as a leader and lead your Executive board \/ team to success<\/strong><\/strong><\/h2>\n\n\n\n<div style=\"height:40px\" aria-hidden=\"true\" class=\"wp-block-spacer\"><\/div>\n\n\n\n<div class=\"wp-block-columns has-background row is-layout-flex wp-container-core-columns-is-layout-9d6595d7 wp-block-columns-is-layout-flex\" style=\"background-color:#f3f2f1\">\n<div class=\"wp-block-column col-md-6 ml-0 bigger-padding is-layout-flow wp-block-column-is-layout-flow\">\n<div style=\"height:20px\" aria-hidden=\"true\" class=\"wp-block-spacer\"><\/div>\n\n\n\n<h4 class=\"wp-block-heading\">WHAT?<\/h4>\n\n\n\n<ul class=\"wp-block-list\"><li>Clarify your thoughts and reach your targets &nbsp;<\/li><li>Our certified and experienced coaches will challenge and inspire you professionally<\/li><li>Success of your organization and&nbsp; yourself is the starting point<\/li><li>Measurable results and tangible improvements<\/li><\/ul>\n\n\n\n<p><\/p>\n<\/div>\n\n\n\n<div class=\"wp-block-column col-md-6 ml-0 ticss-09f274e1 is-layout-flow wp-block-column-is-layout-flow\">\n<div class=\"wp-block-cover aligncenter ticss-def84ceb\" style=\"background-image:url(https:\/\/claro.fi\/en\/wp-content\/uploads\/sites\/3\/2020\/04\/Claro-maija-coaching-mit\u00e4.jpg);background-position:49% 66%;min-height:400px;aspect-ratio:unset;\"><div class=\"wp-block-cover__inner-container is-layout-flow wp-block-cover-is-layout-flow\">\n<p class=\"has-text-align-center has-large-font-size\"><\/p>\n<\/div><\/div>\n<\/div>\n<\/div>\n\n\n\n<div class=\"wp-block-columns has-background row is-layout-flex wp-container-core-columns-is-layout-9d6595d7 wp-block-columns-is-layout-flex\" style=\"background-color:#f3f2f1\">\n<div class=\"wp-block-column col-md-6 bigger-padding order-md-2 ml-0 ticss-ddb34009 is-layout-flow wp-block-column-is-layout-flow\">\n<div style=\"height:20px\" aria-hidden=\"true\" class=\"wp-block-spacer\"><\/div>\n\n\n\n<h4 class=\"wp-block-heading\">WHY?<\/h4>\n\n\n\n<ul class=\"wp-block-list\"><li>Coaching effectively improves individual and team performance, helps to achieve personal and organizational goals<\/li><li>Coaching is one of the most helpful ways to develop change management capabilities and achieving the goals of change management initiatives<\/li><li>Coaching is an excellent support&nbsp;in&nbsp;challenging leadership situations and discovering new viewpoints<\/li><li>Claro\u2019s cerfified Business coaches have extensive executive board experience<\/li><li>Claro uses advanced methods to reach the targets<\/li><\/ul>\n\n\n\n<div style=\"height:20px\" aria-hidden=\"true\" class=\"wp-block-spacer\"><\/div>\n\n\n\n<p><\/p>\n<\/div>\n\n\n\n<div class=\"wp-block-column col-md-6 order-md-1 ml-0 ticss-2f7608b7 is-layout-flow wp-block-column-is-layout-flow\">\n<div class=\"wp-block-cover aligncenter\" style=\"background-image:url(https:\/\/claro.fi\/en\/wp-content\/uploads\/sites\/3\/2020\/04\/claro-maija-coaching-miksi.jpg);min-height:400px;aspect-ratio:unset;\"><div class=\"wp-block-cover__inner-container is-layout-flow wp-block-cover-is-layout-flow\">\n<p class=\"has-text-align-center has-large-font-size\"><\/p>\n<\/div><\/div>\n<\/div>\n<\/div>\n\n\n\n<div class=\"wp-block-columns has-background row is-layout-flex wp-container-core-columns-is-layout-9d6595d7 wp-block-columns-is-layout-flex\" style=\"background-color:#f3f2f1\">\n<div class=\"wp-block-column col-md-6 bigger-padding ml-0 ticss-88272bd3 is-layout-flow wp-block-column-is-layout-flow\">\n<div style=\"height:20px\" aria-hidden=\"true\" class=\"wp-block-spacer\"><\/div>\n\n\n\n<h4 class=\"wp-block-heading\">HOW?<\/h4>\n\n\n\n<ul class=\"wp-block-list\"><li>Individual coaching or team coaching<\/li><li>Narrative Big 5 personality profiles are part of the coaching process. Big 5 is the most prevalent and trusted personality framework and it provides a reliable assessment scale for measuring personality<\/li><li>Claro Business Coaching:<ul><li>Process \u2013 well-defined goals, measurement of success and deadlines<\/li><li>Discovery &#8211; new viewpoints, opportunities and resources<\/li><li>Courage \u2013 taking responsibility for your own learning and development<\/li><li>Focus \u2013 crystallized thoughts and paying attention to what really matters<\/li><li>Goal orientation &#8211; solution focused approach to reach your targets<\/li><li>Joy \u2013 finding more time for your thoughts, being inspired, learning and improving and tangible results<\/li><\/ul><\/li><\/ul>\n\n\n\n<p><\/p>\n<\/div>\n\n\n\n<div class=\"wp-block-column col-md-6 ml-0 ticss-3aca78d3 is-layout-flow wp-block-column-is-layout-flow\">\n<div class=\"wp-block-cover aligncenter\" style=\"background-image:url(https:\/\/claro.fi\/en\/wp-content\/uploads\/sites\/3\/2020\/04\/claro-maija-coaching-miten.jpg);min-height:400px;aspect-ratio:unset;\"><div class=\"wp-block-cover__inner-container is-layout-flow wp-block-cover-is-layout-flow\">\n<p class=\"has-text-align-center has-large-font-size\"><\/p>\n<\/div><\/div>\n<\/div>\n<\/div>\n\n\n\n<style>.container-page-content .wp-block-columns.has-background {padding: 0px;}.wp-block-columns {margin-bottom: 0px!important;}@media (max-width: 781px) and (min-width: 600px) {\n\t.wp-block-column {\n\t\tflex-basis: inherit!important;}}<\/style>\n<\/div><\/div>\n","protected":false},"excerpt":{"rendered":"<p>CLARO Executive Business Coaching &#8211;\u00a0 develop as a leader and lead your Executive board \/ team to success WHAT? Clarify your thoughts and reach your targets &nbsp; Our certified and experienced coaches will challenge and inspire you professionally Success of your organization and&nbsp; yourself is the starting point Measurable results and tangible improvements WHY? Coaching [&hellip;]<\/p>\n","protected":false},"author":1,"featured_media":921,"parent":24,"menu_order":30,"comment_status":"closed","ping_status":"closed","template":"keskitetty-sisalto-sivupohja.php","meta":{"_acf_changed":false,"_uag_custom_page_level_css":"","footnotes":""},"class_list":["post-214","page","type-page","status-publish","has-post-thumbnail","hentry"],"acf":[],"yoast_head":"<!-- This site is optimized with the Yoast SEO plugin v27.4 - https:\/\/yoast.com\/product\/yoast-seo-wordpress\/ -->\n<title>Claro coaching - Claro Leaders Oy - EN<\/title>\n<meta name=\"robots\" content=\"index, follow, max-snippet:-1, max-image-preview:large, max-video-preview:-1\" \/>\n<link rel=\"canonical\" href=\"https:\/\/claro.fi\/en\/claro-tools\/claro-coaching\/\" \/>\n<meta property=\"og:locale\" content=\"en_US\" \/>\n<meta property=\"og:type\" content=\"article\" \/>\n<meta property=\"og:title\" content=\"Claro coaching - Claro Leaders Oy - EN\" \/>\n<meta property=\"og:description\" content=\"CLARO Executive Business Coaching &#8211;\u00a0 develop as a leader and lead your Executive board \/ team to success WHAT? Clarify your thoughts and reach your targets &nbsp; Our certified and experienced coaches will challenge and inspire you professionally Success of your organization and&nbsp; yourself is the starting point Measurable results and tangible improvements WHY? Coaching [&hellip;]\" \/>\n<meta property=\"og:url\" content=\"https:\/\/claro.fi\/en\/claro-tools\/claro-coaching\/\" \/>\n<meta property=\"og:site_name\" content=\"Claro Leaders Oy - EN\" \/>\n<meta property=\"article:modified_time\" content=\"2020-06-04T14:59:38+00:00\" \/>\n<meta property=\"og:image\" content=\"https:\/\/claro.fi\/en\/wp-content\/uploads\/sites\/3\/2020\/04\/Claro-coaching-paakuva-2.jpg\" \/>\n\t<meta property=\"og:image:width\" content=\"1070\" \/>\n\t<meta property=\"og:image:height\" content=\"600\" \/>\n\t<meta property=\"og:image:type\" content=\"image\/jpeg\" \/>\n<meta name=\"twitter:card\" content=\"summary_large_image\" \/>\n<meta name=\"twitter:label1\" content=\"Est. reading time\" \/>\n\t<meta name=\"twitter:data1\" content=\"1 minute\" \/>\n<script type=\"application\/ld+json\" class=\"yoast-schema-graph\">{\"@context\":\"https:\\\/\\\/schema.org\",\"@graph\":[{\"@type\":\"WebPage\",\"@id\":\"https:\\\/\\\/claro.fi\\\/en\\\/claro-tools\\\/claro-coaching\\\/\",\"url\":\"https:\\\/\\\/claro.fi\\\/en\\\/claro-tools\\\/claro-coaching\\\/\",\"name\":\"Claro coaching - Claro Leaders Oy - EN\",\"isPartOf\":{\"@id\":\"\\\/#website\"},\"primaryImageOfPage\":{\"@id\":\"https:\\\/\\\/claro.fi\\\/en\\\/claro-tools\\\/claro-coaching\\\/#primaryimage\"},\"image\":{\"@id\":\"https:\\\/\\\/claro.fi\\\/en\\\/claro-tools\\\/claro-coaching\\\/#primaryimage\"},\"thumbnailUrl\":\"https:\\\/\\\/claro.fi\\\/en\\\/wp-content\\\/uploads\\\/sites\\\/3\\\/2020\\\/04\\\/Claro-coaching-paakuva-2.jpg\",\"datePublished\":\"2020-04-12T17:03:08+00:00\",\"dateModified\":\"2020-06-04T14:59:38+00:00\",\"breadcrumb\":{\"@id\":\"https:\\\/\\\/claro.fi\\\/en\\\/claro-tools\\\/claro-coaching\\\/#breadcrumb\"},\"inLanguage\":\"en-US\",\"potentialAction\":[{\"@type\":\"ReadAction\",\"target\":[\"https:\\\/\\\/claro.fi\\\/en\\\/claro-tools\\\/claro-coaching\\\/\"]}]},{\"@type\":\"ImageObject\",\"inLanguage\":\"en-US\",\"@id\":\"https:\\\/\\\/claro.fi\\\/en\\\/claro-tools\\\/claro-coaching\\\/#primaryimage\",\"url\":\"https:\\\/\\\/claro.fi\\\/en\\\/wp-content\\\/uploads\\\/sites\\\/3\\\/2020\\\/04\\\/Claro-coaching-paakuva-2.jpg\",\"contentUrl\":\"https:\\\/\\\/claro.fi\\\/en\\\/wp-content\\\/uploads\\\/sites\\\/3\\\/2020\\\/04\\\/Claro-coaching-paakuva-2.jpg\",\"width\":1070,\"height\":600},{\"@type\":\"BreadcrumbList\",\"@id\":\"https:\\\/\\\/claro.fi\\\/en\\\/claro-tools\\\/claro-coaching\\\/#breadcrumb\",\"itemListElement\":[{\"@type\":\"ListItem\",\"position\":1,\"name\":\"Home\",\"item\":\"https:\\\/\\\/claro.fi\\\/en\\\/\"},{\"@type\":\"ListItem\",\"position\":2,\"name\":\"Claro tools\",\"item\":\"https:\\\/\\\/claro.fi\\\/en\\\/claro-tools\\\/\"},{\"@type\":\"ListItem\",\"position\":3,\"name\":\"Claro coaching\"}]},{\"@type\":\"WebSite\",\"@id\":\"\\\/#website\",\"url\":\"\\\/\",\"name\":\"Claro Leaders Oy - EN\",\"description\":\"Claro Leaders Oy on erikoistunut hallitus- ja johtoryhm\u00e4ty\u00f6n mittaamiseen ja kehitt\u00e4miseen\",\"potentialAction\":[{\"@type\":\"SearchAction\",\"target\":{\"@type\":\"EntryPoint\",\"urlTemplate\":\"\\\/?s={search_term_string}\"},\"query-input\":{\"@type\":\"PropertyValueSpecification\",\"valueRequired\":true,\"valueName\":\"search_term_string\"}}],\"inLanguage\":\"en-US\"}]}<\/script>\n<!-- \/ Yoast SEO plugin. -->","yoast_head_json":{"title":"Claro coaching - Claro Leaders Oy - EN","robots":{"index":"index","follow":"follow","max-snippet":"max-snippet:-1","max-image-preview":"max-image-preview:large","max-video-preview":"max-video-preview:-1"},"canonical":"https:\/\/claro.fi\/en\/claro-tools\/claro-coaching\/","og_locale":"en_US","og_type":"article","og_title":"Claro coaching - Claro Leaders Oy - EN","og_description":"CLARO Executive Business Coaching &#8211;\u00a0 develop as a leader and lead your Executive board \/ team to success WHAT? Clarify your thoughts and reach your targets &nbsp; Our certified and experienced coaches will challenge and inspire you professionally Success of your organization and&nbsp; yourself is the starting point Measurable results and tangible improvements WHY? Coaching [&hellip;]","og_url":"https:\/\/claro.fi\/en\/claro-tools\/claro-coaching\/","og_site_name":"Claro Leaders Oy - EN","article_modified_time":"2020-06-04T14:59:38+00:00","og_image":[{"width":1070,"height":600,"url":"https:\/\/claro.fi\/en\/wp-content\/uploads\/sites\/3\/2020\/04\/Claro-coaching-paakuva-2.jpg","type":"image\/jpeg"}],"twitter_card":"summary_large_image","twitter_misc":{"Est. reading time":"1 minute"},"schema":{"@context":"https:\/\/schema.org","@graph":[{"@type":"WebPage","@id":"https:\/\/claro.fi\/en\/claro-tools\/claro-coaching\/","url":"https:\/\/claro.fi\/en\/claro-tools\/claro-coaching\/","name":"Claro coaching - Claro Leaders Oy - EN","isPartOf":{"@id":"\/#website"},"primaryImageOfPage":{"@id":"https:\/\/claro.fi\/en\/claro-tools\/claro-coaching\/#primaryimage"},"image":{"@id":"https:\/\/claro.fi\/en\/claro-tools\/claro-coaching\/#primaryimage"},"thumbnailUrl":"https:\/\/claro.fi\/en\/wp-content\/uploads\/sites\/3\/2020\/04\/Claro-coaching-paakuva-2.jpg","datePublished":"2020-04-12T17:03:08+00:00","dateModified":"2020-06-04T14:59:38+00:00","breadcrumb":{"@id":"https:\/\/claro.fi\/en\/claro-tools\/claro-coaching\/#breadcrumb"},"inLanguage":"en-US","potentialAction":[{"@type":"ReadAction","target":["https:\/\/claro.fi\/en\/claro-tools\/claro-coaching\/"]}]},{"@type":"ImageObject","inLanguage":"en-US","@id":"https:\/\/claro.fi\/en\/claro-tools\/claro-coaching\/#primaryimage","url":"https:\/\/claro.fi\/en\/wp-content\/uploads\/sites\/3\/2020\/04\/Claro-coaching-paakuva-2.jpg","contentUrl":"https:\/\/claro.fi\/en\/wp-content\/uploads\/sites\/3\/2020\/04\/Claro-coaching-paakuva-2.jpg","width":1070,"height":600},{"@type":"BreadcrumbList","@id":"https:\/\/claro.fi\/en\/claro-tools\/claro-coaching\/#breadcrumb","itemListElement":[{"@type":"ListItem","position":1,"name":"Home","item":"https:\/\/claro.fi\/en\/"},{"@type":"ListItem","position":2,"name":"Claro tools","item":"https:\/\/claro.fi\/en\/claro-tools\/"},{"@type":"ListItem","position":3,"name":"Claro coaching"}]},{"@type":"WebSite","@id":"\/#website","url":"\/","name":"Claro Leaders Oy - EN","description":"Claro Leaders Oy on erikoistunut hallitus- ja johtoryhm\u00e4ty\u00f6n mittaamiseen ja kehitt\u00e4miseen","potentialAction":[{"@type":"SearchAction","target":{"@type":"EntryPoint","urlTemplate":"\/?s={search_term_string}"},"query-input":{"@type":"PropertyValueSpecification","valueRequired":true,"valueName":"search_term_string"}}],"inLanguage":"en-US"}]}},"uagb_featured_image_src":{"full":["https:\/\/claro.fi\/en\/wp-content\/uploads\/sites\/3\/2020\/04\/Claro-coaching-paakuva-2.jpg",1070,600,false],"thumbnail":["https:\/\/claro.fi\/en\/wp-content\/uploads\/sites\/3\/2020\/04\/Claro-coaching-paakuva-2-150x150.jpg",150,150,true],"medium":["https:\/\/claro.fi\/en\/wp-content\/uploads\/sites\/3\/2020\/04\/Claro-coaching-paakuva-2-300x168.jpg",300,168,true],"medium_large":["https:\/\/claro.fi\/en\/wp-content\/uploads\/sites\/3\/2020\/04\/Claro-coaching-paakuva-2-768x431.jpg",768,431,true],"large":["https:\/\/claro.fi\/en\/wp-content\/uploads\/sites\/3\/2020\/04\/Claro-coaching-paakuva-2-1024x574.jpg",1024,574,true],"1536x1536":["https:\/\/claro.fi\/en\/wp-content\/uploads\/sites\/3\/2020\/04\/Claro-coaching-paakuva-2.jpg",1070,600,false],"2048x2048":["https:\/\/claro.fi\/en\/wp-content\/uploads\/sites\/3\/2020\/04\/Claro-coaching-paakuva-2.jpg",1070,600,false]},"uagb_author_info":{"display_name":"admin","author_link":"https:\/\/claro.fi\/en\/news-and-blog\/author\/admin\/"},"uagb_comment_info":0,"uagb_excerpt":"CLARO Executive Business Coaching &#8211;\u00a0 develop as a leader and lead your Executive board \/ team to success WHAT? Clarify your thoughts and reach your targets &nbsp; Our certified and experienced coaches will challenge and inspire you professionally Success of your organization and&nbsp; yourself is the starting point Measurable results and tangible improvements WHY? Coaching&hellip;","_links":{"self":[{"href":"https:\/\/claro.fi\/en\/wp-json\/wp\/v2\/pages\/214","targetHints":{"allow":["GET"]}}],"collection":[{"href":"https:\/\/claro.fi\/en\/wp-json\/wp\/v2\/pages"}],"about":[{"href":"https:\/\/claro.fi\/en\/wp-json\/wp\/v2\/types\/page"}],"author":[{"embeddable":true,"href":"https:\/\/claro.fi\/en\/wp-json\/wp\/v2\/users\/1"}],"replies":[{"embeddable":true,"href":"https:\/\/claro.fi\/en\/wp-json\/wp\/v2\/comments?post=214"}],"version-history":[{"count":32,"href":"https:\/\/claro.fi\/en\/wp-json\/wp\/v2\/pages\/214\/revisions"}],"predecessor-version":[{"id":1820,"href":"https:\/\/claro.fi\/en\/wp-json\/wp\/v2\/pages\/214\/revisions\/1820"}],"up":[{"embeddable":true,"href":"https:\/\/claro.fi\/en\/wp-json\/wp\/v2\/pages\/24"}],"wp:featuredmedia":[{"embeddable":true,"href":"https:\/\/claro.fi\/en\/wp-json\/wp\/v2\/media\/921"}],"wp:attachment":[{"href":"https:\/\/claro.fi\/en\/wp-json\/wp\/v2\/media?parent=214"}],"curies":[{"name":"wp","href":"https:\/\/api.w.org\/{rel}","templated":true}]}}