{"id":210,"date":"2020-04-12T20:02:26","date_gmt":"2020-04-12T17:02:26","guid":{"rendered":"https:\/\/claro.fi\/en\/?page_id=210"},"modified":"2020-06-04T17:58:47","modified_gmt":"2020-06-04T14:58:47","slug":"clarometric-360","status":"publish","type":"page","link":"https:\/\/claro.fi\/en\/claro-tools\/clarometric-360\/","title":{"rendered":"CLAROmetric 360\u00b0"},"content":{"rendered":"\n<div style=\"height:50px\" aria-hidden=\"true\" class=\"wp-block-spacer\"><\/div>\n\n\n\n<div class=\"wp-block-group ticss-68240b31\"><div class=\"wp-block-group__inner-container is-layout-flow wp-block-group-is-layout-flow\">\n<h2 class=\"has-text-align-left wp-block-heading\"><strong>CLAROmetric&nbsp;360\u00b0 &#8211;<strong>analysis &#8211;&nbsp;proven to improve work performance<\/strong><\/strong><\/h2>\n\n\n\n<div style=\"height:40px\" aria-hidden=\"true\" class=\"wp-block-spacer\"><\/div>\n\n\n\n<div class=\"wp-block-columns has-background row is-layout-flex wp-container-core-columns-is-layout-9d6595d7 wp-block-columns-is-layout-flex\" style=\"background-color:#f3f2f1\">\n<div class=\"wp-block-column col-md-6 ml-0 bigger-padding is-layout-flow wp-block-column-is-layout-flow\">\n<div style=\"height:20px\" aria-hidden=\"true\" class=\"wp-block-spacer\"><\/div>\n\n\n\n<h4 class=\"wp-block-heading\">WHAT?<\/h4>\n\n\n\n<ul class=\"wp-block-list\"><li>Gathering feedback about your performance and leadership skills from your subordinates, colleagues, supervisors and possibly from external stakeholders as well as self-evaluation by yourself<\/li><li>A balanced view of how others view your performance and your strengths and weaknesses<\/li><li>Individual and prioritized development plan to improve your performance<\/li><\/ul>\n\n\n\n<p><\/p>\n<\/div>\n\n\n\n<div class=\"wp-block-column col-md-6 ml-0 ticss-09f274e1 is-layout-flow wp-block-column-is-layout-flow\">\n<div class=\"wp-block-cover aligncenter ticss-def84ceb\" style=\"background-image:url(https:\/\/claro.fi\/en\/wp-content\/uploads\/sites\/3\/2020\/04\/claro-360-miksi-500x417-1.jpg);background-position:38% 12%;min-height:400px;aspect-ratio:unset;\"><div class=\"wp-block-cover__inner-container is-layout-flow wp-block-cover-is-layout-flow\">\n<p class=\"has-text-align-center has-large-font-size\"><\/p>\n<\/div><\/div>\n<\/div>\n<\/div>\n\n\n\n<div class=\"wp-block-columns has-background row is-layout-flex wp-container-core-columns-is-layout-9d6595d7 wp-block-columns-is-layout-flex\" style=\"background-color:#f3f2f1\">\n<div class=\"wp-block-column col-md-6 order-md-2 bigger-padding ml-0 ticss-ddb34009 is-layout-flow wp-block-column-is-layout-flow\">\n<div style=\"height:20px\" aria-hidden=\"true\" class=\"wp-block-spacer\"><\/div>\n\n\n\n<h4 class=\"wp-block-heading\">WHY?<\/h4>\n\n\n\n<ul class=\"wp-block-list\"><li>Opportunity to improve your performance based on the feedback from multiple sources<\/li><li>Excellent tool for becoming more effective and developing leadership skills<\/li><li>Increases self-awereness and helps you to understand how your behavior affects you and your organization<\/li><li>Opportunity to adjust behaviors and skills needed to reach the targets and strategy of your organization<\/li><li>Increases communication and improves feedback culture of your organization<\/li><li>Genuine changes&nbsp;in&nbsp;leadership behavior<\/li><\/ul>\n\n\n\n<div style=\"height:20px\" aria-hidden=\"true\" class=\"wp-block-spacer\"><\/div>\n\n\n\n<p><\/p>\n<\/div>\n\n\n\n<div class=\"wp-block-column col-md-6 order-md-1 ml-0 ticss-2f7608b7 is-layout-flow wp-block-column-is-layout-flow\">\n<div class=\"wp-block-cover aligncenter\" style=\"background-image:url(https:\/\/claro.fi\/en\/wp-content\/uploads\/sites\/3\/2020\/04\/claro-kari-ilmassa.jpg);min-height:400px;aspect-ratio:unset;\"><div class=\"wp-block-cover__inner-container is-layout-flow wp-block-cover-is-layout-flow\">\n<p class=\"has-text-align-center has-large-font-size\"><\/p>\n<\/div><\/div>\n<\/div>\n<\/div>\n\n\n\n<div class=\"wp-block-columns has-background row is-layout-flex wp-container-core-columns-is-layout-9d6595d7 wp-block-columns-is-layout-flex\" style=\"background-color:#f3f2f1\">\n<div class=\"wp-block-column col-md-6 ml-0 bigger-padding ticss-88272bd3 is-layout-flow wp-block-column-is-layout-flow\">\n<div style=\"height:20px\" aria-hidden=\"true\" class=\"wp-block-spacer\"><\/div>\n\n\n\n<h4 class=\"wp-block-heading\">HOW?<\/h4>\n\n\n\n<ul class=\"wp-block-list\"><li>CLARO 360\u00b0 analysis for non-managerial employees, managers or executives<\/li><li>Competency based online survey, convenient and easy to complete<\/li><li>Customized questions to different stakeholders, focusing on evaluating competencies needed to excel\u00a0in\u00a0your role<\/li><li>Questionnaire is based on the Claro Leadership model<ul><li>CLARO\u00a0self, CLARO\u00a0us, CLARO\u00a0focus, CLARO\u00a0results\u00a0<\/li><\/ul><\/li><li>CLARO 360-degree feedback analysis measures also how our actions affect the emotions and actions of others. \u00a0Our behavior is strongly influenced by emotions and therefore emotions also impact our performance.<\/li><li>One- on-one 360-feedback meeting with a coach to analyze the information received, to create an individual development plan and to decide how to share and discuss the results with your team. \u00a0<\/li><\/ul>\n\n\n\n<p><\/p>\n<\/div>\n\n\n\n<div class=\"wp-block-column col-md-6 ml-0 ticss-3aca78d3 is-layout-flow wp-block-column-is-layout-flow\">\n<div class=\"wp-block-cover aligncenter\" style=\"background-image:url(https:\/\/claro.fi\/en\/wp-content\/uploads\/sites\/3\/2020\/04\/claro-kari-maassa.jpg)\"><div class=\"wp-block-cover__inner-container is-layout-flow wp-block-cover-is-layout-flow\">\n<p class=\"has-text-align-center has-large-font-size\"><\/p>\n<\/div><\/div>\n<\/div>\n<\/div>\n\n\n\n<style>.container-page-content .wp-block-columns.has-background {padding: 0px;}.wp-block-columns {margin-bottom: 0px!important;}@media (max-width: 781px) and (min-width: 600px) {\n\t.wp-block-column {\n\t\tflex-basis: inherit!important;}}<\/style>\n<\/div><\/div>\n\n\n\n<div style=\"height:50px\" aria-hidden=\"true\" class=\"wp-block-spacer\"><\/div>\n","protected":false},"excerpt":{"rendered":"<p>CLAROmetric&nbsp;360\u00b0 &#8211;analysis &#8211;&nbsp;proven to improve work performance WHAT? Gathering feedback about your performance and leadership skills from your subordinates, colleagues, supervisors and possibly from external stakeholders as well as self-evaluation by yourself A balanced view of how others view your performance and your strengths and weaknesses Individual and prioritized development plan to improve your performance [&hellip;]<\/p>\n","protected":false},"author":1,"featured_media":381,"parent":24,"menu_order":20,"comment_status":"closed","ping_status":"closed","template":"keskitetty-sisalto-sivupohja.php","meta":{"_acf_changed":false,"_uag_custom_page_level_css":"","footnotes":""},"class_list":["post-210","page","type-page","status-publish","has-post-thumbnail","hentry"],"acf":[],"yoast_head":"<!-- This site is optimized with the Yoast SEO plugin v27.6 - https:\/\/yoast.com\/product\/yoast-seo-wordpress\/ -->\n<title>CLAROmetric 360\u00b0 - Claro Leaders Oy - EN<\/title>\n<meta name=\"robots\" content=\"index, follow, max-snippet:-1, max-image-preview:large, max-video-preview:-1\" \/>\n<link rel=\"canonical\" href=\"https:\/\/claro.fi\/en\/claro-tools\/clarometric-360\/\" \/>\n<meta property=\"og:locale\" content=\"en_US\" \/>\n<meta property=\"og:type\" content=\"article\" \/>\n<meta property=\"og:title\" content=\"CLAROmetric 360\u00b0 - Claro Leaders Oy - EN\" \/>\n<meta property=\"og:description\" content=\"CLAROmetric&nbsp;360\u00b0 &#8211;analysis &#8211;&nbsp;proven to improve work performance WHAT? Gathering feedback about your performance and leadership skills from your subordinates, colleagues, supervisors and possibly from external stakeholders as well as self-evaluation by yourself A balanced view of how others view your performance and your strengths and weaknesses Individual and prioritized development plan to improve your performance [&hellip;]\" \/>\n<meta property=\"og:url\" content=\"https:\/\/claro.fi\/en\/claro-tools\/clarometric-360\/\" \/>\n<meta property=\"og:site_name\" content=\"Claro Leaders Oy - EN\" \/>\n<meta property=\"article:modified_time\" content=\"2020-06-04T14:58:47+00:00\" \/>\n<meta property=\"og:image\" content=\"https:\/\/claro.fi\/en\/wp-content\/uploads\/sites\/3\/2020\/04\/toimintatapamme.jpg\" \/>\n\t<meta property=\"og:image:width\" content=\"768\" \/>\n\t<meta property=\"og:image:height\" content=\"600\" \/>\n\t<meta property=\"og:image:type\" content=\"image\/jpeg\" \/>\n<meta name=\"twitter:card\" content=\"summary_large_image\" \/>\n<meta name=\"twitter:label1\" content=\"Est. reading time\" \/>\n\t<meta name=\"twitter:data1\" content=\"1 minute\" \/>\n<script type=\"application\/ld+json\" class=\"yoast-schema-graph\">{\"@context\":\"https:\\\/\\\/schema.org\",\"@graph\":[{\"@type\":\"WebPage\",\"@id\":\"https:\\\/\\\/claro.fi\\\/en\\\/claro-tools\\\/clarometric-360\\\/\",\"url\":\"https:\\\/\\\/claro.fi\\\/en\\\/claro-tools\\\/clarometric-360\\\/\",\"name\":\"CLAROmetric 360\u00b0 - Claro Leaders Oy - EN\",\"isPartOf\":{\"@id\":\"\\\/#website\"},\"primaryImageOfPage\":{\"@id\":\"https:\\\/\\\/claro.fi\\\/en\\\/claro-tools\\\/clarometric-360\\\/#primaryimage\"},\"image\":{\"@id\":\"https:\\\/\\\/claro.fi\\\/en\\\/claro-tools\\\/clarometric-360\\\/#primaryimage\"},\"thumbnailUrl\":\"https:\\\/\\\/claro.fi\\\/en\\\/wp-content\\\/uploads\\\/sites\\\/3\\\/2020\\\/04\\\/toimintatapamme.jpg\",\"datePublished\":\"2020-04-12T17:02:26+00:00\",\"dateModified\":\"2020-06-04T14:58:47+00:00\",\"breadcrumb\":{\"@id\":\"https:\\\/\\\/claro.fi\\\/en\\\/claro-tools\\\/clarometric-360\\\/#breadcrumb\"},\"inLanguage\":\"en-US\",\"potentialAction\":[{\"@type\":\"ReadAction\",\"target\":[\"https:\\\/\\\/claro.fi\\\/en\\\/claro-tools\\\/clarometric-360\\\/\"]}]},{\"@type\":\"ImageObject\",\"inLanguage\":\"en-US\",\"@id\":\"https:\\\/\\\/claro.fi\\\/en\\\/claro-tools\\\/clarometric-360\\\/#primaryimage\",\"url\":\"https:\\\/\\\/claro.fi\\\/en\\\/wp-content\\\/uploads\\\/sites\\\/3\\\/2020\\\/04\\\/toimintatapamme.jpg\",\"contentUrl\":\"https:\\\/\\\/claro.fi\\\/en\\\/wp-content\\\/uploads\\\/sites\\\/3\\\/2020\\\/04\\\/toimintatapamme.jpg\",\"width\":768,\"height\":600},{\"@type\":\"BreadcrumbList\",\"@id\":\"https:\\\/\\\/claro.fi\\\/en\\\/claro-tools\\\/clarometric-360\\\/#breadcrumb\",\"itemListElement\":[{\"@type\":\"ListItem\",\"position\":1,\"name\":\"Home\",\"item\":\"https:\\\/\\\/claro.fi\\\/en\\\/\"},{\"@type\":\"ListItem\",\"position\":2,\"name\":\"Claro tools\",\"item\":\"https:\\\/\\\/claro.fi\\\/en\\\/claro-tools\\\/\"},{\"@type\":\"ListItem\",\"position\":3,\"name\":\"CLAROmetric 360\u00b0\"}]},{\"@type\":\"WebSite\",\"@id\":\"\\\/#website\",\"url\":\"\\\/\",\"name\":\"Claro Leaders Oy - EN\",\"description\":\"Claro Leaders Oy on erikoistunut hallitus- ja johtoryhm\u00e4ty\u00f6n mittaamiseen ja kehitt\u00e4miseen\",\"potentialAction\":[{\"@type\":\"SearchAction\",\"target\":{\"@type\":\"EntryPoint\",\"urlTemplate\":\"\\\/?s={search_term_string}\"},\"query-input\":{\"@type\":\"PropertyValueSpecification\",\"valueRequired\":true,\"valueName\":\"search_term_string\"}}],\"inLanguage\":\"en-US\"}]}<\/script>\n<!-- \/ Yoast SEO plugin. -->","yoast_head_json":{"title":"CLAROmetric 360\u00b0 - Claro Leaders Oy - EN","robots":{"index":"index","follow":"follow","max-snippet":"max-snippet:-1","max-image-preview":"max-image-preview:large","max-video-preview":"max-video-preview:-1"},"canonical":"https:\/\/claro.fi\/en\/claro-tools\/clarometric-360\/","og_locale":"en_US","og_type":"article","og_title":"CLAROmetric 360\u00b0 - Claro Leaders Oy - EN","og_description":"CLAROmetric&nbsp;360\u00b0 &#8211;analysis &#8211;&nbsp;proven to improve work performance WHAT? Gathering feedback about your performance and leadership skills from your subordinates, colleagues, supervisors and possibly from external stakeholders as well as self-evaluation by yourself A balanced view of how others view your performance and your strengths and weaknesses Individual and prioritized development plan to improve your performance [&hellip;]","og_url":"https:\/\/claro.fi\/en\/claro-tools\/clarometric-360\/","og_site_name":"Claro Leaders Oy - EN","article_modified_time":"2020-06-04T14:58:47+00:00","og_image":[{"width":768,"height":600,"url":"https:\/\/claro.fi\/en\/wp-content\/uploads\/sites\/3\/2020\/04\/toimintatapamme.jpg","type":"image\/jpeg"}],"twitter_card":"summary_large_image","twitter_misc":{"Est. reading time":"1 minute"},"schema":{"@context":"https:\/\/schema.org","@graph":[{"@type":"WebPage","@id":"https:\/\/claro.fi\/en\/claro-tools\/clarometric-360\/","url":"https:\/\/claro.fi\/en\/claro-tools\/clarometric-360\/","name":"CLAROmetric 360\u00b0 - Claro Leaders Oy - EN","isPartOf":{"@id":"\/#website"},"primaryImageOfPage":{"@id":"https:\/\/claro.fi\/en\/claro-tools\/clarometric-360\/#primaryimage"},"image":{"@id":"https:\/\/claro.fi\/en\/claro-tools\/clarometric-360\/#primaryimage"},"thumbnailUrl":"https:\/\/claro.fi\/en\/wp-content\/uploads\/sites\/3\/2020\/04\/toimintatapamme.jpg","datePublished":"2020-04-12T17:02:26+00:00","dateModified":"2020-06-04T14:58:47+00:00","breadcrumb":{"@id":"https:\/\/claro.fi\/en\/claro-tools\/clarometric-360\/#breadcrumb"},"inLanguage":"en-US","potentialAction":[{"@type":"ReadAction","target":["https:\/\/claro.fi\/en\/claro-tools\/clarometric-360\/"]}]},{"@type":"ImageObject","inLanguage":"en-US","@id":"https:\/\/claro.fi\/en\/claro-tools\/clarometric-360\/#primaryimage","url":"https:\/\/claro.fi\/en\/wp-content\/uploads\/sites\/3\/2020\/04\/toimintatapamme.jpg","contentUrl":"https:\/\/claro.fi\/en\/wp-content\/uploads\/sites\/3\/2020\/04\/toimintatapamme.jpg","width":768,"height":600},{"@type":"BreadcrumbList","@id":"https:\/\/claro.fi\/en\/claro-tools\/clarometric-360\/#breadcrumb","itemListElement":[{"@type":"ListItem","position":1,"name":"Home","item":"https:\/\/claro.fi\/en\/"},{"@type":"ListItem","position":2,"name":"Claro tools","item":"https:\/\/claro.fi\/en\/claro-tools\/"},{"@type":"ListItem","position":3,"name":"CLAROmetric 360\u00b0"}]},{"@type":"WebSite","@id":"\/#website","url":"\/","name":"Claro Leaders Oy - EN","description":"Claro Leaders Oy on erikoistunut hallitus- ja johtoryhm\u00e4ty\u00f6n mittaamiseen ja kehitt\u00e4miseen","potentialAction":[{"@type":"SearchAction","target":{"@type":"EntryPoint","urlTemplate":"\/?s={search_term_string}"},"query-input":{"@type":"PropertyValueSpecification","valueRequired":true,"valueName":"search_term_string"}}],"inLanguage":"en-US"}]}},"uagb_featured_image_src":{"full":["https:\/\/claro.fi\/en\/wp-content\/uploads\/sites\/3\/2020\/04\/toimintatapamme.jpg",768,600,false],"thumbnail":["https:\/\/claro.fi\/en\/wp-content\/uploads\/sites\/3\/2020\/04\/toimintatapamme-150x150.jpg",150,150,true],"medium":["https:\/\/claro.fi\/en\/wp-content\/uploads\/sites\/3\/2020\/04\/toimintatapamme-300x234.jpg",300,234,true],"medium_large":["https:\/\/claro.fi\/en\/wp-content\/uploads\/sites\/3\/2020\/04\/toimintatapamme.jpg",768,600,false],"large":["https:\/\/claro.fi\/en\/wp-content\/uploads\/sites\/3\/2020\/04\/toimintatapamme.jpg",768,600,false],"1536x1536":["https:\/\/claro.fi\/en\/wp-content\/uploads\/sites\/3\/2020\/04\/toimintatapamme.jpg",768,600,false],"2048x2048":["https:\/\/claro.fi\/en\/wp-content\/uploads\/sites\/3\/2020\/04\/toimintatapamme.jpg",768,600,false]},"uagb_author_info":{"display_name":"admin","author_link":"https:\/\/claro.fi\/en\/news-and-blog\/author\/admin\/"},"uagb_comment_info":0,"uagb_excerpt":"CLAROmetric&nbsp;360\u00b0 &#8211;analysis &#8211;&nbsp;proven to improve work performance WHAT? Gathering feedback about your performance and leadership skills from your subordinates, colleagues, supervisors and possibly from external stakeholders as well as self-evaluation by yourself A balanced view of how others view your performance and your strengths and weaknesses Individual and prioritized development plan to improve your performance&hellip;","_links":{"self":[{"href":"https:\/\/claro.fi\/en\/wp-json\/wp\/v2\/pages\/210","targetHints":{"allow":["GET"]}}],"collection":[{"href":"https:\/\/claro.fi\/en\/wp-json\/wp\/v2\/pages"}],"about":[{"href":"https:\/\/claro.fi\/en\/wp-json\/wp\/v2\/types\/page"}],"author":[{"embeddable":true,"href":"https:\/\/claro.fi\/en\/wp-json\/wp\/v2\/users\/1"}],"replies":[{"embeddable":true,"href":"https:\/\/claro.fi\/en\/wp-json\/wp\/v2\/comments?post=210"}],"version-history":[{"count":39,"href":"https:\/\/claro.fi\/en\/wp-json\/wp\/v2\/pages\/210\/revisions"}],"predecessor-version":[{"id":1819,"href":"https:\/\/claro.fi\/en\/wp-json\/wp\/v2\/pages\/210\/revisions\/1819"}],"up":[{"embeddable":true,"href":"https:\/\/claro.fi\/en\/wp-json\/wp\/v2\/pages\/24"}],"wp:featuredmedia":[{"embeddable":true,"href":"https:\/\/claro.fi\/en\/wp-json\/wp\/v2\/media\/381"}],"wp:attachment":[{"href":"https:\/\/claro.fi\/en\/wp-json\/wp\/v2\/media?parent=210"}],"curies":[{"name":"wp","href":"https:\/\/api.w.org\/{rel}","templated":true}]}}