{"id":199,"date":"2020-04-12T19:49:20","date_gmt":"2020-04-12T16:49:20","guid":{"rendered":"https:\/\/claro.fi\/en\/?page_id=199"},"modified":"2020-06-04T17:38:53","modified_gmt":"2020-06-04T14:38:53","slug":"our-client-experiences","status":"publish","type":"page","link":"https:\/\/claro.fi\/en\/claro\/our-client-experiences\/","title":{"rendered":"OUR CLIENT EXPERIENCES"},"content":{"rendered":"\n<div class=\"wp-block-group asiakkaan-kokemus ticss-44c4c830\"><div class=\"wp-block-group__inner-container is-layout-flow wp-block-group-is-layout-flow\">\n<h2 class=\"has-text-align-center ticss-b4958d7c wp-block-heading\">Examples of working with us<\/h2>\n\n\n\n<div class=\"referenssi-ohjaimet ticss-a6adaabe uagb-testomonial__outer-wrap uagb-slick-carousel uagb-tm__arrow-outside uagb-block-32d575eb-4d0e-4821-a0cf-01b94b40823f\"><div class=\"is-carousel uagb-tm__columns-1 uagb-tm__items\"><div class=\"uagb-testimonial__wrap  uagb-tm__imgicon-style-circle uagb-tm__image-position-bottom uagb-tm__bg-type-image \"><div class=\"uagb-tm__content\"><div class=\"uagb-tm__overlay\"><\/div><div class=\"uagb-tm__text-wrap\"><div class=\"uagb-testinomial-text-wrap\"><div class=\"uagb-tm__desc\">&#8220;It is very important to me that the HR assessment tools I use are based on scientific facts. Therefore I chose Narrative Big Five. It can be used in developing our leadership team but also in recruiting.&#8221;<\/div><\/div><div class=\"uagb-tm__meta\"><div class=\"uagb-tm__meta-inner\"><div class=\"uagb-testimonial-details\"><span class=\"uagb-tm__author-name\">\u2013 Tiina Nystr\u00f6m, Executive Vice President, General councel\u00a0 &amp; HR Director, Pohjolan Voima Oyj<\/span><span class=\"uagb-tm__company\"><\/span><\/div><\/div><\/div><\/div><\/div><\/div><div class=\"uagb-testimonial__wrap  uagb-tm__imgicon-style-circle uagb-tm__image-position-bottom uagb-tm__bg-type-image \"><div class=\"uagb-tm__content\"><div class=\"uagb-tm__overlay\"><\/div><div class=\"uagb-tm__text-wrap\"><div class=\"uagb-testinomial-text-wrap\"><div class=\"uagb-tm__desc\">&#8220;Claro helped us to generate new ideas and ways to improve our leadership team work. For example we were able to create more structured leadership team meeting agenda to improve the effectiveness of our meetings. Without Claro we couldn\u00b4t have achieved these results\u00a0in\u00a0such a short time.&#8221;<\/div><\/div><div class=\"uagb-tm__meta\"><div class=\"uagb-tm__meta-inner\"><div class=\"uagb-testimonial-details\"><span class=\"uagb-tm__author-name\">&#8211; \u00c5ke Blomqvist, Country General Manager, TNT Suomi Oy<\/span><span class=\"uagb-tm__company\"><\/span><\/div><\/div><\/div><\/div><\/div><\/div><div class=\"uagb-testimonial__wrap  uagb-tm__imgicon-style-circle uagb-tm__image-position-bottom uagb-tm__bg-type-image \"><div class=\"uagb-tm__content\"><div class=\"uagb-tm__overlay\"><\/div><div class=\"uagb-tm__text-wrap\"><div class=\"uagb-testinomial-text-wrap\"><div class=\"uagb-tm__desc\">&#8220;Claro Coaching eased the transition from Finnair HR into the role of a CEO of one of the Finnair subsidiaries. Later we have collaborated with Claro\u00a0in\u00a0360 \u2013assessments, team and individual coaching, change management and emotional intelligence training.&#8221;<\/div><\/div><div class=\"uagb-tm__meta\"><div class=\"uagb-tm__meta-inner\"><div class=\"uagb-testimonial-details\"><span class=\"uagb-tm__author-name\">&#8211; Ari Kuutschin,\u00a0 CEO, Northport Oy<\/span><span class=\"uagb-tm__company\"><\/span><\/div><\/div><\/div><\/div><\/div><\/div><div class=\"uagb-testimonial__wrap  uagb-tm__imgicon-style-circle uagb-tm__image-position-bottom uagb-tm__bg-type-image \"><div class=\"uagb-tm__content\"><div class=\"uagb-tm__overlay\"><\/div><div class=\"uagb-tm__text-wrap\"><div class=\"uagb-testinomial-text-wrap\"><div class=\"uagb-tm__desc\">&#8220;After revising our strategy it was essential to ensure everyone is excited and committed to strategy implementation. Claro helped us to really understand the importance of emotions at workplace and leading with emotion to touch and inspire.&#8221;<\/div><\/div><div class=\"uagb-tm__meta\"><div class=\"uagb-tm__meta-inner\"><div class=\"uagb-testimonial-details\"><span class=\"uagb-tm__author-name\">\u2013 Jukka Niemi, CEO, Yliopiston Apteekki<\/span><span class=\"uagb-tm__company\"><\/span><\/div><\/div><\/div><\/div><\/div><\/div><div class=\"uagb-testimonial__wrap  uagb-tm__imgicon-style-circle uagb-tm__image-position-bottom uagb-tm__bg-type-image \"><div class=\"uagb-tm__content\"><div class=\"uagb-tm__overlay\"><\/div><div class=\"uagb-tm__text-wrap\"><div class=\"uagb-testinomial-text-wrap\"><div class=\"uagb-tm__desc\">&#8220;Claro helped our leadership team to become more effective, improve our managerial competencies and to create relevant leadership and HR metrics when our company was\u00a0in\u00a0a high growth stage.&#8221;<\/div><\/div><div class=\"uagb-tm__meta\"><div class=\"uagb-tm__meta-inner\"><div class=\"uagb-testimonial-details\"><span class=\"uagb-tm__author-name\">&#8211; <a href=\"https:\/\/goodluck.media\/\">Risto Myllym\u00e4ki CEO &amp; Co-Founder Good Luck Media Ltd<\/a><\/span><span class=\"uagb-tm__company\"><\/span><\/div><\/div><\/div><\/div><\/div><\/div><div class=\"uagb-testimonial__wrap  uagb-tm__imgicon-style-circle uagb-tm__image-position-bottom uagb-tm__bg-type-image \"><div class=\"uagb-tm__content\"><div class=\"uagb-tm__overlay\"><\/div><div class=\"uagb-tm__text-wrap\"><div class=\"uagb-testinomial-text-wrap\"><div class=\"uagb-tm__desc\">&#8220;Our leadership team Narrative Big Five workshop with Claro was extremely interesting and the results reflected our group dynamics very well. Our collaboration with Claro has continued a long time and therefore they are able to challenge us\u00a0in\u00a0very concrete ways.&#8221;<\/div><\/div><div class=\"uagb-tm__meta\"><div class=\"uagb-tm__meta-inner\"><div class=\"uagb-testimonial-details\"><span class=\"uagb-tm__author-name\">\u2013 Pekka Tiainen, CEO, Sinebrychoff<\/span><span class=\"uagb-tm__company\"><\/span><\/div><\/div><\/div><\/div><\/div><\/div><div class=\"uagb-testimonial__wrap  uagb-tm__imgicon-style-circle uagb-tm__image-position-bottom uagb-tm__bg-type-image \"><div class=\"uagb-tm__content\"><div class=\"uagb-tm__overlay\"><\/div><div class=\"uagb-tm__text-wrap\"><div class=\"uagb-testinomial-text-wrap\"><div class=\"uagb-tm__desc\">&#8220;I chose Narrative Big Five to be our HR assessment tool because it is based on research and empirical data and deep understanding of our unique personality traits. At the same time it is very easy to use. After certification training I was well versed\u00a0in\u00a0the interpretation and administration of the Narrative Big Five assessment. I can warmly recommend Narrative Big Five.&#8221;<\/div><\/div><div class=\"uagb-tm__meta\"><div class=\"uagb-tm__meta-inner\"><div class=\"uagb-testimonial-details\"><span class=\"uagb-tm__author-name\">&#8211; Kirsi Nurmela, Vice President Human Resources, Murata<\/span><span class=\"uagb-tm__company\"><\/span><\/div><\/div><\/div><\/div><\/div><\/div><\/div><\/div>\n\n\n\n<div style=\"height:230px\" aria-hidden=\"true\" class=\"wp-block-spacer\"><\/div>\n<\/div><\/div>\n","protected":false},"excerpt":{"rendered":"<p>Examples of working with us<\/p>\n","protected":false},"author":1,"featured_media":1016,"parent":13,"menu_order":40,"comment_status":"closed","ping_status":"closed","template":"Normaali-sivupohja.php","meta":{"_acf_changed":false,"_uag_custom_page_level_css":"","footnotes":""},"class_list":["post-199","page","type-page","status-publish","has-post-thumbnail","hentry"],"acf":[],"yoast_head":"<!-- This site is optimized with the Yoast SEO plugin v27.5 - https:\/\/yoast.com\/product\/yoast-seo-wordpress\/ -->\n<title>OUR CLIENT EXPERIENCES - Claro Leaders Oy - EN<\/title>\n<meta name=\"robots\" content=\"index, follow, max-snippet:-1, max-image-preview:large, max-video-preview:-1\" \/>\n<link rel=\"canonical\" href=\"https:\/\/claro.fi\/en\/claro\/our-client-experiences\/\" \/>\n<meta property=\"og:locale\" content=\"en_US\" \/>\n<meta property=\"og:type\" content=\"article\" \/>\n<meta property=\"og:title\" content=\"OUR CLIENT EXPERIENCES - Claro Leaders Oy - EN\" \/>\n<meta property=\"og:description\" content=\"Examples of working with us\" \/>\n<meta property=\"og:url\" content=\"https:\/\/claro.fi\/en\/claro\/our-client-experiences\/\" \/>\n<meta property=\"og:site_name\" content=\"Claro Leaders Oy - EN\" \/>\n<meta property=\"article:modified_time\" content=\"2020-06-04T14:38:53+00:00\" \/>\n<meta property=\"og:image\" content=\"https:\/\/claro.fi\/en\/wp-content\/uploads\/sites\/3\/2020\/04\/claro-asiakkaan-kokemus-paakuva-2.jpg\" \/>\n\t<meta property=\"og:image:width\" content=\"1444\" \/>\n\t<meta property=\"og:image:height\" content=\"600\" \/>\n\t<meta property=\"og:image:type\" content=\"image\/jpeg\" \/>\n<meta name=\"twitter:card\" content=\"summary_large_image\" \/>\n<meta name=\"twitter:label1\" content=\"Est. reading time\" \/>\n\t<meta name=\"twitter:data1\" content=\"2 minutes\" \/>\n<script type=\"application\/ld+json\" class=\"yoast-schema-graph\">{\"@context\":\"https:\\\/\\\/schema.org\",\"@graph\":[{\"@type\":\"WebPage\",\"@id\":\"https:\\\/\\\/claro.fi\\\/en\\\/claro\\\/our-client-experiences\\\/\",\"url\":\"https:\\\/\\\/claro.fi\\\/en\\\/claro\\\/our-client-experiences\\\/\",\"name\":\"OUR CLIENT EXPERIENCES - Claro Leaders Oy - EN\",\"isPartOf\":{\"@id\":\"\\\/#website\"},\"primaryImageOfPage\":{\"@id\":\"https:\\\/\\\/claro.fi\\\/en\\\/claro\\\/our-client-experiences\\\/#primaryimage\"},\"image\":{\"@id\":\"https:\\\/\\\/claro.fi\\\/en\\\/claro\\\/our-client-experiences\\\/#primaryimage\"},\"thumbnailUrl\":\"https:\\\/\\\/claro.fi\\\/en\\\/wp-content\\\/uploads\\\/sites\\\/3\\\/2020\\\/04\\\/claro-asiakkaan-kokemus-paakuva-2.jpg\",\"datePublished\":\"2020-04-12T16:49:20+00:00\",\"dateModified\":\"2020-06-04T14:38:53+00:00\",\"breadcrumb\":{\"@id\":\"https:\\\/\\\/claro.fi\\\/en\\\/claro\\\/our-client-experiences\\\/#breadcrumb\"},\"inLanguage\":\"en-US\",\"potentialAction\":[{\"@type\":\"ReadAction\",\"target\":[\"https:\\\/\\\/claro.fi\\\/en\\\/claro\\\/our-client-experiences\\\/\"]}]},{\"@type\":\"ImageObject\",\"inLanguage\":\"en-US\",\"@id\":\"https:\\\/\\\/claro.fi\\\/en\\\/claro\\\/our-client-experiences\\\/#primaryimage\",\"url\":\"https:\\\/\\\/claro.fi\\\/en\\\/wp-content\\\/uploads\\\/sites\\\/3\\\/2020\\\/04\\\/claro-asiakkaan-kokemus-paakuva-2.jpg\",\"contentUrl\":\"https:\\\/\\\/claro.fi\\\/en\\\/wp-content\\\/uploads\\\/sites\\\/3\\\/2020\\\/04\\\/claro-asiakkaan-kokemus-paakuva-2.jpg\",\"width\":1444,\"height\":600},{\"@type\":\"BreadcrumbList\",\"@id\":\"https:\\\/\\\/claro.fi\\\/en\\\/claro\\\/our-client-experiences\\\/#breadcrumb\",\"itemListElement\":[{\"@type\":\"ListItem\",\"position\":1,\"name\":\"Home\",\"item\":\"https:\\\/\\\/claro.fi\\\/en\\\/\"},{\"@type\":\"ListItem\",\"position\":2,\"name\":\"Claro\",\"item\":\"https:\\\/\\\/claro.fi\\\/en\\\/claro\\\/\"},{\"@type\":\"ListItem\",\"position\":3,\"name\":\"OUR CLIENT EXPERIENCES\"}]},{\"@type\":\"WebSite\",\"@id\":\"\\\/#website\",\"url\":\"\\\/\",\"name\":\"Claro Leaders Oy - EN\",\"description\":\"Claro Leaders Oy on erikoistunut hallitus- ja johtoryhm\u00e4ty\u00f6n mittaamiseen ja kehitt\u00e4miseen\",\"potentialAction\":[{\"@type\":\"SearchAction\",\"target\":{\"@type\":\"EntryPoint\",\"urlTemplate\":\"\\\/?s={search_term_string}\"},\"query-input\":{\"@type\":\"PropertyValueSpecification\",\"valueRequired\":true,\"valueName\":\"search_term_string\"}}],\"inLanguage\":\"en-US\"}]}<\/script>\n<!-- \/ Yoast SEO plugin. -->","yoast_head_json":{"title":"OUR CLIENT EXPERIENCES - Claro Leaders Oy - EN","robots":{"index":"index","follow":"follow","max-snippet":"max-snippet:-1","max-image-preview":"max-image-preview:large","max-video-preview":"max-video-preview:-1"},"canonical":"https:\/\/claro.fi\/en\/claro\/our-client-experiences\/","og_locale":"en_US","og_type":"article","og_title":"OUR CLIENT EXPERIENCES - Claro Leaders Oy - EN","og_description":"Examples of working with us","og_url":"https:\/\/claro.fi\/en\/claro\/our-client-experiences\/","og_site_name":"Claro Leaders Oy - EN","article_modified_time":"2020-06-04T14:38:53+00:00","og_image":[{"width":1444,"height":600,"url":"https:\/\/claro.fi\/en\/wp-content\/uploads\/sites\/3\/2020\/04\/claro-asiakkaan-kokemus-paakuva-2.jpg","type":"image\/jpeg"}],"twitter_card":"summary_large_image","twitter_misc":{"Est. reading time":"2 minutes"},"schema":{"@context":"https:\/\/schema.org","@graph":[{"@type":"WebPage","@id":"https:\/\/claro.fi\/en\/claro\/our-client-experiences\/","url":"https:\/\/claro.fi\/en\/claro\/our-client-experiences\/","name":"OUR CLIENT EXPERIENCES - Claro Leaders Oy - EN","isPartOf":{"@id":"\/#website"},"primaryImageOfPage":{"@id":"https:\/\/claro.fi\/en\/claro\/our-client-experiences\/#primaryimage"},"image":{"@id":"https:\/\/claro.fi\/en\/claro\/our-client-experiences\/#primaryimage"},"thumbnailUrl":"https:\/\/claro.fi\/en\/wp-content\/uploads\/sites\/3\/2020\/04\/claro-asiakkaan-kokemus-paakuva-2.jpg","datePublished":"2020-04-12T16:49:20+00:00","dateModified":"2020-06-04T14:38:53+00:00","breadcrumb":{"@id":"https:\/\/claro.fi\/en\/claro\/our-client-experiences\/#breadcrumb"},"inLanguage":"en-US","potentialAction":[{"@type":"ReadAction","target":["https:\/\/claro.fi\/en\/claro\/our-client-experiences\/"]}]},{"@type":"ImageObject","inLanguage":"en-US","@id":"https:\/\/claro.fi\/en\/claro\/our-client-experiences\/#primaryimage","url":"https:\/\/claro.fi\/en\/wp-content\/uploads\/sites\/3\/2020\/04\/claro-asiakkaan-kokemus-paakuva-2.jpg","contentUrl":"https:\/\/claro.fi\/en\/wp-content\/uploads\/sites\/3\/2020\/04\/claro-asiakkaan-kokemus-paakuva-2.jpg","width":1444,"height":600},{"@type":"BreadcrumbList","@id":"https:\/\/claro.fi\/en\/claro\/our-client-experiences\/#breadcrumb","itemListElement":[{"@type":"ListItem","position":1,"name":"Home","item":"https:\/\/claro.fi\/en\/"},{"@type":"ListItem","position":2,"name":"Claro","item":"https:\/\/claro.fi\/en\/claro\/"},{"@type":"ListItem","position":3,"name":"OUR CLIENT EXPERIENCES"}]},{"@type":"WebSite","@id":"\/#website","url":"\/","name":"Claro Leaders Oy - EN","description":"Claro Leaders Oy on erikoistunut hallitus- ja johtoryhm\u00e4ty\u00f6n mittaamiseen ja kehitt\u00e4miseen","potentialAction":[{"@type":"SearchAction","target":{"@type":"EntryPoint","urlTemplate":"\/?s={search_term_string}"},"query-input":{"@type":"PropertyValueSpecification","valueRequired":true,"valueName":"search_term_string"}}],"inLanguage":"en-US"}]}},"uagb_featured_image_src":{"full":["https:\/\/claro.fi\/en\/wp-content\/uploads\/sites\/3\/2020\/04\/claro-asiakkaan-kokemus-paakuva-2.jpg",1444,600,false],"thumbnail":["https:\/\/claro.fi\/en\/wp-content\/uploads\/sites\/3\/2020\/04\/claro-asiakkaan-kokemus-paakuva-2-150x150.jpg",150,150,true],"medium":["https:\/\/claro.fi\/en\/wp-content\/uploads\/sites\/3\/2020\/04\/claro-asiakkaan-kokemus-paakuva-2-300x125.jpg",300,125,true],"medium_large":["https:\/\/claro.fi\/en\/wp-content\/uploads\/sites\/3\/2020\/04\/claro-asiakkaan-kokemus-paakuva-2-768x319.jpg",768,319,true],"large":["https:\/\/claro.fi\/en\/wp-content\/uploads\/sites\/3\/2020\/04\/claro-asiakkaan-kokemus-paakuva-2-1024x425.jpg",1024,425,true],"1536x1536":["https:\/\/claro.fi\/en\/wp-content\/uploads\/sites\/3\/2020\/04\/claro-asiakkaan-kokemus-paakuva-2.jpg",1444,600,false],"2048x2048":["https:\/\/claro.fi\/en\/wp-content\/uploads\/sites\/3\/2020\/04\/claro-asiakkaan-kokemus-paakuva-2.jpg",1444,600,false]},"uagb_author_info":{"display_name":"admin","author_link":"https:\/\/claro.fi\/en\/news-and-blog\/author\/admin\/"},"uagb_comment_info":0,"uagb_excerpt":"Examples of working with us","_links":{"self":[{"href":"https:\/\/claro.fi\/en\/wp-json\/wp\/v2\/pages\/199","targetHints":{"allow":["GET"]}}],"collection":[{"href":"https:\/\/claro.fi\/en\/wp-json\/wp\/v2\/pages"}],"about":[{"href":"https:\/\/claro.fi\/en\/wp-json\/wp\/v2\/types\/page"}],"author":[{"embeddable":true,"href":"https:\/\/claro.fi\/en\/wp-json\/wp\/v2\/users\/1"}],"replies":[{"embeddable":true,"href":"https:\/\/claro.fi\/en\/wp-json\/wp\/v2\/comments?post=199"}],"version-history":[{"count":43,"href":"https:\/\/claro.fi\/en\/wp-json\/wp\/v2\/pages\/199\/revisions"}],"predecessor-version":[{"id":1812,"href":"https:\/\/claro.fi\/en\/wp-json\/wp\/v2\/pages\/199\/revisions\/1812"}],"up":[{"embeddable":true,"href":"https:\/\/claro.fi\/en\/wp-json\/wp\/v2\/pages\/13"}],"wp:featuredmedia":[{"embeddable":true,"href":"https:\/\/claro.fi\/en\/wp-json\/wp\/v2\/media\/1016"}],"wp:attachment":[{"href":"https:\/\/claro.fi\/en\/wp-json\/wp\/v2\/media?parent=199"}],"curies":[{"name":"wp","href":"https:\/\/api.w.org\/{rel}","templated":true}]}}