{"id":191,"date":"2020-04-12T19:48:42","date_gmt":"2020-04-12T16:48:42","guid":{"rendered":"https:\/\/claro.fi\/en\/?page_id=191"},"modified":"2020-05-25T20:23:02","modified_gmt":"2020-05-25T17:23:02","slug":"our-approach","status":"publish","type":"page","link":"https:\/\/claro.fi\/en\/claro\/our-approach\/","title":{"rendered":"OUR APPROACH"},"content":{"rendered":"\n<div style=\"height:120px\" aria-hidden=\"true\" class=\"wp-block-spacer\"><\/div>\n\n\n\n<div class=\"wp-block-group ticss-7c96a29d\"><div class=\"wp-block-group__inner-container is-layout-flow wp-block-group-is-layout-flow\">\n<h2 class=\"has-text-align-right wp-block-heading\">Tomorrow&#8217;s <span style=\"color: #5a7998;\">Leadership<\/span><\/h2>\n<\/div><\/div>\n\n\n\n<div class=\"wp-block-group ticss-2fe529b7 claro-container\"><div class=\"wp-block-group__inner-container is-layout-flow wp-block-group-is-layout-flow\">\n<div class=\"wp-block-columns row is-layout-flex wp-container-core-columns-is-layout-9d6595d7 wp-block-columns-is-layout-flex\">\n<div class=\"wp-block-column col-md-3 ml-0 is-layout-flow wp-block-column-is-layout-flow\">\n<h3 class=\"ticss-47f89759 wp-block-heading\">C larity<\/h3>\n<\/div>\n\n\n\n<div class=\"wp-block-column col-md-3 ml-0 ticss-cdfa631f is-layout-flow wp-block-column-is-layout-flow\">\n<p>-Lucidity and simplicity<\/p>\n<\/div>\n\n\n\n<div class=\"wp-block-column col-md-4 ml-0 ticss-823c60e5 is-layout-flow wp-block-column-is-layout-flow\">\n<p>Is your or your Excutive team\u00b4s vision clear enough?<\/p>\n<\/div>\n\n\n\n<div class=\"wp-block-column col-md-2 ml-0 ticss-823c60e5 teksti-oikeelle is-layout-flow wp-block-column-is-layout-flow\">\n<p class=\"has-text-color has-very-dark-gray-color claro-pieni-painike ticss-19818e40\"><a href=\"https:\/\/claro.fi\/en\/claro-tools\/claro-coaching\/\">Read more<\/a><\/p>\n<\/div>\n<\/div>\n\n\n\n<div class=\"wp-block-columns row is-layout-flex wp-container-core-columns-is-layout-9d6595d7 wp-block-columns-is-layout-flex\">\n<div class=\"wp-block-column col-md-3 ml-0 is-layout-flow wp-block-column-is-layout-flow\">\n<h3 class=\"ticss-47f89759 wp-block-heading\">L eadership<\/h3>\n<\/div>\n\n\n\n<div class=\"wp-block-column col-md-3 ml-0 ticss-cdfa631f is-layout-flow wp-block-column-is-layout-flow\">\n<p>-Inspiring leadership<\/p>\n<\/div>\n\n\n\n<div class=\"wp-block-column col-md-4 ml-0 ticss-823c60e5 is-layout-flow wp-block-column-is-layout-flow\">\n<p class=\"has-text-color has-very-dark-gray-color claro-pieni-painike ticss-26cb8ecf\">Are you getting the best out of your Executive team?<\/p>\n<\/div>\n\n\n\n<div class=\"wp-block-column col-md-2 ml-0 ticss-040fb7e2 teksti-oikeelle is-layout-flow wp-block-column-is-layout-flow\">\n<p class=\"has-text-color has-very-dark-gray-color claro-pieni-painike\"><a href=\"https:\/\/claro.fi\/en\/claro-tools\/clarometric-management-team\/\">Read more<\/a><\/p>\n<\/div>\n<\/div>\n\n\n\n<div class=\"wp-block-columns row is-layout-flex wp-container-core-columns-is-layout-9d6595d7 wp-block-columns-is-layout-flex\">\n<div class=\"wp-block-column col-md-3 ml-0 is-layout-flow wp-block-column-is-layout-flow\">\n<h3 class=\"ticss-47f89759 wp-block-heading\">A ttitude<\/h3>\n<\/div>\n\n\n\n<div class=\"wp-block-column col-md-3 ml-0 ticss-cdfa631f is-layout-flow wp-block-column-is-layout-flow\">\n<p>-Right attitude and valuing and utilizing diversity<\/p>\n<\/div>\n\n\n\n<div class=\"wp-block-column col-md-4 ml-0 ticss-823c60e5 is-layout-flow wp-block-column-is-layout-flow\">\n<p class=\"has-text-color has-very-dark-gray-color claro-pieni-painike ticss-5d495d0a\">Do you have the right people&nbsp;in&nbsp;the right place?<\/p>\n<\/div>\n\n\n\n<div class=\"wp-block-column col-md-2 ml-0 ticss-0605044c teksti-oikeelle is-layout-flow wp-block-column-is-layout-flow\">\n<p class=\"has-text-color has-very-dark-gray-color claro-pieni-painike\"><a href=\"https:\/\/claro.fi\/en\/big-5-certification\/\">Read more<\/a><\/p>\n<\/div>\n<\/div>\n\n\n\n<div class=\"wp-block-columns row is-layout-flex wp-container-core-columns-is-layout-9d6595d7 wp-block-columns-is-layout-flex\">\n<div class=\"wp-block-column col-md-3 ml-0 is-layout-flow wp-block-column-is-layout-flow\">\n<h3 class=\"ticss-47f89759 wp-block-heading\">R esults<\/h3>\n<\/div>\n\n\n\n<div class=\"wp-block-column col-md-3 ml-0 ticss-cdfa631f is-layout-flow wp-block-column-is-layout-flow\">\n<p>-Measurable results and genuine change<\/p>\n<\/div>\n\n\n\n<div class=\"wp-block-column col-md-4 ml-0 ticss-823c60e5 is-layout-flow wp-block-column-is-layout-flow\">\n<p class=\"has-text-color has-very-dark-gray-color claro-pieni-painike ticss-9eb9a4bc\">Do you measure leadership and management team work?<\/p>\n<\/div>\n\n\n\n<div class=\"wp-block-column col-md-2 ml-0 ticss-8f4a4a00 teksti-oikeelle is-layout-flow wp-block-column-is-layout-flow\">\n<p class=\"has-text-color has-very-dark-gray-color claro-pieni-painike\"><a href=\"https:\/\/claro.fi\/en\/claro-tools\/\">Read more<\/a><\/p>\n<\/div>\n<\/div>\n\n\n\n<div class=\"wp-block-columns row is-layout-flex wp-container-core-columns-is-layout-9d6595d7 wp-block-columns-is-layout-flex\">\n<div class=\"wp-block-column col-md-3 ml-0 is-layout-flow wp-block-column-is-layout-flow\">\n<h3 class=\"ticss-47f89759 wp-block-heading\">O pportunities<\/h3>\n<\/div>\n\n\n\n<div class=\"wp-block-column col-md-3 ml-0 ticss-cdfa631f is-layout-flow wp-block-column-is-layout-flow\">\n<p>-Emotional intelligence is key to successful leadership<\/p>\n<\/div>\n\n\n\n<div class=\"wp-block-column col-md-4 ml-0 ticss-823c60e5 is-layout-flow wp-block-column-is-layout-flow\">\n<p class=\"has-text-color has-very-dark-gray-color claro-pieni-painike ticss-624d1c95\">What are the WOW factors of your organization?<\/p>\n<\/div>\n\n\n\n<div class=\"wp-block-column col-md-2 ml-0 ticss-aa37d1a0 teksti-oikeelle is-layout-flow wp-block-column-is-layout-flow\">\n<p class=\"has-text-color has-very-dark-gray-color claro-pieni-painike\"><a href=\"https:\/\/claro.fi\/en\/claro-tools\/claro-emotions\/\">Read more<\/a><\/p>\n<\/div>\n<\/div>\n<\/div><\/div>\n\n\n\n<p><\/p>\n","protected":false},"excerpt":{"rendered":"<p>Tomorrow&#8217;s Leadership<\/p>\n","protected":false},"author":1,"featured_media":1025,"parent":13,"menu_order":20,"comment_status":"closed","ping_status":"closed","template":"Normaali-sivupohja.php","meta":{"_acf_changed":false,"_uag_custom_page_level_css":"","footnotes":""},"class_list":["post-191","page","type-page","status-publish","has-post-thumbnail","hentry"],"acf":[],"yoast_head":"<!-- This site is optimized with the Yoast SEO plugin v27.4 - https:\/\/yoast.com\/product\/yoast-seo-wordpress\/ -->\n<title>OUR APPROACH - Claro Leaders Oy - EN<\/title>\n<meta name=\"robots\" content=\"index, follow, max-snippet:-1, max-image-preview:large, max-video-preview:-1\" \/>\n<link rel=\"canonical\" href=\"https:\/\/claro.fi\/en\/claro\/our-approach\/\" \/>\n<meta property=\"og:locale\" content=\"en_US\" \/>\n<meta property=\"og:type\" content=\"article\" \/>\n<meta property=\"og:title\" content=\"OUR APPROACH - Claro Leaders Oy - EN\" \/>\n<meta property=\"og:description\" content=\"Tomorrow&#8217;s Leadership\" \/>\n<meta property=\"og:url\" content=\"https:\/\/claro.fi\/en\/claro\/our-approach\/\" \/>\n<meta property=\"og:site_name\" content=\"Claro Leaders Oy - EN\" \/>\n<meta property=\"article:modified_time\" content=\"2020-05-25T17:23:02+00:00\" \/>\n<meta property=\"og:image\" content=\"https:\/\/claro.fi\/en\/wp-content\/uploads\/sites\/3\/2020\/04\/toimintatapamme-paakuva.jpg\" \/>\n\t<meta property=\"og:image:width\" content=\"1920\" \/>\n\t<meta property=\"og:image:height\" content=\"650\" \/>\n\t<meta property=\"og:image:type\" content=\"image\/jpeg\" \/>\n<meta name=\"twitter:card\" content=\"summary_large_image\" \/>\n<script type=\"application\/ld+json\" class=\"yoast-schema-graph\">{\"@context\":\"https:\\\/\\\/schema.org\",\"@graph\":[{\"@type\":\"WebPage\",\"@id\":\"https:\\\/\\\/claro.fi\\\/en\\\/claro\\\/our-approach\\\/\",\"url\":\"https:\\\/\\\/claro.fi\\\/en\\\/claro\\\/our-approach\\\/\",\"name\":\"OUR APPROACH - Claro Leaders Oy - EN\",\"isPartOf\":{\"@id\":\"\\\/#website\"},\"primaryImageOfPage\":{\"@id\":\"https:\\\/\\\/claro.fi\\\/en\\\/claro\\\/our-approach\\\/#primaryimage\"},\"image\":{\"@id\":\"https:\\\/\\\/claro.fi\\\/en\\\/claro\\\/our-approach\\\/#primaryimage\"},\"thumbnailUrl\":\"https:\\\/\\\/claro.fi\\\/en\\\/wp-content\\\/uploads\\\/sites\\\/3\\\/2020\\\/04\\\/toimintatapamme-paakuva.jpg\",\"datePublished\":\"2020-04-12T16:48:42+00:00\",\"dateModified\":\"2020-05-25T17:23:02+00:00\",\"breadcrumb\":{\"@id\":\"https:\\\/\\\/claro.fi\\\/en\\\/claro\\\/our-approach\\\/#breadcrumb\"},\"inLanguage\":\"en-US\",\"potentialAction\":[{\"@type\":\"ReadAction\",\"target\":[\"https:\\\/\\\/claro.fi\\\/en\\\/claro\\\/our-approach\\\/\"]}]},{\"@type\":\"ImageObject\",\"inLanguage\":\"en-US\",\"@id\":\"https:\\\/\\\/claro.fi\\\/en\\\/claro\\\/our-approach\\\/#primaryimage\",\"url\":\"https:\\\/\\\/claro.fi\\\/en\\\/wp-content\\\/uploads\\\/sites\\\/3\\\/2020\\\/04\\\/toimintatapamme-paakuva.jpg\",\"contentUrl\":\"https:\\\/\\\/claro.fi\\\/en\\\/wp-content\\\/uploads\\\/sites\\\/3\\\/2020\\\/04\\\/toimintatapamme-paakuva.jpg\",\"width\":1920,\"height\":650},{\"@type\":\"BreadcrumbList\",\"@id\":\"https:\\\/\\\/claro.fi\\\/en\\\/claro\\\/our-approach\\\/#breadcrumb\",\"itemListElement\":[{\"@type\":\"ListItem\",\"position\":1,\"name\":\"Home\",\"item\":\"https:\\\/\\\/claro.fi\\\/en\\\/\"},{\"@type\":\"ListItem\",\"position\":2,\"name\":\"Claro\",\"item\":\"https:\\\/\\\/claro.fi\\\/en\\\/claro\\\/\"},{\"@type\":\"ListItem\",\"position\":3,\"name\":\"OUR APPROACH\"}]},{\"@type\":\"WebSite\",\"@id\":\"\\\/#website\",\"url\":\"\\\/\",\"name\":\"Claro Leaders Oy - EN\",\"description\":\"Claro Leaders Oy on erikoistunut hallitus- ja johtoryhm\u00e4ty\u00f6n mittaamiseen ja kehitt\u00e4miseen\",\"potentialAction\":[{\"@type\":\"SearchAction\",\"target\":{\"@type\":\"EntryPoint\",\"urlTemplate\":\"\\\/?s={search_term_string}\"},\"query-input\":{\"@type\":\"PropertyValueSpecification\",\"valueRequired\":true,\"valueName\":\"search_term_string\"}}],\"inLanguage\":\"en-US\"}]}<\/script>\n<!-- \/ Yoast SEO plugin. -->","yoast_head_json":{"title":"OUR APPROACH - Claro Leaders Oy - EN","robots":{"index":"index","follow":"follow","max-snippet":"max-snippet:-1","max-image-preview":"max-image-preview:large","max-video-preview":"max-video-preview:-1"},"canonical":"https:\/\/claro.fi\/en\/claro\/our-approach\/","og_locale":"en_US","og_type":"article","og_title":"OUR APPROACH - Claro Leaders Oy - EN","og_description":"Tomorrow&#8217;s Leadership","og_url":"https:\/\/claro.fi\/en\/claro\/our-approach\/","og_site_name":"Claro Leaders Oy - EN","article_modified_time":"2020-05-25T17:23:02+00:00","og_image":[{"width":1920,"height":650,"url":"https:\/\/claro.fi\/en\/wp-content\/uploads\/sites\/3\/2020\/04\/toimintatapamme-paakuva.jpg","type":"image\/jpeg"}],"twitter_card":"summary_large_image","schema":{"@context":"https:\/\/schema.org","@graph":[{"@type":"WebPage","@id":"https:\/\/claro.fi\/en\/claro\/our-approach\/","url":"https:\/\/claro.fi\/en\/claro\/our-approach\/","name":"OUR APPROACH - Claro Leaders Oy - EN","isPartOf":{"@id":"\/#website"},"primaryImageOfPage":{"@id":"https:\/\/claro.fi\/en\/claro\/our-approach\/#primaryimage"},"image":{"@id":"https:\/\/claro.fi\/en\/claro\/our-approach\/#primaryimage"},"thumbnailUrl":"https:\/\/claro.fi\/en\/wp-content\/uploads\/sites\/3\/2020\/04\/toimintatapamme-paakuva.jpg","datePublished":"2020-04-12T16:48:42+00:00","dateModified":"2020-05-25T17:23:02+00:00","breadcrumb":{"@id":"https:\/\/claro.fi\/en\/claro\/our-approach\/#breadcrumb"},"inLanguage":"en-US","potentialAction":[{"@type":"ReadAction","target":["https:\/\/claro.fi\/en\/claro\/our-approach\/"]}]},{"@type":"ImageObject","inLanguage":"en-US","@id":"https:\/\/claro.fi\/en\/claro\/our-approach\/#primaryimage","url":"https:\/\/claro.fi\/en\/wp-content\/uploads\/sites\/3\/2020\/04\/toimintatapamme-paakuva.jpg","contentUrl":"https:\/\/claro.fi\/en\/wp-content\/uploads\/sites\/3\/2020\/04\/toimintatapamme-paakuva.jpg","width":1920,"height":650},{"@type":"BreadcrumbList","@id":"https:\/\/claro.fi\/en\/claro\/our-approach\/#breadcrumb","itemListElement":[{"@type":"ListItem","position":1,"name":"Home","item":"https:\/\/claro.fi\/en\/"},{"@type":"ListItem","position":2,"name":"Claro","item":"https:\/\/claro.fi\/en\/claro\/"},{"@type":"ListItem","position":3,"name":"OUR APPROACH"}]},{"@type":"WebSite","@id":"\/#website","url":"\/","name":"Claro Leaders Oy - EN","description":"Claro Leaders Oy on erikoistunut hallitus- ja johtoryhm\u00e4ty\u00f6n mittaamiseen ja kehitt\u00e4miseen","potentialAction":[{"@type":"SearchAction","target":{"@type":"EntryPoint","urlTemplate":"\/?s={search_term_string}"},"query-input":{"@type":"PropertyValueSpecification","valueRequired":true,"valueName":"search_term_string"}}],"inLanguage":"en-US"}]}},"uagb_featured_image_src":{"full":["https:\/\/claro.fi\/en\/wp-content\/uploads\/sites\/3\/2020\/04\/toimintatapamme-paakuva.jpg",1920,650,false],"thumbnail":["https:\/\/claro.fi\/en\/wp-content\/uploads\/sites\/3\/2020\/04\/toimintatapamme-paakuva-150x150.jpg",150,150,true],"medium":["https:\/\/claro.fi\/en\/wp-content\/uploads\/sites\/3\/2020\/04\/toimintatapamme-paakuva-300x102.jpg",300,102,true],"medium_large":["https:\/\/claro.fi\/en\/wp-content\/uploads\/sites\/3\/2020\/04\/toimintatapamme-paakuva-768x260.jpg",768,260,true],"large":["https:\/\/claro.fi\/en\/wp-content\/uploads\/sites\/3\/2020\/04\/toimintatapamme-paakuva-1024x347.jpg",1024,347,true],"1536x1536":["https:\/\/claro.fi\/en\/wp-content\/uploads\/sites\/3\/2020\/04\/toimintatapamme-paakuva-1536x520.jpg",1536,520,true],"2048x2048":["https:\/\/claro.fi\/en\/wp-content\/uploads\/sites\/3\/2020\/04\/toimintatapamme-paakuva.jpg",1920,650,false]},"uagb_author_info":{"display_name":"admin","author_link":"https:\/\/claro.fi\/en\/news-and-blog\/author\/admin\/"},"uagb_comment_info":0,"uagb_excerpt":"Tomorrow&#8217;s Leadership","_links":{"self":[{"href":"https:\/\/claro.fi\/en\/wp-json\/wp\/v2\/pages\/191","targetHints":{"allow":["GET"]}}],"collection":[{"href":"https:\/\/claro.fi\/en\/wp-json\/wp\/v2\/pages"}],"about":[{"href":"https:\/\/claro.fi\/en\/wp-json\/wp\/v2\/types\/page"}],"author":[{"embeddable":true,"href":"https:\/\/claro.fi\/en\/wp-json\/wp\/v2\/users\/1"}],"replies":[{"embeddable":true,"href":"https:\/\/claro.fi\/en\/wp-json\/wp\/v2\/comments?post=191"}],"version-history":[{"count":16,"href":"https:\/\/claro.fi\/en\/wp-json\/wp\/v2\/pages\/191\/revisions"}],"predecessor-version":[{"id":1628,"href":"https:\/\/claro.fi\/en\/wp-json\/wp\/v2\/pages\/191\/revisions\/1628"}],"up":[{"embeddable":true,"href":"https:\/\/claro.fi\/en\/wp-json\/wp\/v2\/pages\/13"}],"wp:featuredmedia":[{"embeddable":true,"href":"https:\/\/claro.fi\/en\/wp-json\/wp\/v2\/media\/1025"}],"wp:attachment":[{"href":"https:\/\/claro.fi\/en\/wp-json\/wp\/v2\/media?parent=191"}],"curies":[{"name":"wp","href":"https:\/\/api.w.org\/{rel}","templated":true}]}}