{"id":189,"date":"2020-04-12T19:48:04","date_gmt":"2020-04-12T16:48:04","guid":{"rendered":"https:\/\/claro.fi\/en\/?page_id=189"},"modified":"2020-06-04T17:48:19","modified_gmt":"2020-06-04T14:48:19","slug":"our-leadership-philosophy","status":"publish","type":"page","link":"https:\/\/claro.fi\/en\/claro\/our-leadership-philosophy\/","title":{"rendered":"Our leadership philosophy"},"content":{"rendered":"\n<div style=\"height:20px\" aria-hidden=\"true\" class=\"wp-block-spacer\"><\/div>\n\n\n\n<h2 class=\"has-text-color ticss-0472e03f wp-block-heading\" style=\"color:#0b186b\">Our leadership philosophy&nbsp;<\/h2>\n\n\n\n<div class=\"wp-block-group ticss-dd9174fa\"><div class=\"wp-block-group__inner-container is-layout-flow wp-block-group-is-layout-flow\">\n<p>We believe&nbsp;in&nbsp;clarity and simplicity&nbsp;in&nbsp;leadership and leadership development because leading is much easier when you know what needs to be done.&nbsp;Claro helps your leadership team to find out and focus on what is truly important and make clarity your strength. Organizational culture can be transformed and targets achieved by great leadership.<\/p>\n<\/div><\/div>\n\n\n\n<div class=\"wp-block-columns row is-layout-flex wp-container-core-columns-is-layout-9d6595d7 wp-block-columns-is-layout-flex\">\n<div class=\"wp-block-column col-lg-6 order-lg-2 ml-0 ticss-113fae76 is-layout-flow wp-block-column-is-layout-flow\">\n<div class=\"wp-block-image\"><figure class=\"aligncenter size-large is-resized\"><img loading=\"lazy\" decoding=\"async\" src=\"https:\/\/claro.fi\/en\/wp-content\/uploads\/sites\/3\/2020\/05\/johtamisen-filosofiamme-artikkelikuva.jpg\" alt=\"\" class=\"wp-image-1361\" width=\"338\" height=\"356\" srcset=\"https:\/\/claro.fi\/en\/wp-content\/uploads\/sites\/3\/2020\/05\/johtamisen-filosofiamme-artikkelikuva.jpg 450w, https:\/\/claro.fi\/en\/wp-content\/uploads\/sites\/3\/2020\/05\/johtamisen-filosofiamme-artikkelikuva-285x300.jpg 285w\" sizes=\"auto, (max-width: 338px) 100vw, 338px\" \/><\/figure><\/div>\n<\/div>\n\n\n\n<div class=\"wp-block-column is-vertically-aligned-top col-lg-6 order-lg-1 ml-0 ticss-08f30e3c is-layout-flow wp-block-column-is-layout-flow\">\n<p>We all have our different personalities, traits, strengths and ways of working.\u00a0In\u00a0Claro we believe that great teams are made up of great personalities and having a well-rounded collection of different personalities. Creating a high-performing team is not just having people with the right skills and technical ability. <br> Working with people who are different than you may challenge your thinking and increase innovative thinking. <br>The greatest teams are able to utilize the versatility of the different personalities and their strengths.<\/p>\n\n\n\n<p>We use&nbsp;<a href=\"https:\/\/claro.fi\/en\/claro-tools\/narrative-big-five\/\"><strong>Narrative Big 5 personality assessment<\/strong><\/a>&nbsp;to help leaders and leadership teams to learn about their personality traits, strengths and opportunities and how to leverage them, improve communication and ensure the team is cohesive and high-performing.<\/p>\n<\/div>\n<\/div>\n\n\n\n<div style=\"height:50px\" aria-hidden=\"true\" class=\"wp-block-spacer\"><\/div>\n","protected":false},"excerpt":{"rendered":"<p>Our leadership philosophy&nbsp; We believe&nbsp;in&nbsp;clarity and simplicity&nbsp;in&nbsp;leadership and leadership development because leading is much easier when you know what needs to be done.&nbsp;Claro helps your leadership team to find out and focus on what is truly important and make clarity your strength. Organizational culture can be transformed and targets achieved by great leadership. We all [&hellip;]<\/p>\n","protected":false},"author":1,"featured_media":1018,"parent":13,"menu_order":10,"comment_status":"closed","ping_status":"closed","template":"keskitetty-sisalto-sivupohja.php","meta":{"_acf_changed":false,"_uag_custom_page_level_css":"","footnotes":""},"class_list":["post-189","page","type-page","status-publish","has-post-thumbnail","hentry"],"acf":[],"yoast_head":"<!-- This site is optimized with the Yoast SEO plugin v27.4 - https:\/\/yoast.com\/product\/yoast-seo-wordpress\/ -->\n<title>Our leadership philosophy - Claro Leaders Oy - EN<\/title>\n<meta name=\"robots\" content=\"index, follow, max-snippet:-1, max-image-preview:large, max-video-preview:-1\" \/>\n<link rel=\"canonical\" href=\"https:\/\/claro.fi\/en\/claro\/our-leadership-philosophy\/\" \/>\n<meta property=\"og:locale\" content=\"en_US\" \/>\n<meta property=\"og:type\" content=\"article\" \/>\n<meta property=\"og:title\" content=\"Our leadership philosophy - Claro Leaders Oy - EN\" \/>\n<meta property=\"og:description\" content=\"Our leadership philosophy&nbsp; We believe&nbsp;in&nbsp;clarity and simplicity&nbsp;in&nbsp;leadership and leadership development because leading is much easier when you know what needs to be done.&nbsp;Claro helps your leadership team to find out and focus on what is truly important and make clarity your strength. Organizational culture can be transformed and targets achieved by great leadership. We all [&hellip;]\" \/>\n<meta property=\"og:url\" content=\"https:\/\/claro.fi\/en\/claro\/our-leadership-philosophy\/\" \/>\n<meta property=\"og:site_name\" content=\"Claro Leaders Oy - EN\" \/>\n<meta property=\"article:modified_time\" content=\"2020-06-04T14:48:19+00:00\" \/>\n<meta property=\"og:image\" content=\"https:\/\/claro.fi\/en\/wp-content\/uploads\/sites\/3\/2020\/04\/claro-johtamisen-filosofiamme-paakuva.jpg\" \/>\n\t<meta property=\"og:image:width\" content=\"1920\" \/>\n\t<meta property=\"og:image:height\" content=\"1080\" \/>\n\t<meta property=\"og:image:type\" content=\"image\/jpeg\" \/>\n<meta name=\"twitter:card\" content=\"summary_large_image\" \/>\n<meta name=\"twitter:label1\" content=\"Est. reading time\" \/>\n\t<meta name=\"twitter:data1\" content=\"1 minute\" \/>\n<script type=\"application\/ld+json\" class=\"yoast-schema-graph\">{\"@context\":\"https:\\\/\\\/schema.org\",\"@graph\":[{\"@type\":\"WebPage\",\"@id\":\"https:\\\/\\\/claro.fi\\\/en\\\/claro\\\/our-leadership-philosophy\\\/\",\"url\":\"https:\\\/\\\/claro.fi\\\/en\\\/claro\\\/our-leadership-philosophy\\\/\",\"name\":\"Our leadership philosophy - Claro Leaders Oy - EN\",\"isPartOf\":{\"@id\":\"\\\/#website\"},\"primaryImageOfPage\":{\"@id\":\"https:\\\/\\\/claro.fi\\\/en\\\/claro\\\/our-leadership-philosophy\\\/#primaryimage\"},\"image\":{\"@id\":\"https:\\\/\\\/claro.fi\\\/en\\\/claro\\\/our-leadership-philosophy\\\/#primaryimage\"},\"thumbnailUrl\":\"https:\\\/\\\/claro.fi\\\/en\\\/wp-content\\\/uploads\\\/sites\\\/3\\\/2020\\\/04\\\/claro-johtamisen-filosofiamme-paakuva.jpg\",\"datePublished\":\"2020-04-12T16:48:04+00:00\",\"dateModified\":\"2020-06-04T14:48:19+00:00\",\"breadcrumb\":{\"@id\":\"https:\\\/\\\/claro.fi\\\/en\\\/claro\\\/our-leadership-philosophy\\\/#breadcrumb\"},\"inLanguage\":\"en-US\",\"potentialAction\":[{\"@type\":\"ReadAction\",\"target\":[\"https:\\\/\\\/claro.fi\\\/en\\\/claro\\\/our-leadership-philosophy\\\/\"]}]},{\"@type\":\"ImageObject\",\"inLanguage\":\"en-US\",\"@id\":\"https:\\\/\\\/claro.fi\\\/en\\\/claro\\\/our-leadership-philosophy\\\/#primaryimage\",\"url\":\"https:\\\/\\\/claro.fi\\\/en\\\/wp-content\\\/uploads\\\/sites\\\/3\\\/2020\\\/04\\\/claro-johtamisen-filosofiamme-paakuva.jpg\",\"contentUrl\":\"https:\\\/\\\/claro.fi\\\/en\\\/wp-content\\\/uploads\\\/sites\\\/3\\\/2020\\\/04\\\/claro-johtamisen-filosofiamme-paakuva.jpg\",\"width\":1920,\"height\":1080},{\"@type\":\"BreadcrumbList\",\"@id\":\"https:\\\/\\\/claro.fi\\\/en\\\/claro\\\/our-leadership-philosophy\\\/#breadcrumb\",\"itemListElement\":[{\"@type\":\"ListItem\",\"position\":1,\"name\":\"Home\",\"item\":\"https:\\\/\\\/claro.fi\\\/en\\\/\"},{\"@type\":\"ListItem\",\"position\":2,\"name\":\"Claro\",\"item\":\"https:\\\/\\\/claro.fi\\\/en\\\/claro\\\/\"},{\"@type\":\"ListItem\",\"position\":3,\"name\":\"Our leadership philosophy\"}]},{\"@type\":\"WebSite\",\"@id\":\"\\\/#website\",\"url\":\"\\\/\",\"name\":\"Claro Leaders Oy - EN\",\"description\":\"Claro Leaders Oy on erikoistunut hallitus- ja johtoryhm\u00e4ty\u00f6n mittaamiseen ja kehitt\u00e4miseen\",\"potentialAction\":[{\"@type\":\"SearchAction\",\"target\":{\"@type\":\"EntryPoint\",\"urlTemplate\":\"\\\/?s={search_term_string}\"},\"query-input\":{\"@type\":\"PropertyValueSpecification\",\"valueRequired\":true,\"valueName\":\"search_term_string\"}}],\"inLanguage\":\"en-US\"}]}<\/script>\n<!-- \/ Yoast SEO plugin. -->","yoast_head_json":{"title":"Our leadership philosophy - Claro Leaders Oy - EN","robots":{"index":"index","follow":"follow","max-snippet":"max-snippet:-1","max-image-preview":"max-image-preview:large","max-video-preview":"max-video-preview:-1"},"canonical":"https:\/\/claro.fi\/en\/claro\/our-leadership-philosophy\/","og_locale":"en_US","og_type":"article","og_title":"Our leadership philosophy - Claro Leaders Oy - EN","og_description":"Our leadership philosophy&nbsp; We believe&nbsp;in&nbsp;clarity and simplicity&nbsp;in&nbsp;leadership and leadership development because leading is much easier when you know what needs to be done.&nbsp;Claro helps your leadership team to find out and focus on what is truly important and make clarity your strength. Organizational culture can be transformed and targets achieved by great leadership. We all [&hellip;]","og_url":"https:\/\/claro.fi\/en\/claro\/our-leadership-philosophy\/","og_site_name":"Claro Leaders Oy - EN","article_modified_time":"2020-06-04T14:48:19+00:00","og_image":[{"width":1920,"height":1080,"url":"https:\/\/claro.fi\/en\/wp-content\/uploads\/sites\/3\/2020\/04\/claro-johtamisen-filosofiamme-paakuva.jpg","type":"image\/jpeg"}],"twitter_card":"summary_large_image","twitter_misc":{"Est. reading time":"1 minute"},"schema":{"@context":"https:\/\/schema.org","@graph":[{"@type":"WebPage","@id":"https:\/\/claro.fi\/en\/claro\/our-leadership-philosophy\/","url":"https:\/\/claro.fi\/en\/claro\/our-leadership-philosophy\/","name":"Our leadership philosophy - Claro Leaders Oy - EN","isPartOf":{"@id":"\/#website"},"primaryImageOfPage":{"@id":"https:\/\/claro.fi\/en\/claro\/our-leadership-philosophy\/#primaryimage"},"image":{"@id":"https:\/\/claro.fi\/en\/claro\/our-leadership-philosophy\/#primaryimage"},"thumbnailUrl":"https:\/\/claro.fi\/en\/wp-content\/uploads\/sites\/3\/2020\/04\/claro-johtamisen-filosofiamme-paakuva.jpg","datePublished":"2020-04-12T16:48:04+00:00","dateModified":"2020-06-04T14:48:19+00:00","breadcrumb":{"@id":"https:\/\/claro.fi\/en\/claro\/our-leadership-philosophy\/#breadcrumb"},"inLanguage":"en-US","potentialAction":[{"@type":"ReadAction","target":["https:\/\/claro.fi\/en\/claro\/our-leadership-philosophy\/"]}]},{"@type":"ImageObject","inLanguage":"en-US","@id":"https:\/\/claro.fi\/en\/claro\/our-leadership-philosophy\/#primaryimage","url":"https:\/\/claro.fi\/en\/wp-content\/uploads\/sites\/3\/2020\/04\/claro-johtamisen-filosofiamme-paakuva.jpg","contentUrl":"https:\/\/claro.fi\/en\/wp-content\/uploads\/sites\/3\/2020\/04\/claro-johtamisen-filosofiamme-paakuva.jpg","width":1920,"height":1080},{"@type":"BreadcrumbList","@id":"https:\/\/claro.fi\/en\/claro\/our-leadership-philosophy\/#breadcrumb","itemListElement":[{"@type":"ListItem","position":1,"name":"Home","item":"https:\/\/claro.fi\/en\/"},{"@type":"ListItem","position":2,"name":"Claro","item":"https:\/\/claro.fi\/en\/claro\/"},{"@type":"ListItem","position":3,"name":"Our leadership philosophy"}]},{"@type":"WebSite","@id":"\/#website","url":"\/","name":"Claro Leaders Oy - EN","description":"Claro Leaders Oy on erikoistunut hallitus- ja johtoryhm\u00e4ty\u00f6n mittaamiseen ja kehitt\u00e4miseen","potentialAction":[{"@type":"SearchAction","target":{"@type":"EntryPoint","urlTemplate":"\/?s={search_term_string}"},"query-input":{"@type":"PropertyValueSpecification","valueRequired":true,"valueName":"search_term_string"}}],"inLanguage":"en-US"}]}},"uagb_featured_image_src":{"full":["https:\/\/claro.fi\/en\/wp-content\/uploads\/sites\/3\/2020\/04\/claro-johtamisen-filosofiamme-paakuva.jpg",1920,1080,false],"thumbnail":["https:\/\/claro.fi\/en\/wp-content\/uploads\/sites\/3\/2020\/04\/claro-johtamisen-filosofiamme-paakuva-150x150.jpg",150,150,true],"medium":["https:\/\/claro.fi\/en\/wp-content\/uploads\/sites\/3\/2020\/04\/claro-johtamisen-filosofiamme-paakuva-300x169.jpg",300,169,true],"medium_large":["https:\/\/claro.fi\/en\/wp-content\/uploads\/sites\/3\/2020\/04\/claro-johtamisen-filosofiamme-paakuva-768x432.jpg",768,432,true],"large":["https:\/\/claro.fi\/en\/wp-content\/uploads\/sites\/3\/2020\/04\/claro-johtamisen-filosofiamme-paakuva-1024x576.jpg",1024,576,true],"1536x1536":["https:\/\/claro.fi\/en\/wp-content\/uploads\/sites\/3\/2020\/04\/claro-johtamisen-filosofiamme-paakuva-1536x864.jpg",1536,864,true],"2048x2048":["https:\/\/claro.fi\/en\/wp-content\/uploads\/sites\/3\/2020\/04\/claro-johtamisen-filosofiamme-paakuva.jpg",1920,1080,false]},"uagb_author_info":{"display_name":"admin","author_link":"https:\/\/claro.fi\/en\/news-and-blog\/author\/admin\/"},"uagb_comment_info":0,"uagb_excerpt":"Our leadership philosophy&nbsp; We believe&nbsp;in&nbsp;clarity and simplicity&nbsp;in&nbsp;leadership and leadership development because leading is much easier when you know what needs to be done.&nbsp;Claro helps your leadership team to find out and focus on what is truly important and make clarity your strength. Organizational culture can be transformed and targets achieved by great leadership. We all&hellip;","_links":{"self":[{"href":"https:\/\/claro.fi\/en\/wp-json\/wp\/v2\/pages\/189","targetHints":{"allow":["GET"]}}],"collection":[{"href":"https:\/\/claro.fi\/en\/wp-json\/wp\/v2\/pages"}],"about":[{"href":"https:\/\/claro.fi\/en\/wp-json\/wp\/v2\/types\/page"}],"author":[{"embeddable":true,"href":"https:\/\/claro.fi\/en\/wp-json\/wp\/v2\/users\/1"}],"replies":[{"embeddable":true,"href":"https:\/\/claro.fi\/en\/wp-json\/wp\/v2\/comments?post=189"}],"version-history":[{"count":28,"href":"https:\/\/claro.fi\/en\/wp-json\/wp\/v2\/pages\/189\/revisions"}],"predecessor-version":[{"id":1813,"href":"https:\/\/claro.fi\/en\/wp-json\/wp\/v2\/pages\/189\/revisions\/1813"}],"up":[{"embeddable":true,"href":"https:\/\/claro.fi\/en\/wp-json\/wp\/v2\/pages\/13"}],"wp:featuredmedia":[{"embeddable":true,"href":"https:\/\/claro.fi\/en\/wp-json\/wp\/v2\/media\/1018"}],"wp:attachment":[{"href":"https:\/\/claro.fi\/en\/wp-json\/wp\/v2\/media?parent=189"}],"curies":[{"name":"wp","href":"https:\/\/api.w.org\/{rel}","templated":true}]}}