{"id":16,"date":"2020-04-08T14:23:32","date_gmt":"2020-04-08T14:23:32","guid":{"rendered":"https:\/\/claro.fi\/en\/?page_id=16"},"modified":"2020-06-04T18:07:15","modified_gmt":"2020-06-04T15:07:15","slug":"leadership-solutions","status":"publish","type":"page","link":"https:\/\/claro.fi\/en\/leadership-solutions\/","title":{"rendered":"LEADERSHIP SOLUTIONS"},"content":{"rendered":"\n<div style=\"height:60px\" aria-hidden=\"true\" class=\"wp-block-spacer\"><\/div>\n\n\n\n<div class=\"wp-block-group ticss-99c7fe02\"><div class=\"wp-block-group__inner-container is-layout-flow wp-block-group-is-layout-flow\">\n<div class=\"wp-block-columns row row-eq-height is-layout-flex wp-container-core-columns-is-layout-9d6595d7 wp-block-columns-is-layout-flex\">\n<div class=\"wp-block-column col-lg-6 ml-0 sama-korkeus is-layout-flow wp-block-column-is-layout-flow\">\n<div class=\"wp-block-columns row row-eq-height is-layout-flex wp-container-core-columns-is-layout-9d6595d7 wp-block-columns-is-layout-flex\">\n<div class=\"wp-block-column col-lg-6 ml-0 mt-4 is-layout-flow wp-block-column-is-layout-flow\">\n<div class=\"wp-block-group has-background ticss-44eb2229 sama-korkeus\" style=\"background-color:#f3f2f1\"><div class=\"wp-block-group__inner-container is-layout-flow wp-block-group-is-layout-flow\">\n<h2 class=\"has-text-color wp-block-heading\" style=\"color:#0b186b\">Claro SELF<\/h2>\n\n\n\n<p style=\"color:#4e6c86\" class=\"has-text-color ticss-19466e84\">Increasing self-awareness and utilitization of your own personality\u00a0in\u00a0leadership<\/p>\n\n\n\n<ul class=\"wp-block-list\"><li><a href=\"https:\/\/claro.fi\/en\/claro-tools\/claro-coaching\/\">Executive coaching for top management and board members<\/a><\/li><li><a href=\"https:\/\/claro.fi\/en\/claro-tools\/clarometric-management-team\/\">Measuring of own leadership impact (e.g. mapping of the created emotional climate, effectiveness of own leadership processes)<\/a><\/li><li><a href=\"https:\/\/claro.fi\/en\/claro-tools\/narrative-big-five\/\">Individual Narrative Big Five Leadership profile<\/a><\/li><\/ul>\n<\/div><\/div>\n<\/div>\n\n\n\n<div class=\"wp-block-column col-lg-6 ml-0 mt-4 is-layout-flow wp-block-column-is-layout-flow\">\n<div class=\"wp-block-group has-very-dark-gray-color has-text-color has-background ticss-019e65d5 sama-korkeus\" style=\"background-color:#f3f2f1\"><div class=\"wp-block-group__inner-container is-layout-flow wp-block-group-is-layout-flow\">\n<h2 class=\"has-text-color wp-block-heading\" style=\"color:#0b186b\">Claro US<\/h2>\n\n\n\n<p style=\"color:#4e6c86\" class=\"has-text-color ticss-7e066115\">Creating an inspiring and effective leadership culture<\/p>\n\n\n\n<ul class=\"wp-block-list\"><li><a href=\"https:\/\/claro.fi\/en\/claro-tools\/clarometric-management-team\/\">Measuring and developing Board of Directors&#8217; and Management teams&#8217; functionality<\/a><\/li><li><a href=\"https:\/\/claro.fi\/en\/claro-tools\/narrative-big-five\/\">Analysing Board of Directors&#8217; and Management teams&#8217; dynamics through Narrative Big Five Team profiling<\/a><\/li><li><a href=\"https:\/\/claro.fi\/en\/claro-tools\/claro-management-audit\/\">Management Development Audit<\/a><\/li><\/ul>\n<\/div><\/div>\n<\/div>\n<\/div>\n<\/div>\n\n\n\n<div class=\"wp-block-column col-lg-6 ml-0 sama-korkeus is-layout-flow wp-block-column-is-layout-flow\">\n<div class=\"wp-block-columns row row-eq-height is-layout-flex wp-container-core-columns-is-layout-9d6595d7 wp-block-columns-is-layout-flex\">\n<div class=\"wp-block-column col-lg-6 ml-0 mt-4 sama-korkeus is-layout-flow wp-block-column-is-layout-flow\">\n<div class=\"wp-block-group has-background ticss-0bebca79 sama-korkeus\" style=\"background-color:#f3f2f1\"><div class=\"wp-block-group__inner-container is-layout-flow wp-block-group-is-layout-flow\">\n<h2 class=\"has-text-color wp-block-heading\" style=\"color:#0b186b\">Claro FOCUS<\/h2>\n\n\n\n<p style=\"color:#4e6c86\" class=\"has-text-color ticss-d63979e5\">Clarifying the direction, goals and priorities<\/p>\n\n\n\n<ul class=\"wp-block-list\"><li><a href=\"https:\/\/claro.fi\/en\/claro-tools\/claro-coaching\/\">Individual and team coaching by certified business coaches<\/a><\/li><li><a href=\"https:\/\/claro.fi\/en\/claro-tools\/claro-emotions\/\">&nbsp;Creating ways to clarify and execute strategy by utilising the power of emotions<\/a><\/li><li><a href=\"https:\/\/claro.fi\/en\/claro-tools\/claro-change-management\/\">Effective change management<\/a><\/li><\/ul>\n<\/div><\/div>\n<\/div>\n\n\n\n<div class=\"wp-block-column col-lg-6 ml-0 mt-4 sama-korkeus is-layout-flow wp-block-column-is-layout-flow\">\n<div class=\"wp-block-group has-background ticss-852e0cf7 sama-korkeus\" style=\"background-color:#f3f2f1\"><div class=\"wp-block-group__inner-container is-layout-flow wp-block-group-is-layout-flow\">\n<h2 class=\"has-text-color ticss-8da8993b wp-block-heading\" style=\"color:#0b186b\">Claro RESULTS <\/h2>\n\n\n\n<p style=\"color:#4e6c86\" class=\"has-text-color ticss-18bd82e4\">Developing ways of effective implementation and follow-up<\/p>\n\n\n\n<ul class=\"wp-block-list\"><li><a href=\"https:\/\/claro.fi\/en\/claro-tools\/clarometric-management-team\/\">&nbsp;Establishing culture of accountability<\/a><\/li><li><a href=\"https:\/\/claro.fi\/en\/claro-tools\/claro-time-management\/\">&nbsp;Ensuring deployment of effective follow up-practices<\/a><\/li><li><a href=\"https:\/\/claro.fi\/en\/claro-tools\/resilience-profile\/\">Measuring the success of change initiatives<\/a><\/li><\/ul>\n<\/div><\/div>\n<\/div>\n<\/div>\n<\/div>\n<\/div>\n<\/div><\/div>\n\n\n\n<div style=\"height:80px\" aria-hidden=\"true\" class=\"wp-block-spacer\"><\/div>\n\n\n\n<div class=\"wp-block-group container\"><div class=\"wp-block-group__inner-container is-layout-flow wp-block-group-is-layout-flow\">\n<p style=\"color:#0b186b\" class=\"has-text-color has-text-align-center has-medium-font-size\"><strong>We at Claro really listen to your needs and respond with tailor made solutions &#8211; for your success!<\/strong><\/p>\n<\/div><\/div>\n\n\n\n<div style=\"height:50px\" aria-hidden=\"true\" class=\"wp-block-spacer\"><\/div>\n\n\n\n<style>\n\/* \u00c4L\u00c4 POISTA T\u00c4T\u00c4 OSIOTA. T\u00c4M\u00c4 TUOTTAA NUOLET KYSEISILLE HARMAILLE LISTOILLE SEK\u00c4 MUITA S\u00c4\u00c4T\u00d6J\u00c4*\/\n.page-content ul {\n  position: relative;\n  list-style: none;\n}\n\n.page-content li::before {\n  content: '\\2192';\n  position: absolute;\n  left: 0;\n}\n.page-content ul li {\n  color: #212529!important;\nmargin-top: 10px;\n}\n.page-content ul li a{\n  color: #212529!important;\nmargin-top: 10px;\n}\n.page-content  .wp-block-columns {\nmargin-bottom: 0px!important\n}\n<\/style>\n\n\n\n<p><\/p>\n","protected":false},"excerpt":{"rendered":"<p>Claro SELF Increasing self-awareness and utilitization of your own personality\u00a0in\u00a0leadership Executive coaching for top management and board members Measuring of own leadership impact (e.g. mapping of the created emotional climate, effectiveness of own leadership processes) Individual Narrative Big Five Leadership profile Claro US Creating an inspiring and effective leadership culture Measuring and developing Board of [&hellip;]<\/p>\n","protected":false},"author":1,"featured_media":868,"parent":0,"menu_order":0,"comment_status":"closed","ping_status":"closed","template":"Normaali-sivupohja.php","meta":{"_acf_changed":false,"_uag_custom_page_level_css":"","footnotes":""},"class_list":["post-16","page","type-page","status-publish","has-post-thumbnail","hentry"],"acf":[],"yoast_head":"<!-- This site is optimized with the Yoast SEO plugin v27.4 - https:\/\/yoast.com\/product\/yoast-seo-wordpress\/ -->\n<title>LEADERSHIP SOLUTIONS - Claro Leaders Oy - EN<\/title>\n<meta name=\"description\" content=\"Johtamisen ratkaisuihimme kuuluu johtoryhm\u00e4ty\u00f6n arviointi ja kehitt\u00e4minen, johtamisen arviointi ja kehitt\u00e4minen, 360 analyysit, ylimm\u00e4n johdon coaching, business coaching, Big Five persoonallisuusanalyysit &amp; Big Five sertifioinnit.\" \/>\n<meta name=\"robots\" content=\"index, follow, max-snippet:-1, max-image-preview:large, max-video-preview:-1\" \/>\n<link rel=\"canonical\" href=\"https:\/\/claro.fi\/en\/leadership-solutions\/\" \/>\n<meta property=\"og:locale\" content=\"en_US\" \/>\n<meta property=\"og:type\" content=\"article\" \/>\n<meta property=\"og:title\" content=\"Johtamisen ratkaisumme - Claro Leaders Oy\" \/>\n<meta property=\"og:description\" content=\"Johtamisen ratkaisuihimme kuuluu johtoryhm\u00e4ty\u00f6n arviointi ja kehitt\u00e4minen, johtamisen arviointi ja kehitt\u00e4minen, 360 analyysit, ylimm\u00e4n johdon coaching, business coaching, Big Five persoonallisuusanalyysit &amp; Big Five sertifioinnit.\" \/>\n<meta property=\"og:url\" content=\"https:\/\/claro.fi\/en\/leadership-solutions\/\" \/>\n<meta property=\"og:site_name\" content=\"Claro Leaders Oy - EN\" \/>\n<meta property=\"article:modified_time\" content=\"2020-06-04T15:07:15+00:00\" \/>\n<meta property=\"og:image\" content=\"https:\/\/claro.fi\/en\/wp-content\/uploads\/sites\/3\/2020\/05\/claro-somejakokuva.png\" \/>\n\t<meta property=\"og:image:width\" content=\"1200\" \/>\n\t<meta property=\"og:image:height\" content=\"630\" \/>\n\t<meta property=\"og:image:type\" content=\"image\/png\" \/>\n<meta name=\"twitter:card\" content=\"summary_large_image\" \/>\n<meta name=\"twitter:title\" content=\"Johtamisen ratkaisumme - Claro Leaders Oy\" \/>\n<meta name=\"twitter:description\" content=\"Johtamisen ratkaisuihimme kuuluu johtoryhm\u00e4ty\u00f6n arviointi ja kehitt\u00e4minen, johtamisen arviointi ja kehitt\u00e4minen, 360 analyysit, ylimm\u00e4n johdon coaching, business coaching, Big Five persoonallisuusanalyysit &amp; Big Five sertifioinnit.\" \/>\n<meta name=\"twitter:image\" content=\"https:\/\/claro.fi\/en\/wp-content\/uploads\/sites\/3\/2020\/05\/claro-somejakokuva.png\" \/>\n<meta name=\"twitter:label1\" content=\"Est. reading time\" \/>\n\t<meta name=\"twitter:data1\" content=\"1 minute\" \/>\n<script type=\"application\/ld+json\" class=\"yoast-schema-graph\">{\"@context\":\"https:\\\/\\\/schema.org\",\"@graph\":[{\"@type\":\"WebPage\",\"@id\":\"https:\\\/\\\/claro.fi\\\/en\\\/leadership-solutions\\\/\",\"url\":\"https:\\\/\\\/claro.fi\\\/en\\\/leadership-solutions\\\/\",\"name\":\"LEADERSHIP SOLUTIONS - Claro Leaders Oy - EN\",\"isPartOf\":{\"@id\":\"\\\/#website\"},\"primaryImageOfPage\":{\"@id\":\"https:\\\/\\\/claro.fi\\\/en\\\/leadership-solutions\\\/#primaryimage\"},\"image\":{\"@id\":\"https:\\\/\\\/claro.fi\\\/en\\\/leadership-solutions\\\/#primaryimage\"},\"thumbnailUrl\":\"https:\\\/\\\/claro.fi\\\/en\\\/wp-content\\\/uploads\\\/sites\\\/3\\\/2020\\\/04\\\/Claro-johtamisen-ratkaisumme-paakuva.jpg\",\"datePublished\":\"2020-04-08T14:23:32+00:00\",\"dateModified\":\"2020-06-04T15:07:15+00:00\",\"description\":\"Johtamisen ratkaisuihimme kuuluu johtoryhm\u00e4ty\u00f6n arviointi ja kehitt\u00e4minen, johtamisen arviointi ja kehitt\u00e4minen, 360 analyysit, ylimm\u00e4n johdon coaching, business coaching, Big Five persoonallisuusanalyysit & Big Five sertifioinnit.\",\"breadcrumb\":{\"@id\":\"https:\\\/\\\/claro.fi\\\/en\\\/leadership-solutions\\\/#breadcrumb\"},\"inLanguage\":\"en-US\",\"potentialAction\":[{\"@type\":\"ReadAction\",\"target\":[\"https:\\\/\\\/claro.fi\\\/en\\\/leadership-solutions\\\/\"]}]},{\"@type\":\"ImageObject\",\"inLanguage\":\"en-US\",\"@id\":\"https:\\\/\\\/claro.fi\\\/en\\\/leadership-solutions\\\/#primaryimage\",\"url\":\"https:\\\/\\\/claro.fi\\\/en\\\/wp-content\\\/uploads\\\/sites\\\/3\\\/2020\\\/04\\\/Claro-johtamisen-ratkaisumme-paakuva.jpg\",\"contentUrl\":\"https:\\\/\\\/claro.fi\\\/en\\\/wp-content\\\/uploads\\\/sites\\\/3\\\/2020\\\/04\\\/Claro-johtamisen-ratkaisumme-paakuva.jpg\",\"width\":900,\"height\":600},{\"@type\":\"BreadcrumbList\",\"@id\":\"https:\\\/\\\/claro.fi\\\/en\\\/leadership-solutions\\\/#breadcrumb\",\"itemListElement\":[{\"@type\":\"ListItem\",\"position\":1,\"name\":\"Home\",\"item\":\"https:\\\/\\\/claro.fi\\\/en\\\/\"},{\"@type\":\"ListItem\",\"position\":2,\"name\":\"LEADERSHIP SOLUTIONS\"}]},{\"@type\":\"WebSite\",\"@id\":\"\\\/#website\",\"url\":\"\\\/\",\"name\":\"Claro Leaders Oy - EN\",\"description\":\"Claro Leaders Oy on erikoistunut hallitus- ja johtoryhm\u00e4ty\u00f6n mittaamiseen ja kehitt\u00e4miseen\",\"potentialAction\":[{\"@type\":\"SearchAction\",\"target\":{\"@type\":\"EntryPoint\",\"urlTemplate\":\"\\\/?s={search_term_string}\"},\"query-input\":{\"@type\":\"PropertyValueSpecification\",\"valueRequired\":true,\"valueName\":\"search_term_string\"}}],\"inLanguage\":\"en-US\"}]}<\/script>\n<!-- \/ Yoast SEO plugin. -->","yoast_head_json":{"title":"LEADERSHIP SOLUTIONS - Claro Leaders Oy - EN","description":"Johtamisen ratkaisuihimme kuuluu johtoryhm\u00e4ty\u00f6n arviointi ja kehitt\u00e4minen, johtamisen arviointi ja kehitt\u00e4minen, 360 analyysit, ylimm\u00e4n johdon coaching, business coaching, Big Five persoonallisuusanalyysit & Big Five sertifioinnit.","robots":{"index":"index","follow":"follow","max-snippet":"max-snippet:-1","max-image-preview":"max-image-preview:large","max-video-preview":"max-video-preview:-1"},"canonical":"https:\/\/claro.fi\/en\/leadership-solutions\/","og_locale":"en_US","og_type":"article","og_title":"Johtamisen ratkaisumme - Claro Leaders Oy","og_description":"Johtamisen ratkaisuihimme kuuluu johtoryhm\u00e4ty\u00f6n arviointi ja kehitt\u00e4minen, johtamisen arviointi ja kehitt\u00e4minen, 360 analyysit, ylimm\u00e4n johdon coaching, business coaching, Big Five persoonallisuusanalyysit & Big Five sertifioinnit.","og_url":"https:\/\/claro.fi\/en\/leadership-solutions\/","og_site_name":"Claro Leaders Oy - EN","article_modified_time":"2020-06-04T15:07:15+00:00","og_image":[{"width":1200,"height":630,"url":"https:\/\/claro.fi\/en\/wp-content\/uploads\/sites\/3\/2020\/05\/claro-somejakokuva.png","type":"image\/png"}],"twitter_card":"summary_large_image","twitter_title":"Johtamisen ratkaisumme - Claro Leaders Oy","twitter_description":"Johtamisen ratkaisuihimme kuuluu johtoryhm\u00e4ty\u00f6n arviointi ja kehitt\u00e4minen, johtamisen arviointi ja kehitt\u00e4minen, 360 analyysit, ylimm\u00e4n johdon coaching, business coaching, Big Five persoonallisuusanalyysit & Big Five sertifioinnit.","twitter_image":"https:\/\/claro.fi\/en\/wp-content\/uploads\/sites\/3\/2020\/05\/claro-somejakokuva.png","twitter_misc":{"Est. reading time":"1 minute"},"schema":{"@context":"https:\/\/schema.org","@graph":[{"@type":"WebPage","@id":"https:\/\/claro.fi\/en\/leadership-solutions\/","url":"https:\/\/claro.fi\/en\/leadership-solutions\/","name":"LEADERSHIP SOLUTIONS - Claro Leaders Oy - EN","isPartOf":{"@id":"\/#website"},"primaryImageOfPage":{"@id":"https:\/\/claro.fi\/en\/leadership-solutions\/#primaryimage"},"image":{"@id":"https:\/\/claro.fi\/en\/leadership-solutions\/#primaryimage"},"thumbnailUrl":"https:\/\/claro.fi\/en\/wp-content\/uploads\/sites\/3\/2020\/04\/Claro-johtamisen-ratkaisumme-paakuva.jpg","datePublished":"2020-04-08T14:23:32+00:00","dateModified":"2020-06-04T15:07:15+00:00","description":"Johtamisen ratkaisuihimme kuuluu johtoryhm\u00e4ty\u00f6n arviointi ja kehitt\u00e4minen, johtamisen arviointi ja kehitt\u00e4minen, 360 analyysit, ylimm\u00e4n johdon coaching, business coaching, Big Five persoonallisuusanalyysit & Big Five sertifioinnit.","breadcrumb":{"@id":"https:\/\/claro.fi\/en\/leadership-solutions\/#breadcrumb"},"inLanguage":"en-US","potentialAction":[{"@type":"ReadAction","target":["https:\/\/claro.fi\/en\/leadership-solutions\/"]}]},{"@type":"ImageObject","inLanguage":"en-US","@id":"https:\/\/claro.fi\/en\/leadership-solutions\/#primaryimage","url":"https:\/\/claro.fi\/en\/wp-content\/uploads\/sites\/3\/2020\/04\/Claro-johtamisen-ratkaisumme-paakuva.jpg","contentUrl":"https:\/\/claro.fi\/en\/wp-content\/uploads\/sites\/3\/2020\/04\/Claro-johtamisen-ratkaisumme-paakuva.jpg","width":900,"height":600},{"@type":"BreadcrumbList","@id":"https:\/\/claro.fi\/en\/leadership-solutions\/#breadcrumb","itemListElement":[{"@type":"ListItem","position":1,"name":"Home","item":"https:\/\/claro.fi\/en\/"},{"@type":"ListItem","position":2,"name":"LEADERSHIP SOLUTIONS"}]},{"@type":"WebSite","@id":"\/#website","url":"\/","name":"Claro Leaders Oy - EN","description":"Claro Leaders Oy on erikoistunut hallitus- ja johtoryhm\u00e4ty\u00f6n mittaamiseen ja kehitt\u00e4miseen","potentialAction":[{"@type":"SearchAction","target":{"@type":"EntryPoint","urlTemplate":"\/?s={search_term_string}"},"query-input":{"@type":"PropertyValueSpecification","valueRequired":true,"valueName":"search_term_string"}}],"inLanguage":"en-US"}]}},"uagb_featured_image_src":{"full":["https:\/\/claro.fi\/en\/wp-content\/uploads\/sites\/3\/2020\/04\/Claro-johtamisen-ratkaisumme-paakuva.jpg",900,600,false],"thumbnail":["https:\/\/claro.fi\/en\/wp-content\/uploads\/sites\/3\/2020\/04\/Claro-johtamisen-ratkaisumme-paakuva-150x150.jpg",150,150,true],"medium":["https:\/\/claro.fi\/en\/wp-content\/uploads\/sites\/3\/2020\/04\/Claro-johtamisen-ratkaisumme-paakuva-300x200.jpg",300,200,true],"medium_large":["https:\/\/claro.fi\/en\/wp-content\/uploads\/sites\/3\/2020\/04\/Claro-johtamisen-ratkaisumme-paakuva-768x512.jpg",768,512,true],"large":["https:\/\/claro.fi\/en\/wp-content\/uploads\/sites\/3\/2020\/04\/Claro-johtamisen-ratkaisumme-paakuva.jpg",900,600,false],"1536x1536":["https:\/\/claro.fi\/en\/wp-content\/uploads\/sites\/3\/2020\/04\/Claro-johtamisen-ratkaisumme-paakuva.jpg",900,600,false],"2048x2048":["https:\/\/claro.fi\/en\/wp-content\/uploads\/sites\/3\/2020\/04\/Claro-johtamisen-ratkaisumme-paakuva.jpg",900,600,false]},"uagb_author_info":{"display_name":"admin","author_link":"https:\/\/claro.fi\/en\/news-and-blog\/author\/admin\/"},"uagb_comment_info":0,"uagb_excerpt":"Claro SELF Increasing self-awareness and utilitization of your own personality\u00a0in\u00a0leadership Executive coaching for top management and board members Measuring of own leadership impact (e.g. mapping of the created emotional climate, effectiveness of own leadership processes) Individual Narrative Big Five Leadership profile Claro US Creating an inspiring and effective leadership culture Measuring and developing Board of&hellip;","_links":{"self":[{"href":"https:\/\/claro.fi\/en\/wp-json\/wp\/v2\/pages\/16","targetHints":{"allow":["GET"]}}],"collection":[{"href":"https:\/\/claro.fi\/en\/wp-json\/wp\/v2\/pages"}],"about":[{"href":"https:\/\/claro.fi\/en\/wp-json\/wp\/v2\/types\/page"}],"author":[{"embeddable":true,"href":"https:\/\/claro.fi\/en\/wp-json\/wp\/v2\/users\/1"}],"replies":[{"embeddable":true,"href":"https:\/\/claro.fi\/en\/wp-json\/wp\/v2\/comments?post=16"}],"version-history":[{"count":27,"href":"https:\/\/claro.fi\/en\/wp-json\/wp\/v2\/pages\/16\/revisions"}],"predecessor-version":[{"id":1827,"href":"https:\/\/claro.fi\/en\/wp-json\/wp\/v2\/pages\/16\/revisions\/1827"}],"wp:featuredmedia":[{"embeddable":true,"href":"https:\/\/claro.fi\/en\/wp-json\/wp\/v2\/media\/868"}],"wp:attachment":[{"href":"https:\/\/claro.fi\/en\/wp-json\/wp\/v2\/media?parent=16"}],"curies":[{"name":"wp","href":"https:\/\/api.w.org\/{rel}","templated":true}]}}